{"id":1915,"date":"2024-04-09T19:13:28","date_gmt":"2024-04-09T19:13:28","guid":{"rendered":"https:\/\/in-memoriam.si\/limitation-of-liability\/"},"modified":"2024-05-11T20:08:00","modified_gmt":"2024-05-11T20:08:00","slug":"limitation-of-liability","status":"publish","type":"page","link":"https:\/\/in-memoriam.si\/en\/limitation-of-liability\/","title":{"rendered":"Limitation of liability"},"content":{"rendered":"<div class=\"wpb-content-wrapper\"><p>[vc_row][vc_column][vc_custom_heading text=&#8221;LIMITATION OF LIABILITY&#8221; use_theme_fonts=&#8221;yes&#8221;][vc_separator wd_hide_on_desktop=&#8221;no&#8221; wd_hide_on_tablet=&#8221;no&#8221; wd_hide_on_mobile=&#8221;no&#8221;][\/vc_column][\/vc_row][vc_row][vc_column]\t\t<div id=\"wd-663b24900a5f8\" class=\"wd-text-block wd-wpb reset-last-child wd-rs-663b24900a5f8 text-left wd-fontsize-m \">\n\t\t\t<div class=\"vc_row wpb_row vc_row-fluid\">\n<div class=\"wpb_column vc_column_container vc_col-sm-12\">\n<div class=\"vc_column-inner\">\n<div class=\"wpb_wrapper\">\n<div class=\"vc_separator wpb_content_element vc_separator_align_center vc_sep_width_100 vc_sep_pos_align_center vc_separator_no_text vc_sep_color_green\"><\/div>\n<\/div>\n<\/div>\n<\/div>\n<\/div>\n<div class=\"vc_row wpb_row vc_row-fluid\">\n<div class=\"wpb_column vc_column_container vc_col-sm-12\">\n<div class=\"vc_column-inner\">\n<div class=\"wpb_wrapper\">\n<div class=\"wpb_text_column wpb_content_element\">\n<div class=\"wpb_wrapper\">\n<p>Foto \u0160imonka, Jolanda \u0160imonka Mili\u010d s.p. shall not be held liable for any complications or problems that may arise from the improper use of the goods\/services.<\/p>\n<p>The company Foto \u0160imonka, Jolanda \u0160imonka Mili\u010d s.p., is not responsible for any occasional problems with the operation of the website www.in-memoriam.si, any inaccuracy of the information, nor for any damage caused by the use of inaccurate or incomplete information.<\/p>\n<p>Foto \u0160imonka, Jolanda \u0160imonka Mili\u010d s.p. does its best to ensure that the information published on the website is up-to-date and correct. However, the characteristics of the items, the delivery date or the price may change so quickly that the company is unable to correct the published information. In such a case, we will inform the customer of the changes and give the customer the opportunity to withdraw from the contract or to exchange the item ordered. All product photos are symbolic and do not guarantee the product characteristics.<\/p>\n<p>Foto \u0160imonka s.p. reserves the right to withdraw from the contract or. the performance of the contract if a manifest error is established (Art. 46 CC). A manifest error is a defect in the essential characteristics of the goods and any error which, according to the custom of the trade or the intention of the parties, is considered to be decisive and which Foto \u0160imonka s.p. would not have acknowledged or concluded the contract if it had known of it. This includes obvious pricing errors that may be due to technical or other problems.<\/p>\n<p>Foto \u0160imonka s.p. assumes no responsibility for the copyright of the submitted texts, their correctness or any grammatical or other errors in the text. For this reason, the Client checks all elements of the pages before publication and approves or rejects the publication of the same.<\/p>\n<p>&nbsp;<\/p>\n<\/div>\n<\/div>\n<\/div>\n<\/div>\n<\/div>\n<\/div>\n\t\t<\/div>\n\t\t[\/vc_column][\/vc_row]<\/p>\n<\/div>","protected":false},"excerpt":{"rendered":"<p>[vc_row][vc_column][vc_custom_heading text=&#8221;LIMITATION OF LIABILITY&#8221; use_theme_fonts=&#8221;yes&#8221;][vc_separator wd_hide_on_desktop=&#8221;no&#8221; wd_hide_on_tablet=&#8221;no&#8221; wd_hide_on_mobile=&#8221;no&#8221;][\/vc_column][\/vc_row][vc_row][vc_column][\/vc_column][\/vc_row]<\/p>\n","protected":false},"author":1,"featured_media":0,"parent":0,"menu_order":0,"comment_status":"closed","ping_status":"closed","template":"","meta":{"footnotes":""},"yoast_head":"<!-- This site is optimized with the Yoast SEO Premium plugin v23.5 (Yoast SEO v24.5) - https:\/\/yoast.com\/wordpress\/plugins\/seo\/ -->\n<title>Limitation of liability - in memoriam<\/title>\n<meta name=\"robots\" content=\"index, follow, max-snippet:-1, max-image-preview:large, max-video-preview:-1\" \/>\n<link rel=\"canonical\" href=\"https:\/\/in-memoriam.si\/en\/limitation-of-liability\/\" \/>\n<meta property=\"og:locale\" content=\"en_US\" \/>\n<meta property=\"og:type\" content=\"article\" \/>\n<meta property=\"og:title\" content=\"Limitation of liability\" \/>\n<meta property=\"og:description\" content=\"[vc_row][vc_column][vc_custom_heading text=&#8221;LIMITATION OF LIABILITY&#8221; use_theme_fonts=&#8221;yes&#8221;][vc_separator wd_hide_on_desktop=&#8221;no&#8221; wd_hide_on_tablet=&#8221;no&#8221; wd_hide_on_mobile=&#8221;no&#8221;][\/vc_column][\/vc_row][vc_row][vc_column][\/vc_column][\/vc_row]\" \/>\n<meta property=\"og:url\" content=\"https:\/\/in-memoriam.si\/en\/limitation-of-liability\/\" \/>\n<meta property=\"og:site_name\" content=\"in memoriam\" \/>\n<meta property=\"article:publisher\" content=\"https:\/\/www.facebook.com\/FotoSimonka\" \/>\n<meta property=\"article:modified_time\" content=\"2024-05-11T20:08:00+00:00\" \/>\n<meta property=\"og:image\" content=\"https:\/\/in-memoriam.si\/wp-content\/uploads\/2024\/05\/inmemoriam-014.webp\" \/>\n\t<meta property=\"og:image:width\" content=\"2200\" \/>\n\t<meta property=\"og:image:height\" content=\"1257\" \/>\n\t<meta property=\"og:image:type\" content=\"image\/webp\" \/>\n<meta name=\"twitter:card\" content=\"summary_large_image\" \/>\n<meta name=\"twitter:label1\" content=\"Est. reading time\" \/>\n\t<meta name=\"twitter:data1\" content=\"2 minutes\" \/>\n<script type=\"application\/ld+json\" class=\"yoast-schema-graph\">{\"@context\":\"https:\/\/schema.org\",\"@graph\":[{\"@type\":\"WebPage\",\"@id\":\"https:\/\/in-memoriam.si\/en\/limitation-of-liability\/\",\"url\":\"https:\/\/in-memoriam.si\/en\/limitation-of-liability\/\",\"name\":\"Limitation of liability - in memoriam\",\"isPartOf\":{\"@id\":\"https:\/\/in-memoriam.si\/en\/#website\"},\"datePublished\":\"2024-04-09T19:13:28+00:00\",\"dateModified\":\"2024-05-11T20:08:00+00:00\",\"breadcrumb\":{\"@id\":\"https:\/\/in-memoriam.si\/en\/limitation-of-liability\/#breadcrumb\"},\"inLanguage\":\"en-US\",\"potentialAction\":[{\"@type\":\"ReadAction\",\"target\":[\"https:\/\/in-memoriam.si\/en\/limitation-of-liability\/\"]}]},{\"@type\":\"BreadcrumbList\",\"@id\":\"https:\/\/in-memoriam.si\/en\/limitation-of-liability\/#breadcrumb\",\"itemListElement\":[{\"@type\":\"ListItem\",\"position\":1,\"name\":\"Home\",\"item\":\"https:\/\/in-memoriam.si\/en\/in-memoriam\/\"},{\"@type\":\"ListItem\",\"position\":2,\"name\":\"Limitation of liability\"}]},{\"@type\":\"WebSite\",\"@id\":\"https:\/\/in-memoriam.si\/en\/#website\",\"url\":\"https:\/\/in-memoriam.si\/en\/\",\"name\":\"in memoriam - v spomin\",\"description\":\"spomini na na&scaron;e drage pokojne\",\"publisher\":{\"@id\":\"https:\/\/in-memoriam.si\/en\/#organization\"},\"alternateName\":\"Plo\u0161\u010dice s QR kodo\",\"potentialAction\":[{\"@type\":\"SearchAction\",\"target\":{\"@type\":\"EntryPoint\",\"urlTemplate\":\"https:\/\/in-memoriam.si\/en\/?s={search_term_string}\"},\"query-input\":{\"@type\":\"PropertyValueSpecification\",\"valueRequired\":true,\"valueName\":\"search_term_string\"}}],\"inLanguage\":\"en-US\"},{\"@type\":\"Organization\",\"@id\":\"https:\/\/in-memoriam.si\/en\/#organization\",\"name\":\"in memoriam\",\"url\":\"https:\/\/in-memoriam.si\/en\/\",\"logo\":{\"@type\":\"ImageObject\",\"inLanguage\":\"en-US\",\"@id\":\"https:\/\/in-memoriam.si\/en\/#\/schema\/logo\/image\/\",\"url\":\"https:\/\/in-memoriam.si\/wp-content\/uploads\/2024\/04\/inmemoriam-web-logo.webp\",\"contentUrl\":\"https:\/\/in-memoriam.si\/wp-content\/uploads\/2024\/04\/inmemoriam-web-logo.webp\",\"width\":300,\"height\":50,\"caption\":\"in memoriam\"},\"image\":{\"@id\":\"https:\/\/in-memoriam.si\/en\/#\/schema\/logo\/image\/\"},\"sameAs\":[\"https:\/\/www.facebook.com\/FotoSimonka\"]}]}<\/script>\n<!-- \/ Yoast SEO Premium plugin. -->","yoast_head_json":{"title":"Limitation of liability - in memoriam","robots":{"index":"index","follow":"follow","max-snippet":"max-snippet:-1","max-image-preview":"max-image-preview:large","max-video-preview":"max-video-preview:-1"},"canonical":"https:\/\/in-memoriam.si\/en\/limitation-of-liability\/","og_locale":"en_US","og_type":"article","og_title":"Limitation of liability","og_description":"[vc_row][vc_column][vc_custom_heading text=&#8221;LIMITATION OF LIABILITY&#8221; use_theme_fonts=&#8221;yes&#8221;][vc_separator wd_hide_on_desktop=&#8221;no&#8221; wd_hide_on_tablet=&#8221;no&#8221; wd_hide_on_mobile=&#8221;no&#8221;][\/vc_column][\/vc_row][vc_row][vc_column][\/vc_column][\/vc_row]","og_url":"https:\/\/in-memoriam.si\/en\/limitation-of-liability\/","og_site_name":"in memoriam","article_publisher":"https:\/\/www.facebook.com\/FotoSimonka","article_modified_time":"2024-05-11T20:08:00+00:00","og_image":[{"width":2200,"height":1257,"url":"https:\/\/in-memoriam.si\/wp-content\/uploads\/2024\/05\/inmemoriam-014.webp","type":"image\/webp"}],"twitter_card":"summary_large_image","twitter_misc":{"Est. reading time":"2 minutes"},"schema":{"@context":"https:\/\/schema.org","@graph":[{"@type":"WebPage","@id":"https:\/\/in-memoriam.si\/en\/limitation-of-liability\/","url":"https:\/\/in-memoriam.si\/en\/limitation-of-liability\/","name":"Limitation of liability - in memoriam","isPartOf":{"@id":"https:\/\/in-memoriam.si\/en\/#website"},"datePublished":"2024-04-09T19:13:28+00:00","dateModified":"2024-05-11T20:08:00+00:00","breadcrumb":{"@id":"https:\/\/in-memoriam.si\/en\/limitation-of-liability\/#breadcrumb"},"inLanguage":"en-US","potentialAction":[{"@type":"ReadAction","target":["https:\/\/in-memoriam.si\/en\/limitation-of-liability\/"]}]},{"@type":"BreadcrumbList","@id":"https:\/\/in-memoriam.si\/en\/limitation-of-liability\/#breadcrumb","itemListElement":[{"@type":"ListItem","position":1,"name":"Home","item":"https:\/\/in-memoriam.si\/en\/in-memoriam\/"},{"@type":"ListItem","position":2,"name":"Limitation of liability"}]},{"@type":"WebSite","@id":"https:\/\/in-memoriam.si\/en\/#website","url":"https:\/\/in-memoriam.si\/en\/","name":"in memoriam - v spomin","description":"spomini na na&scaron;e drage pokojne","publisher":{"@id":"https:\/\/in-memoriam.si\/en\/#organization"},"alternateName":"Plo\u0161\u010dice s QR kodo","potentialAction":[{"@type":"SearchAction","target":{"@type":"EntryPoint","urlTemplate":"https:\/\/in-memoriam.si\/en\/?s={search_term_string}"},"query-input":{"@type":"PropertyValueSpecification","valueRequired":true,"valueName":"search_term_string"}}],"inLanguage":"en-US"},{"@type":"Organization","@id":"https:\/\/in-memoriam.si\/en\/#organization","name":"in memoriam","url":"https:\/\/in-memoriam.si\/en\/","logo":{"@type":"ImageObject","inLanguage":"en-US","@id":"https:\/\/in-memoriam.si\/en\/#\/schema\/logo\/image\/","url":"https:\/\/in-memoriam.si\/wp-content\/uploads\/2024\/04\/inmemoriam-web-logo.webp","contentUrl":"https:\/\/in-memoriam.si\/wp-content\/uploads\/2024\/04\/inmemoriam-web-logo.webp","width":300,"height":50,"caption":"in memoriam"},"image":{"@id":"https:\/\/in-memoriam.si\/en\/#\/schema\/logo\/image\/"},"sameAs":["https:\/\/www.facebook.com\/FotoSimonka"]}]}},"_links":{"self":[{"href":"https:\/\/in-memoriam.si\/en\/wp-json\/wp\/v2\/pages\/1915"}],"collection":[{"href":"https:\/\/in-memoriam.si\/en\/wp-json\/wp\/v2\/pages"}],"about":[{"href":"https:\/\/in-memoriam.si\/en\/wp-json\/wp\/v2\/types\/page"}],"author":[{"embeddable":true,"href":"https:\/\/in-memoriam.si\/en\/wp-json\/wp\/v2\/users\/1"}],"replies":[{"embeddable":true,"href":"https:\/\/in-memoriam.si\/en\/wp-json\/wp\/v2\/comments?post=1915"}],"version-history":[{"count":0,"href":"https:\/\/in-memoriam.si\/en\/wp-json\/wp\/v2\/pages\/1915\/revisions"}],"wp:attachment":[{"href":"https:\/\/in-memoriam.si\/en\/wp-json\/wp\/v2\/media?parent=1915"}],"curies":[{"name":"wp","href":"https:\/\/api.w.org\/{rel}","templated":true}]}}