{"id":1921,"date":"2024-05-08T08:05:42","date_gmt":"2024-05-08T08:05:42","guid":{"rendered":"https:\/\/in-memoriam.si\/company\/"},"modified":"2024-05-11T20:09:09","modified_gmt":"2024-05-11T20:09:09","slug":"company","status":"publish","type":"page","link":"https:\/\/in-memoriam.si\/en\/company\/","title":{"rendered":"COMPANY"},"content":{"rendered":"<div class=\"wpb-content-wrapper\"><p>[vc_row css=&#8221;.vc_custom_1484587700785{margin-bottom: 0px !important;}&#8221;][vc_column width=&#8221;1\/2&#8243; css=&#8221;.vc_custom_1525772281033{margin-bottom: 30px !important;padding-top: 0px !important;}&#8221; offset=&#8221;vc_col-lg-4 vc_col-md-4&#8243;]\n\t\t<div id=\"wd-663b30c5c908d\" class=\"title-wrapper wd-wpb wd-set-mb reset-last-child  wd-rs-663b30c5c908d wd-title-color-default wd-title-style-default text-left vc_custom_1715155156894 wd-underline-colored\">\n\t\t\t\n\t\t\t<div class=\"liner-continer\">\n\t\t\t\t<h4 class=\"woodmart-title-container title  wd-font-weight- wd-fontsize-l\" >COMPANY<\/h4>\n\t\t\t\t\t\t\t<\/div>\n\t\t\t\n\t\t\t\n\t\t\t\n\t\t<\/div>\n\t\t\n\t\t\t\t<div id=\"wd-663b308381cd4\" class=\"wd-text-block wd-wpb reset-last-child wd-rs-663b308381cd4 text-left wd-fontsize-s \">\n\t\t\t<p>SI tax number: 21230595<br \/>\nParent: 5563371000<br \/>\nVAT: Yes (SI21230595)<br \/>\nTSmedia activities:<br \/>\nPhotographic services and equipment; Online and telephone sales; Printing<\/p>\n\t\t<\/div>\n\t\t\t\t<div id=\"wd-663b3d248ff6e\" class=\"wd-text-block wd-wpb reset-last-child wd-rs-663b3d248ff6e text-left \">\n\t\t\t<p>SI56 0234 2005 1824 669<br \/>\n(Opened by NLB d.d., PHOTO \u0160IMONKA JOLANDA \u0160IMONKA MILI\u0106 S.P.)<br \/>\nSI56 1010 0003 9672 122<br \/>\n(Opened by Banka Intesa Sanpaolo d.d., PHOTO \u0160IMONKA JOLANDA \u0160IMONKA MILI\u0106 S.P.)<\/p>\n\t\t<\/div>\n\t\t[vc_row_inner][vc_column_inner width=&#8221;1\/2&#8243;]\t\t\t<div class=\"info-box-wrapper\">\n\t\t\t\t<div id=\"wd-663b30db68cb3\" class=\" wd-rs-663b30db68cb3 wd-info-box wd-wpb text-left box-icon-align-top box-style- color-scheme- wd-bg-none vc_custom_1715155210865\">\n\t\t\t\t\t\t\t\t\t\t<div class=\"info-box-content\">\n\t\t\t\t\t\t<h4 class=\"info-box-title title wd-font-weight-600 box-title-style-default font-text wd-fontsize-s\">Lendava<\/h4>\t\t\t\t\t\t<div class=\"info-box-inner reset-last-child\"><p>Glavna ul. 15<br \/>\n9220 Lendava<br \/>\nSlovenia<\/p>\n<\/div>\n\n\t\t\t\t\t\t\t\t\t\t\t<\/div>\n\n\t\t\t\t\t\n\t\t\t\t\t\t\t\t\t<\/div>\n\t\t\t<\/div>\n\t\t\t\t<div id=\"wd-663b31cd52e75\" class=\"wd-text-block wd-wpb reset-last-child wd-rs-663b31cd52e75 text-left \">\n\t\t\t<p><span style=\"color: #333333;\"><br \/>\n  <strong>Email:<\/strong><br \/>\n<\/span> info@foto-simonka.si<br \/>\n<span style=\"color: #333333;\"><br \/>\n  <strong>Telephone:<\/strong><br \/>\n<\/span> +386 (0) 25 772 870<\/p>\n\t\t<\/div>\n\t\t[\/vc_column_inner][vc_column_inner width=&#8221;1\/2&#8243;]\t\t\t<div class=\"info-box-wrapper\">\n\t\t\t\t<div id=\"wd-663b316b3b0ed\" class=\" wd-rs-663b316b3b0ed wd-info-box wd-wpb text-left box-icon-align-top box-style- color-scheme- wd-bg-none vc_custom_1715155346650\">\n\t\t\t\t\t\t\t\t\t\t<div class=\"info-box-content\">\n\t\t\t\t\t\t<h4 class=\"info-box-title title wd-font-weight-600 box-title-style-default font-text wd-fontsize-s\">Murska Sobota<\/h4>\t\t\t\t\t\t<div class=\"info-box-inner reset-last-child\"><p>Kocljeva ul. 3<br \/>\n9000 Lendava<br \/>\nSlovenia<\/p>\n<\/div>\n\n\t\t\t\t\t\t\t\t\t\t\t<\/div>\n\n\t\t\t\t\t\n\t\t\t\t\t\t\t\t\t<\/div>\n\t\t\t<\/div>\n\t\t\t\t<div id=\"wd-663b3196dabc9\" class=\"wd-text-block wd-wpb reset-last-child wd-rs-663b3196dabc9 text-left \">\n\t\t\t<p><span style=\"color: #333333;\"><br \/>\n  <strong>Email:<\/strong><br \/>\n<\/span> ms@foto-simonka.si<br \/>\n<span style=\"color: #333333;\"><br \/>\n  <strong>Telephone:<\/strong><br \/>\n<\/span> +386 (0) 25 223 882<\/p>\n\t\t<\/div>\n\t\t[\/vc_column_inner][\/vc_row_inner]\n\t\t<div id=\"wd-663b31ea935cc\" class=\"title-wrapper wd-wpb wd-set-mb reset-last-child  wd-rs-663b31ea935cc wd-title-color-default wd-title-style-default text-left vc_custom_1715155456410 wd-underline-colored\">\n\t\t\t\n\t\t\t<div class=\"liner-continer\">\n\t\t\t\t<h4 class=\"woodmart-title-container title  wd-font-weight- wd-fontsize-l\" >CONTACT US<\/h4>\n\t\t\t\t\t\t\t<\/div>\n\t\t\t\n\t\t\t\n\t\t\t\n\t\t<\/div>\n\t\t\n\t\t\t\t<div id=\"wd-663b320637c93\" class=\"wd-text-block wd-wpb reset-last-child wd-rs-663b320637c93 text-left vc_custom_1715155519978\">\n\t\t\t<p>If you need further information about our services, please do not hesitate to contact us.<\/p>\n\t\t<\/div>\n\t\t<div id=\"wd-663b32a09f806\" class=\" wd-rs-663b32a09f806  wd-button-wrapper text-center\"><a href=\"https:\/\/in-memoriam.si\/en\/contact\/\" title=\"\" class=\"btn btn-color-black btn-style-default btn-shape-rectangle btn-size-extra-small\">CONTACT<\/a><\/div>[\/vc_column][vc_column width=&#8221;1\/2&#8243; offset=&#8221;vc_col-lg-8 vc_col-md-8&#8243; css=&#8221;.vc_custom_1525772275884{margin-bottom: 30px !important;padding-top: 0px !important;}&#8221;]\t\t\t<div class=\"google-map-container wd-map-container   wd-rs-663b3e085c65a\" style=\"\" data-map-args='{&quot;multiple_markers&quot;:&quot;no&quot;,&quot;latitude&quot;:&quot;46.564660&quot;,&quot;longitude&quot;:&quot;16.452603&quot;,&quot;zoom&quot;:&quot;14&quot;,&quot;mouse_zoom&quot;:&quot;no&quot;,&quot;init_type&quot;:&quot;page_load&quot;,&quot;init_offset&quot;:&quot;100&quot;,&quot;elementor&quot;:false,&quot;json_style&quot;:&quot;&quot;,&quot;marker_icon&quot;:&quot;https:\\\/\\\/in-memoriam.si\\\/wp-content\\\/themes\\\/woodmart\\\/inc\\\/admin\\\/assets\\\/images\\\/google-icon.png&quot;,&quot;marker_icon_size&quot;:&quot;&quot;,&quot;marker_text_needed&quot;:&quot;no&quot;,&quot;marker_text&quot;:&quot;&lt;h3 style=\\&quot;min-width:300px; text-align:center; margin:15px;\\&quot;&gt;&lt;\\\/h3&gt;&quot;,&quot;selector&quot;:&quot;wd-map-id-69e4a8a26b06c&quot;,&quot;markers&quot;:&quot;&quot;,&quot;center&quot;:&quot;&quot;}'>\n\t\t\t\t\n\t\t\t\t\n\t\t\t\t<div class=\"wd-google-map-wrapper wd-map-wrapper wd-fill\">\n\t\t\t\t\t<div id=\"wd-map-id-69e4a8a26b06c\" class=\"wd-google-map without-content wd-fill\"><\/div>\n\t\t\t\t<\/div>\n\n\t\t\t\t\t\t\t<\/div>\n\t\t[\/vc_column][\/vc_row]<\/p>\n<\/div>","protected":false},"excerpt":{"rendered":"<p>[vc_row css=&#8221;.vc_custom_1484587700785{margin-bottom: 0px !important;}&#8221;][vc_column width=&#8221;1\/2&#8243; css=&#8221;.vc_custom_1525772281033{margin-bottom: 30px !important;padding-top: 0px !important;}&#8221; offset=&#8221;vc_col-lg-4 vc_col-md-4&#8243;][vc_row_inner][vc_column_inner width=&#8221;1\/2&#8243;][\/vc_column_inner][vc_column_inner width=&#8221;1\/2&#8243;][\/vc_column_inner][\/vc_row_inner][\/vc_column][vc_column width=&#8221;1\/2&#8243; offset=&#8221;vc_col-lg-8 vc_col-md-8&#8243; css=&#8221;.vc_custom_1525772275884{margin-bottom: 30px !important;padding-top:<\/p>\n","protected":false},"author":1,"featured_media":2457,"parent":0,"menu_order":0,"comment_status":"closed","ping_status":"closed","template":"","meta":{"footnotes":""},"yoast_head":"<!-- This site is optimized with the Yoast SEO Premium plugin v23.5 (Yoast SEO v24.5) - https:\/\/yoast.com\/wordpress\/plugins\/seo\/ -->\n<title>COMPANY - in memoriam<\/title>\n<meta name=\"robots\" content=\"index, follow, max-snippet:-1, max-image-preview:large, max-video-preview:-1\" \/>\n<link rel=\"canonical\" href=\"https:\/\/in-memoriam.si\/en\/company\/\" \/>\n<meta property=\"og:locale\" content=\"en_US\" \/>\n<meta property=\"og:type\" content=\"article\" \/>\n<meta property=\"og:title\" content=\"COMPANY\" \/>\n<meta property=\"og:description\" content=\"[vc_row css=&#8221;.vc_custom_1484587700785{margin-bottom: 0px !important;}&#8221;][vc_column width=&#8221;1\/2&#8243; css=&#8221;.vc_custom_1525772281033{margin-bottom: 30px !important;padding-top: 0px !important;}&#8221; offset=&#8221;vc_col-lg-4 vc_col-md-4&#8243;][vc_row_inner][vc_column_inner width=&#8221;1\/2&#8243;][\/vc_column_inner][vc_column_inner width=&#8221;1\/2&#8243;][\/vc_column_inner][\/vc_row_inner][\/vc_column][vc_column width=&#8221;1\/2&#8243; offset=&#8221;vc_col-lg-8 vc_col-md-8&#8243; css=&#8221;.vc_custom_1525772275884{margin-bottom: 30px !important;padding-top:\" \/>\n<meta property=\"og:url\" content=\"https:\/\/in-memoriam.si\/en\/company\/\" \/>\n<meta property=\"og:site_name\" content=\"in memoriam\" \/>\n<meta property=\"article:publisher\" content=\"https:\/\/www.facebook.com\/FotoSimonka\" \/>\n<meta property=\"article:modified_time\" content=\"2024-05-11T20:09:09+00:00\" \/>\n<meta property=\"og:image\" content=\"https:\/\/in-memoriam.si\/wp-content\/uploads\/2024\/05\/inmemoriam-014.webp\" \/>\n\t<meta property=\"og:image:width\" content=\"2200\" \/>\n\t<meta property=\"og:image:height\" content=\"1257\" \/>\n\t<meta property=\"og:image:type\" content=\"image\/webp\" \/>\n<meta name=\"twitter:card\" content=\"summary_large_image\" \/>\n<meta name=\"twitter:label1\" content=\"Est. reading time\" \/>\n\t<meta name=\"twitter:data1\" content=\"5 minutes\" \/>\n<script type=\"application\/ld+json\" class=\"yoast-schema-graph\">{\"@context\":\"https:\/\/schema.org\",\"@graph\":[{\"@type\":\"WebPage\",\"@id\":\"https:\/\/in-memoriam.si\/en\/company\/\",\"url\":\"https:\/\/in-memoriam.si\/en\/company\/\",\"name\":\"COMPANY - in memoriam\",\"isPartOf\":{\"@id\":\"https:\/\/in-memoriam.si\/en\/#website\"},\"primaryImageOfPage\":{\"@id\":\"https:\/\/in-memoriam.si\/en\/company\/#primaryimage\"},\"image\":{\"@id\":\"https:\/\/in-memoriam.si\/en\/company\/#primaryimage\"},\"thumbnailUrl\":\"https:\/\/in-memoriam.si\/wp-content\/uploads\/2024\/05\/QR-BEDGE.png\",\"datePublished\":\"2024-05-08T08:05:42+00:00\",\"dateModified\":\"2024-05-11T20:09:09+00:00\",\"breadcrumb\":{\"@id\":\"https:\/\/in-memoriam.si\/en\/company\/#breadcrumb\"},\"inLanguage\":\"en-US\",\"potentialAction\":[{\"@type\":\"ReadAction\",\"target\":[\"https:\/\/in-memoriam.si\/en\/company\/\"]}]},{\"@type\":\"ImageObject\",\"inLanguage\":\"en-US\",\"@id\":\"https:\/\/in-memoriam.si\/en\/company\/#primaryimage\",\"url\":\"https:\/\/in-memoriam.si\/wp-content\/uploads\/2024\/05\/QR-BEDGE.png\",\"contentUrl\":\"https:\/\/in-memoriam.si\/wp-content\/uploads\/2024\/05\/QR-BEDGE.png\",\"width\":200,\"height\":200},{\"@type\":\"BreadcrumbList\",\"@id\":\"https:\/\/in-memoriam.si\/en\/company\/#breadcrumb\",\"itemListElement\":[{\"@type\":\"ListItem\",\"position\":1,\"name\":\"Home\",\"item\":\"https:\/\/in-memoriam.si\/en\/in-memoriam\/\"},{\"@type\":\"ListItem\",\"position\":2,\"name\":\"COMPANY\"}]},{\"@type\":\"WebSite\",\"@id\":\"https:\/\/in-memoriam.si\/en\/#website\",\"url\":\"https:\/\/in-memoriam.si\/en\/\",\"name\":\"in memoriam - v spomin\",\"description\":\"spomini na na&scaron;e drage pokojne\",\"publisher\":{\"@id\":\"https:\/\/in-memoriam.si\/en\/#organization\"},\"alternateName\":\"Plo\u0161\u010dice s QR kodo\",\"potentialAction\":[{\"@type\":\"SearchAction\",\"target\":{\"@type\":\"EntryPoint\",\"urlTemplate\":\"https:\/\/in-memoriam.si\/en\/?s={search_term_string}\"},\"query-input\":{\"@type\":\"PropertyValueSpecification\",\"valueRequired\":true,\"valueName\":\"search_term_string\"}}],\"inLanguage\":\"en-US\"},{\"@type\":\"Organization\",\"@id\":\"https:\/\/in-memoriam.si\/en\/#organization\",\"name\":\"in memoriam\",\"url\":\"https:\/\/in-memoriam.si\/en\/\",\"logo\":{\"@type\":\"ImageObject\",\"inLanguage\":\"en-US\",\"@id\":\"https:\/\/in-memoriam.si\/en\/#\/schema\/logo\/image\/\",\"url\":\"https:\/\/in-memoriam.si\/wp-content\/uploads\/2024\/04\/inmemoriam-web-logo.webp\",\"contentUrl\":\"https:\/\/in-memoriam.si\/wp-content\/uploads\/2024\/04\/inmemoriam-web-logo.webp\",\"width\":300,\"height\":50,\"caption\":\"in memoriam\"},\"image\":{\"@id\":\"https:\/\/in-memoriam.si\/en\/#\/schema\/logo\/image\/\"},\"sameAs\":[\"https:\/\/www.facebook.com\/FotoSimonka\"]}]}<\/script>\n<!-- \/ Yoast SEO Premium plugin. -->","yoast_head_json":{"title":"COMPANY - in memoriam","robots":{"index":"index","follow":"follow","max-snippet":"max-snippet:-1","max-image-preview":"max-image-preview:large","max-video-preview":"max-video-preview:-1"},"canonical":"https:\/\/in-memoriam.si\/en\/company\/","og_locale":"en_US","og_type":"article","og_title":"COMPANY","og_description":"[vc_row css=&#8221;.vc_custom_1484587700785{margin-bottom: 0px !important;}&#8221;][vc_column width=&#8221;1\/2&#8243; css=&#8221;.vc_custom_1525772281033{margin-bottom: 30px !important;padding-top: 0px !important;}&#8221; offset=&#8221;vc_col-lg-4 vc_col-md-4&#8243;][vc_row_inner][vc_column_inner width=&#8221;1\/2&#8243;][\/vc_column_inner][vc_column_inner width=&#8221;1\/2&#8243;][\/vc_column_inner][\/vc_row_inner][\/vc_column][vc_column width=&#8221;1\/2&#8243; offset=&#8221;vc_col-lg-8 vc_col-md-8&#8243; css=&#8221;.vc_custom_1525772275884{margin-bottom: 30px !important;padding-top:","og_url":"https:\/\/in-memoriam.si\/en\/company\/","og_site_name":"in memoriam","article_publisher":"https:\/\/www.facebook.com\/FotoSimonka","article_modified_time":"2024-05-11T20:09:09+00:00","og_image":[{"width":2200,"height":1257,"url":"https:\/\/in-memoriam.si\/wp-content\/uploads\/2024\/05\/inmemoriam-014.webp","type":"image\/webp"}],"twitter_card":"summary_large_image","twitter_misc":{"Est. reading time":"5 minutes"},"schema":{"@context":"https:\/\/schema.org","@graph":[{"@type":"WebPage","@id":"https:\/\/in-memoriam.si\/en\/company\/","url":"https:\/\/in-memoriam.si\/en\/company\/","name":"COMPANY - in memoriam","isPartOf":{"@id":"https:\/\/in-memoriam.si\/en\/#website"},"primaryImageOfPage":{"@id":"https:\/\/in-memoriam.si\/en\/company\/#primaryimage"},"image":{"@id":"https:\/\/in-memoriam.si\/en\/company\/#primaryimage"},"thumbnailUrl":"https:\/\/in-memoriam.si\/wp-content\/uploads\/2024\/05\/QR-BEDGE.png","datePublished":"2024-05-08T08:05:42+00:00","dateModified":"2024-05-11T20:09:09+00:00","breadcrumb":{"@id":"https:\/\/in-memoriam.si\/en\/company\/#breadcrumb"},"inLanguage":"en-US","potentialAction":[{"@type":"ReadAction","target":["https:\/\/in-memoriam.si\/en\/company\/"]}]},{"@type":"ImageObject","inLanguage":"en-US","@id":"https:\/\/in-memoriam.si\/en\/company\/#primaryimage","url":"https:\/\/in-memoriam.si\/wp-content\/uploads\/2024\/05\/QR-BEDGE.png","contentUrl":"https:\/\/in-memoriam.si\/wp-content\/uploads\/2024\/05\/QR-BEDGE.png","width":200,"height":200},{"@type":"BreadcrumbList","@id":"https:\/\/in-memoriam.si\/en\/company\/#breadcrumb","itemListElement":[{"@type":"ListItem","position":1,"name":"Home","item":"https:\/\/in-memoriam.si\/en\/in-memoriam\/"},{"@type":"ListItem","position":2,"name":"COMPANY"}]},{"@type":"WebSite","@id":"https:\/\/in-memoriam.si\/en\/#website","url":"https:\/\/in-memoriam.si\/en\/","name":"in memoriam - v spomin","description":"spomini na na&scaron;e drage pokojne","publisher":{"@id":"https:\/\/in-memoriam.si\/en\/#organization"},"alternateName":"Plo\u0161\u010dice s QR kodo","potentialAction":[{"@type":"SearchAction","target":{"@type":"EntryPoint","urlTemplate":"https:\/\/in-memoriam.si\/en\/?s={search_term_string}"},"query-input":{"@type":"PropertyValueSpecification","valueRequired":true,"valueName":"search_term_string"}}],"inLanguage":"en-US"},{"@type":"Organization","@id":"https:\/\/in-memoriam.si\/en\/#organization","name":"in memoriam","url":"https:\/\/in-memoriam.si\/en\/","logo":{"@type":"ImageObject","inLanguage":"en-US","@id":"https:\/\/in-memoriam.si\/en\/#\/schema\/logo\/image\/","url":"https:\/\/in-memoriam.si\/wp-content\/uploads\/2024\/04\/inmemoriam-web-logo.webp","contentUrl":"https:\/\/in-memoriam.si\/wp-content\/uploads\/2024\/04\/inmemoriam-web-logo.webp","width":300,"height":50,"caption":"in memoriam"},"image":{"@id":"https:\/\/in-memoriam.si\/en\/#\/schema\/logo\/image\/"},"sameAs":["https:\/\/www.facebook.com\/FotoSimonka"]}]}},"_links":{"self":[{"href":"https:\/\/in-memoriam.si\/en\/wp-json\/wp\/v2\/pages\/1921"}],"collection":[{"href":"https:\/\/in-memoriam.si\/en\/wp-json\/wp\/v2\/pages"}],"about":[{"href":"https:\/\/in-memoriam.si\/en\/wp-json\/wp\/v2\/types\/page"}],"author":[{"embeddable":true,"href":"https:\/\/in-memoriam.si\/en\/wp-json\/wp\/v2\/users\/1"}],"replies":[{"embeddable":true,"href":"https:\/\/in-memoriam.si\/en\/wp-json\/wp\/v2\/comments?post=1921"}],"version-history":[{"count":0,"href":"https:\/\/in-memoriam.si\/en\/wp-json\/wp\/v2\/pages\/1921\/revisions"}],"wp:featuredmedia":[{"embeddable":true,"href":"https:\/\/in-memoriam.si\/en\/wp-json\/wp\/v2\/media\/2457"}],"wp:attachment":[{"href":"https:\/\/in-memoriam.si\/en\/wp-json\/wp\/v2\/media?parent=1921"}],"curies":[{"name":"wp","href":"https:\/\/api.w.org\/{rel}","templated":true}]}}