{"id":1795,"date":"2024-04-09T17:15:33","date_gmt":"2024-04-09T17:15:33","guid":{"rendered":"https:\/\/in-memoriam.si\/cjenik-usluga\/"},"modified":"2024-05-17T19:19:44","modified_gmt":"2024-05-17T19:19:44","slug":"cjenik-usluga","status":"publish","type":"page","link":"https:\/\/in-memoriam.si\/hr\/cjenik-usluga\/","title":{"rendered":"CJENIK USLUGA"},"content":{"rendered":"<div class=\"wpb-content-wrapper\"><p>[vc_row][vc_column][vc_custom_heading text=&#8221;cjenik usluga&#8221; font_container=&#8221;tag:h2|font_size:36|text_align:center&#8221; use_theme_fonts=&#8221;yes&#8221; css=&#8221;&#8221;]\t\t<div id=\"wd-66446429e1772\" class=\"wd-text-block wd-wpb reset-last-child wd-rs-66446429e1772 text-left wd-fontsize-l vc_custom_1715758134041\">\n\t\t\t<p style=\"text-align: center;\">Cjenik usluga. Na web stranici in-memoriam.si otkrijte na\u0161e povoljne pakete usluga koji omogu\u0107uju s po\u0161tovanjem pristup sje\u0107anjima pokojnika skeniranjem QR koda na nadgrobnim spomenicima. Provjerite na\u0161 cjenik i odaberite paket koji najbolje odgovara va\u0161im potrebama.<\/p>\n\t\t<\/div>\n\t\t[\/vc_column][\/vc_row][vc_row][vc_column width=&#8221;1\/3&#8243;]\t\t\t<div class=\"pricing-tables-wrapper wd-wpb\">\n\t\t\t\t<div class=\"pricing-tables wd-grid-f-stretch\" style=\"--wd-gap-lg:20px;--wd-gap-md:20px;--wd-gap-sm:20px;\">\n\t\t\t\t\t\t\t\t<div class=\"wd-price-table wd-col  price-highlighted price-style-default\" >\n\t\t\t\t<div class=\"wd-plan\">\n\t\t\t\t\t<div class=\"wd-plan-name\">\n\t\t\t\t\t\t<span class=\"wd-plan-title title\">IN MEMORIAM STANDARD<\/span>\n\t\t\t\t\t<\/div>\n\t\t\t\t<\/div>\n\t\t\t\t<div class=\"wd-plan-inner\">\n\t\t\t\t\t\t\t\t\t\t<div class=\"wd-plan-price\" style=\"\">\n\t\t\t\t\t\t\n\t\t\t\t\t\t\t\t\t\t\t\t\t<span class=\"wd-price-value\">\n\t\t\t\t\t\t\t\t210 eura\t\t\t\t\t\t\t<\/span>\n\t\t\t\t\t\t\n\t\t\t\t\t\t\t\t\t\t\t<\/div>\n\t\t\t\t\t\t\t\t\t\t\t<div class=\"wd-plan-features\">\n\t\t\t\t\t\t\t\t\t\t\t\t\t\t\t<div class=\"wd-plan-feature\">\n\t\t\t\t\t\t\t\t\t1x QR kod \/ crno na bijeloj pozadini\t\t\t\t\t\t\t\t<\/div>\n\t\t\t\t\t\t\t\t\t\t\t\t\t\t\t<div class=\"wd-plan-feature\">\n\t\t\t\t\t\t\t\t\tFormat: 62 x 70 mm\t\t\t\t\t\t\t\t<\/div>\n\t\t\t\t\t\t\t\t\t\t\t\t\t\t\t<div class=\"wd-plan-feature\">\n\t\t\t\t\t\t\t\t\t1x spomen stranica s osmrtnicom\t\t\t\t\t\t\t\t<\/div>\n\t\t\t\t\t\t\t\t\t\t\t\t\t\t\t<div class=\"wd-plan-feature\">\n\t\t\t\t\t\t\t\t\t-\t\t\t\t\t\t\t\t<\/div>\n\t\t\t\t\t\t\t\t\t\t\t\t\t\t\t<div class=\"wd-plan-feature\">\n\t\t\t\t\t\t\t\t\tdo 50 fotografija \/ galerija\t\t\t\t\t\t\t\t<\/div>\n\t\t\t\t\t\t\t\t\t\t\t\t\t\t\t<div class=\"wd-plan-feature\">\n\t\t\t\t\t\t\t\t\t1x PDF sa iscrtanim QR kodom\t\t\t\t\t\t\t\t<\/div>\n\t\t\t\t\t\t\t\t\t\t\t\t\t\t\t<div class=\"wd-plan-feature\">\n\t\t\t\t\t\t\t\t\tNema monta\u017ee\t\t\t\t\t\t\t\t<\/div>\n\t\t\t\t\t\t\t\t\t\t\t\t\t\t\t<div class=\"wd-plan-feature\">\n\t\t\t\t\t\t\t\t\tNa razdoblje: 10 godina\t\t\t\t\t\t\t\t<\/div>\n\t\t\t\t\t\t\t\t\t\t\t\t\t<\/div>\n\t\t\t\t\t\t\t\t\t\t<div class=\"wd-plan-footer\">\n\t\t\t\t\t\t\t\t\t\t\t\t\t\t\t\t\t\t\t\t\t<a href=\"https:\/\/in-memoriam.si\/hr\/izdelek\/in-memoriam-qr-standard\/\" title=\"STANDARDNI paket\" class=\"button price-plan-btn\">\n\t\t\t\t\t\t\t\t\tNARUD\u017dBA\t\t\t\t\t\t\t\t<\/a>\n\t\t\t\t\t\t\t\t\t\t\t\t\t\t\t\t\t\t<\/div>\n\t\t\t\t<\/div>\n\t\t\t<\/div>\n\n\t\t\t\t\t\t<\/div>\n\t\t\t<\/div>\n\t\t[\/vc_column][vc_column width=&#8221;1\/3&#8243;]\t\t\t<div class=\"pricing-tables-wrapper wd-wpb\">\n\t\t\t\t<div class=\"pricing-tables wd-grid-f-stretch\" style=\"--wd-gap-lg:20px;--wd-gap-md:20px;--wd-gap-sm:20px;\">\n\t\t\t\t\t\t\t\t<div class=\"wd-price-table wd-col  price-highlighted price-style-default\" >\n\t\t\t\t<div class=\"wd-plan\">\n\t\t\t\t\t<div class=\"wd-plan-name\">\n\t\t\t\t\t\t<span class=\"wd-plan-title title\">IN MEMORIAM PREMIUM<\/span>\n\t\t\t\t\t<\/div>\n\t\t\t\t<\/div>\n\t\t\t\t<div class=\"wd-plan-inner\">\n\t\t\t\t\t\t\t\t\t\t<div class=\"wd-plan-price\" style=\"\">\n\t\t\t\t\t\t\n\t\t\t\t\t\t\t\t\t\t\t\t\t<span class=\"wd-price-value\">\n\t\t\t\t\t\t\t\t250 eura\t\t\t\t\t\t\t<\/span>\n\t\t\t\t\t\t\n\t\t\t\t\t\t\t\t\t\t\t<\/div>\n\t\t\t\t\t\t\t\t\t\t\t<div class=\"wd-plan-features\">\n\t\t\t\t\t\t\t\t\t\t\t\t\t\t\t<div class=\"wd-plan-feature\">\n\t\t\t\t\t\t\t\t\t1x QR kod \/ crno na bijeloj pozadini\t\t\t\t\t\t\t\t<\/div>\n\t\t\t\t\t\t\t\t\t\t\t\t\t\t\t<div class=\"wd-plan-feature\">\n\t\t\t\t\t\t\t\t\tFormat: 62 x 70 mm\t\t\t\t\t\t\t\t<\/div>\n\t\t\t\t\t\t\t\t\t\t\t\t\t\t\t<div class=\"wd-plan-feature\">\n\t\t\t\t\t\t\t\t\t1x spomen stranica s osmrtnicom\t\t\t\t\t\t\t\t<\/div>\n\t\t\t\t\t\t\t\t\t\t\t\t\t\t\t<div class=\"wd-plan-feature\">\n\t\t\t\t\t\t\t\t\t1x audio \u010ditanje \/ Ai \u010dita\u010d\t\t\t\t\t\t\t\t<\/div>\n\t\t\t\t\t\t\t\t\t\t\t\t\t\t\t<div class=\"wd-plan-feature\">\n\t\t\t\t\t\t\t\t\tdo 50 fotografija \/ galerija\t\t\t\t\t\t\t\t<\/div>\n\t\t\t\t\t\t\t\t\t\t\t\t\t\t\t<div class=\"wd-plan-feature\">\n\t\t\t\t\t\t\t\t\t1x PDF sa iscrtanim QR kodom\t\t\t\t\t\t\t\t<\/div>\n\t\t\t\t\t\t\t\t\t\t\t\t\t\t\t<div class=\"wd-plan-feature\">\n\t\t\t\t\t\t\t\t\tNema monta\u017ee\t\t\t\t\t\t\t\t<\/div>\n\t\t\t\t\t\t\t\t\t\t\t\t\t\t\t<div class=\"wd-plan-feature\">\n\t\t\t\t\t\t\t\t\tNa razdoblje: 10 godina\t\t\t\t\t\t\t\t<\/div>\n\t\t\t\t\t\t\t\t\t\t\t\t\t<\/div>\n\t\t\t\t\t\t\t\t\t\t<div class=\"wd-plan-footer\">\n\t\t\t\t\t\t\t\t\t\t\t\t\t\t\t\t\t\t\t\t\t<a href=\"https:\/\/in-memoriam.si\/hr\/izdelek\/i-memoriam-qr-premium-paket\/\" title=\"PREMIUM paket\" class=\"button price-plan-btn\">\n\t\t\t\t\t\t\t\t\tNARUD\u017dBA\t\t\t\t\t\t\t\t<\/a>\n\t\t\t\t\t\t\t\t\t\t\t\t\t\t\t\t\t\t<\/div>\n\t\t\t\t<\/div>\n\t\t\t<\/div>\n\n\t\t\t\t\t\t<\/div>\n\t\t\t<\/div>\n\t\t[\/vc_column][vc_column width=&#8221;1\/3&#8243;]\t\t\t<div class=\"pricing-tables-wrapper wd-wpb\">\n\t\t\t\t<div class=\"pricing-tables wd-grid-f-stretch\" style=\"--wd-gap-lg:20px;--wd-gap-md:20px;--wd-gap-sm:20px;\">\n\t\t\t\t\t\t\t\t<div class=\"wd-price-table wd-col  price-highlighted price-style-default\" >\n\t\t\t\t<div class=\"wd-plan\">\n\t\t\t\t\t<div class=\"wd-plan-name\">\n\t\t\t\t\t\t<span class=\"wd-plan-title title\">IN MEMORIAM - OSNOVNI<\/span>\n\t\t\t\t\t<\/div>\n\t\t\t\t<\/div>\n\t\t\t\t<div class=\"wd-plan-inner\">\n\t\t\t\t\t\t\t\t\t\t<div class=\"wd-plan-price\" style=\"\">\n\t\t\t\t\t\t\n\t\t\t\t\t\t\t\t\t\t\t\t\t<span class=\"wd-price-value\">\n\t\t\t\t\t\t\t\t170 eura\t\t\t\t\t\t\t<\/span>\n\t\t\t\t\t\t\n\t\t\t\t\t\t\t\t\t\t\t<\/div>\n\t\t\t\t\t\t\t\t\t\t\t<div class=\"wd-plan-features\">\n\t\t\t\t\t\t\t\t\t\t\t\t\t\t\t<div class=\"wd-plan-feature\">\n\t\t\t\t\t\t\t\t\t-\t\t\t\t\t\t\t\t<\/div>\n\t\t\t\t\t\t\t\t\t\t\t\t\t\t\t<div class=\"wd-plan-feature\">\n\t\t\t\t\t\t\t\t\t-\t\t\t\t\t\t\t\t<\/div>\n\t\t\t\t\t\t\t\t\t\t\t\t\t\t\t<div class=\"wd-plan-feature\">\n\t\t\t\t\t\t\t\t\t1x spominska stran z nekrologom\t\t\t\t\t\t\t\t<\/div>\n\t\t\t\t\t\t\t\t\t\t\t\t\t\t\t<div class=\"wd-plan-feature\">\n\t\t\t\t\t\t\t\t\t-\t\t\t\t\t\t\t\t<\/div>\n\t\t\t\t\t\t\t\t\t\t\t\t\t\t\t<div class=\"wd-plan-feature\">\n\t\t\t\t\t\t\t\t\tdo 50 fotografij \/ galerija\t\t\t\t\t\t\t\t<\/div>\n\t\t\t\t\t\t\t\t\t\t\t\t\t\t\t<div class=\"wd-plan-feature\">\n\t\t\t\t\t\t\t\t\t1x PDF z izrisano QR kodo\t\t\t\t\t\t\t\t<\/div>\n\t\t\t\t\t\t\t\t\t\t\t\t\t\t\t<div class=\"wd-plan-feature\">\n\t\t\t\t\t\t\t\t\tBrez monta\u017ee\t\t\t\t\t\t\t\t<\/div>\n\t\t\t\t\t\t\t\t\t\t\t\t\t\t\t<div class=\"wd-plan-feature\">\n\t\t\t\t\t\t\t\t\tZa obdobje: 10 let\t\t\t\t\t\t\t\t<\/div>\n\t\t\t\t\t\t\t\t\t\t\t\t\t<\/div>\n\t\t\t\t\t\t\t\t\t\t<div class=\"wd-plan-footer\">\n\t\t\t\t\t\t\t\t\t\t\t\t\t\t\t\t\t\t\t\t\t<a href=\"https:\/\/in-memoriam.si\/izdelek\/in-memoriam-qr-mini\/\" title=\"MINI paket\" class=\"button price-plan-btn\">\n\t\t\t\t\t\t\t\t\tNARUD\u017dBA\t\t\t\t\t\t\t\t<\/a>\n\t\t\t\t\t\t\t\t\t\t\t\t\t\t\t\t\t\t<\/div>\n\t\t\t\t<\/div>\n\t\t\t<\/div>\n\n\t\t\t\t\t\t<\/div>\n\t\t\t<\/div>\n\t\t[\/vc_column][\/vc_row][vc_row][vc_column]\t\t\t<div class=\"wd-menu-price wd-wpb   wd-rs-661f8c9218d65 vc_custom_1713343653956\">\n\t\t\t\t\t\t\t\t<div class=\"menu-price-desc-wrapp\">\n\t\t\t\t\t<div class=\"menu-price-heading\">\n\t\t\t\t\t\t\t\t\t\t\t\t\t<h3 class=\"menu-price-title wd-entities-title\"><span>Dodatna plo\u010dica<\/span><\/h3>\n\t\t\t\t\t\t\t\t\t\t\t\t<div class=\"menu-price-price amount\">60,00 \u20ac<\/div>\n\t\t\t\t\t<\/div>\n\t\t\t\t\t\t\t\t\t\t\t<div class=\"menu-price-details\">1.8mm Aluminij 80x90mm<\/div>\n\t\t\t\t\t\t\t\t\t<\/div>\n\n\t\t\t\t\t\t\t<\/div>\n\t\t\t\t\t<div class=\"wd-menu-price wd-wpb   wd-rs-6626362edef73 vc_custom_1713780338813\">\n\t\t\t\t\t\t\t\t<div class=\"menu-price-desc-wrapp\">\n\t\t\t\t\t<div class=\"menu-price-heading\">\n\t\t\t\t\t\t\t\t\t\t\t\t\t<h3 class=\"menu-price-title wd-entities-title\"><span>Dodatna plo\u010dica<\/span><\/h3>\n\t\t\t\t\t\t\t\t\t\t\t\t<div class=\"menu-price-price amount\">30,00 \u20ac<\/div>\n\t\t\t\t\t<\/div>\n\t\t\t\t\t\t\t\t\t\t\t<div class=\"menu-price-details\">Srebrna ili zlatna anodizirana baza s QR kodom u crnoj boji<\/div>\n\t\t\t\t\t\t\t\t\t<\/div>\n\n\t\t\t\t\t\t\t<\/div>\n\t\t[\/vc_column][\/vc_row][vc_row][vc_column width=&#8221;1\/2&#8243;]\t\t<div id=\"wd-664463855421f\" class=\"wd-text-block wd-wpb reset-last-child wd-rs-664463855421f text-left wd-fontsize-l \">\n\t\t\t<p style=\"text-align: center;\"><strong>cjenik QR usluga i memoriam artikala.<\/strong><\/p>\n<p>Predstavljamo Vam na\u0161 cjenik za izradu QR plo\u010da za nadgrobne spomenike. Na\u0161a usluga omogu\u0107uje vam stvaranje trajnih uspomena na va\u0161e najdra\u017ee na moderan i osoban na\u010din.<\/p>\n<p>Za\u0161to odabrati na\u0161e usluge:<\/p>\n<ul>\n<li>Jednostavno skeniranje pametnog telefona omogu\u0107uje pristup mre\u017enom profilu preminule osobe.<\/li>\n<li>Bogat sadr\u017eaj uklju\u010duju\u0107i fotografije, videozapise, uspomene i druge vrijedne informacije.<\/li>\n<li>Trajna memorija koja ostaje dostupna u svakom trenutku.<\/li>\n<\/ul>\n<p><a href=\"https:\/\/in-memoriam.si\/hr\/kontakt\/\">Za vi\u0161e informacija o na\u0161im uslugama i cijenama, slobodno nas kontaktirajte<\/a><\/p>\n\t\t<\/div>\n\t\t[\/vc_column][vc_column width=&#8221;1\/2&#8243;][vc_single_image image=&#8221;1639&#8243; img_size=&#8221;full&#8221; css=&#8221;&#8221; parallax_scroll=&#8221;no&#8221; woodmart_inline=&#8221;no&#8221;][\/vc_column][\/vc_row][vc_row][vc_column][\/vc_column][\/vc_row]<\/p>\n<\/div>","protected":false},"excerpt":{"rendered":"<p>[vc_row][vc_column][vc_custom_heading text=&#8221;cjenik usluga&#8221; font_container=&#8221;tag:h2|font_size:36|text_align:center&#8221; use_theme_fonts=&#8221;yes&#8221; css=&#8221;&#8221;][\/vc_column][\/vc_row][vc_row][vc_column width=&#8221;1\/3&#8243;][\/vc_column][vc_column width=&#8221;1\/3&#8243;][\/vc_column][vc_column width=&#8221;1\/3&#8243;][\/vc_column][\/vc_row][vc_row][vc_column][\/vc_column][\/vc_row][vc_row][vc_column width=&#8221;1\/2&#8243;][\/vc_column][vc_column width=&#8221;1\/2&#8243;][vc_single_image image=&#8221;1639&#8243; img_size=&#8221;full&#8221; css=&#8221;&#8221; parallax_scroll=&#8221;no&#8221; woodmart_inline=&#8221;no&#8221;][\/vc_column][\/vc_row][vc_row][vc_column][\/vc_column][\/vc_row]<\/p>\n","protected":false},"author":1,"featured_media":0,"parent":0,"menu_order":0,"comment_status":"closed","ping_status":"closed","template":"","meta":{"footnotes":""},"yoast_head":"<!-- This site is optimized with the Yoast SEO Premium plugin v23.5 (Yoast SEO v24.5) - https:\/\/yoast.com\/wordpress\/plugins\/seo\/ -->\n<title>Cjenik usluga na web stranici in-memoriam.si - in memoriam<\/title>\n<meta name=\"description\" content=\"Cjenik usluga po\u0161tovanog pristupa sje\u0107anjima pokojnika skeniranjem QR koda na nadgrobnim spomenicima. Provjerite na\u0161 cjenik i odaberite najprikladniji paket.\" \/>\n<meta name=\"robots\" content=\"index, follow, max-snippet:-1, max-image-preview:large, max-video-preview:-1\" \/>\n<link rel=\"canonical\" href=\"https:\/\/in-memoriam.si\/hr\/cjenik-usluga\/\" \/>\n<meta property=\"og:locale\" content=\"hr_HR\" \/>\n<meta property=\"og:type\" content=\"article\" \/>\n<meta property=\"og:title\" content=\"CJENIK USLUGA\" \/>\n<meta property=\"og:description\" content=\"Cjenik usluga po\u0161tovanog pristupa sje\u0107anjima pokojnika skeniranjem QR koda na nadgrobnim spomenicima. Provjerite na\u0161 cjenik i odaberite najprikladniji paket.\" \/>\n<meta property=\"og:url\" content=\"https:\/\/in-memoriam.si\/hr\/cjenik-usluga\/\" \/>\n<meta property=\"og:site_name\" content=\"in memoriam\" \/>\n<meta property=\"article:publisher\" content=\"https:\/\/www.facebook.com\/FotoSimonka\" \/>\n<meta property=\"article:modified_time\" content=\"2024-05-17T19:19:44+00:00\" \/>\n<meta property=\"og:image\" content=\"https:\/\/in-memoriam.si\/wp-content\/uploads\/2024\/05\/inmemoriam-014.webp\" \/>\n\t<meta property=\"og:image:width\" content=\"2200\" \/>\n\t<meta property=\"og:image:height\" content=\"1257\" \/>\n\t<meta property=\"og:image:type\" content=\"image\/webp\" \/>\n<meta name=\"twitter:card\" content=\"summary_large_image\" \/>\n<meta name=\"twitter:label1\" content=\"Procijenjeno vrijeme \u010ditanja\" \/>\n\t<meta name=\"twitter:data1\" content=\"4 minute\" \/>\n<script type=\"application\/ld+json\" class=\"yoast-schema-graph\">{\"@context\":\"https:\/\/schema.org\",\"@graph\":[{\"@type\":\"WebPage\",\"@id\":\"https:\/\/in-memoriam.si\/hr\/cjenik-usluga\/\",\"url\":\"https:\/\/in-memoriam.si\/hr\/cjenik-usluga\/\",\"name\":\"Cjenik usluga na web stranici in-memoriam.si - in memoriam\",\"isPartOf\":{\"@id\":\"https:\/\/in-memoriam.si\/hr\/#website\"},\"datePublished\":\"2024-04-09T17:15:33+00:00\",\"dateModified\":\"2024-05-17T19:19:44+00:00\",\"description\":\"Cjenik usluga po\u0161tovanog pristupa sje\u0107anjima pokojnika skeniranjem QR koda na nadgrobnim spomenicima. Provjerite na\u0161 cjenik i odaberite najprikladniji paket.\",\"breadcrumb\":{\"@id\":\"https:\/\/in-memoriam.si\/hr\/cjenik-usluga\/#breadcrumb\"},\"inLanguage\":\"hr\",\"potentialAction\":[{\"@type\":\"ReadAction\",\"target\":[\"https:\/\/in-memoriam.si\/hr\/cjenik-usluga\/\"]}]},{\"@type\":\"BreadcrumbList\",\"@id\":\"https:\/\/in-memoriam.si\/hr\/cjenik-usluga\/#breadcrumb\",\"itemListElement\":[{\"@type\":\"ListItem\",\"position\":1,\"name\":\"Home\",\"item\":\"https:\/\/in-memoriam.si\/hr\/in-memoriam\/\"},{\"@type\":\"ListItem\",\"position\":2,\"name\":\"CJENIK USLUGA\"}]},{\"@type\":\"WebSite\",\"@id\":\"https:\/\/in-memoriam.si\/hr\/#website\",\"url\":\"https:\/\/in-memoriam.si\/hr\/\",\"name\":\"in memoriam - v spomin\",\"description\":\"spomini na na&scaron;e drage pokojne\",\"publisher\":{\"@id\":\"https:\/\/in-memoriam.si\/hr\/#organization\"},\"alternateName\":\"Plo\u0161\u010dice s QR kodo\",\"potentialAction\":[{\"@type\":\"SearchAction\",\"target\":{\"@type\":\"EntryPoint\",\"urlTemplate\":\"https:\/\/in-memoriam.si\/hr\/?s={search_term_string}\"},\"query-input\":{\"@type\":\"PropertyValueSpecification\",\"valueRequired\":true,\"valueName\":\"search_term_string\"}}],\"inLanguage\":\"hr\"},{\"@type\":\"Organization\",\"@id\":\"https:\/\/in-memoriam.si\/hr\/#organization\",\"name\":\"in memoriam\",\"url\":\"https:\/\/in-memoriam.si\/hr\/\",\"logo\":{\"@type\":\"ImageObject\",\"inLanguage\":\"hr\",\"@id\":\"https:\/\/in-memoriam.si\/hr\/#\/schema\/logo\/image\/\",\"url\":\"https:\/\/in-memoriam.si\/wp-content\/uploads\/2024\/04\/inmemoriam-web-logo.webp\",\"contentUrl\":\"https:\/\/in-memoriam.si\/wp-content\/uploads\/2024\/04\/inmemoriam-web-logo.webp\",\"width\":300,\"height\":50,\"caption\":\"in memoriam\"},\"image\":{\"@id\":\"https:\/\/in-memoriam.si\/hr\/#\/schema\/logo\/image\/\"},\"sameAs\":[\"https:\/\/www.facebook.com\/FotoSimonka\"]}]}<\/script>\n<!-- \/ Yoast SEO Premium plugin. -->","yoast_head_json":{"title":"Cjenik usluga na web stranici in-memoriam.si - in memoriam","description":"Cjenik usluga po\u0161tovanog pristupa sje\u0107anjima pokojnika skeniranjem QR koda na nadgrobnim spomenicima. Provjerite na\u0161 cjenik i odaberite najprikladniji paket.","robots":{"index":"index","follow":"follow","max-snippet":"max-snippet:-1","max-image-preview":"max-image-preview:large","max-video-preview":"max-video-preview:-1"},"canonical":"https:\/\/in-memoriam.si\/hr\/cjenik-usluga\/","og_locale":"hr_HR","og_type":"article","og_title":"CJENIK USLUGA","og_description":"Cjenik usluga po\u0161tovanog pristupa sje\u0107anjima pokojnika skeniranjem QR koda na nadgrobnim spomenicima. Provjerite na\u0161 cjenik i odaberite najprikladniji paket.","og_url":"https:\/\/in-memoriam.si\/hr\/cjenik-usluga\/","og_site_name":"in memoriam","article_publisher":"https:\/\/www.facebook.com\/FotoSimonka","article_modified_time":"2024-05-17T19:19:44+00:00","og_image":[{"width":2200,"height":1257,"url":"https:\/\/in-memoriam.si\/wp-content\/uploads\/2024\/05\/inmemoriam-014.webp","type":"image\/webp"}],"twitter_card":"summary_large_image","twitter_misc":{"Procijenjeno vrijeme \u010ditanja":"4 minute"},"schema":{"@context":"https:\/\/schema.org","@graph":[{"@type":"WebPage","@id":"https:\/\/in-memoriam.si\/hr\/cjenik-usluga\/","url":"https:\/\/in-memoriam.si\/hr\/cjenik-usluga\/","name":"Cjenik usluga na web stranici in-memoriam.si - in memoriam","isPartOf":{"@id":"https:\/\/in-memoriam.si\/hr\/#website"},"datePublished":"2024-04-09T17:15:33+00:00","dateModified":"2024-05-17T19:19:44+00:00","description":"Cjenik usluga po\u0161tovanog pristupa sje\u0107anjima pokojnika skeniranjem QR koda na nadgrobnim spomenicima. Provjerite na\u0161 cjenik i odaberite najprikladniji paket.","breadcrumb":{"@id":"https:\/\/in-memoriam.si\/hr\/cjenik-usluga\/#breadcrumb"},"inLanguage":"hr","potentialAction":[{"@type":"ReadAction","target":["https:\/\/in-memoriam.si\/hr\/cjenik-usluga\/"]}]},{"@type":"BreadcrumbList","@id":"https:\/\/in-memoriam.si\/hr\/cjenik-usluga\/#breadcrumb","itemListElement":[{"@type":"ListItem","position":1,"name":"Home","item":"https:\/\/in-memoriam.si\/hr\/in-memoriam\/"},{"@type":"ListItem","position":2,"name":"CJENIK USLUGA"}]},{"@type":"WebSite","@id":"https:\/\/in-memoriam.si\/hr\/#website","url":"https:\/\/in-memoriam.si\/hr\/","name":"in memoriam - v spomin","description":"spomini na na&scaron;e drage pokojne","publisher":{"@id":"https:\/\/in-memoriam.si\/hr\/#organization"},"alternateName":"Plo\u0161\u010dice s QR kodo","potentialAction":[{"@type":"SearchAction","target":{"@type":"EntryPoint","urlTemplate":"https:\/\/in-memoriam.si\/hr\/?s={search_term_string}"},"query-input":{"@type":"PropertyValueSpecification","valueRequired":true,"valueName":"search_term_string"}}],"inLanguage":"hr"},{"@type":"Organization","@id":"https:\/\/in-memoriam.si\/hr\/#organization","name":"in memoriam","url":"https:\/\/in-memoriam.si\/hr\/","logo":{"@type":"ImageObject","inLanguage":"hr","@id":"https:\/\/in-memoriam.si\/hr\/#\/schema\/logo\/image\/","url":"https:\/\/in-memoriam.si\/wp-content\/uploads\/2024\/04\/inmemoriam-web-logo.webp","contentUrl":"https:\/\/in-memoriam.si\/wp-content\/uploads\/2024\/04\/inmemoriam-web-logo.webp","width":300,"height":50,"caption":"in memoriam"},"image":{"@id":"https:\/\/in-memoriam.si\/hr\/#\/schema\/logo\/image\/"},"sameAs":["https:\/\/www.facebook.com\/FotoSimonka"]}]}},"_links":{"self":[{"href":"https:\/\/in-memoriam.si\/hr\/wp-json\/wp\/v2\/pages\/1795"}],"collection":[{"href":"https:\/\/in-memoriam.si\/hr\/wp-json\/wp\/v2\/pages"}],"about":[{"href":"https:\/\/in-memoriam.si\/hr\/wp-json\/wp\/v2\/types\/page"}],"author":[{"embeddable":true,"href":"https:\/\/in-memoriam.si\/hr\/wp-json\/wp\/v2\/users\/1"}],"replies":[{"embeddable":true,"href":"https:\/\/in-memoriam.si\/hr\/wp-json\/wp\/v2\/comments?post=1795"}],"version-history":[{"count":3,"href":"https:\/\/in-memoriam.si\/hr\/wp-json\/wp\/v2\/pages\/1795\/revisions"}],"predecessor-version":[{"id":2580,"href":"https:\/\/in-memoriam.si\/hr\/wp-json\/wp\/v2\/pages\/1795\/revisions\/2580"}],"wp:attachment":[{"href":"https:\/\/in-memoriam.si\/hr\/wp-json\/wp\/v2\/media?parent=1795"}],"curies":[{"name":"wp","href":"https:\/\/api.w.org\/{rel}","templated":true}]}}