{"id":1802,"date":"2024-04-09T19:13:28","date_gmt":"2024-04-09T19:13:28","guid":{"rendered":"https:\/\/in-memoriam.si\/ogranicenje-odgovornosti\/"},"modified":"2024-05-11T18:43:44","modified_gmt":"2024-05-11T18:43:44","slug":"ogranicenje-odgovornosti","status":"publish","type":"page","link":"https:\/\/in-memoriam.si\/hr\/ogranicenje-odgovornosti\/","title":{"rendered":"Ograni\u010denje odgovornosti"},"content":{"rendered":"<div class=\"wpb-content-wrapper\"><p>[vc_row][vc_column][vc_custom_heading text=&#8221;OGRANI\u010cENJE ODGOVORNOSTI&#8221; use_theme_fonts=&#8221;yes&#8221;][vc_separator wd_hide_on_desktop=&#8221;no&#8221; wd_hide_on_tablet=&#8221;no&#8221; wd_hide_on_mobile=&#8221;no&#8221;][\/vc_column][\/vc_row][vc_row][vc_column]\t\t<div id=\"wd-663b24900a5f8\" class=\"wd-text-block wd-wpb reset-last-child wd-rs-663b24900a5f8 text-left wd-fontsize-m \">\n\t\t\t<div class=\"vc_row wpb_row vc_row-fluid\">\n<div class=\"wpb_column vc_column_container vc_col-sm-12\">\n<div class=\"vc_column-inner\">\n<div class=\"wpb_wrapper\">\n<div class=\"vc_separator wpb_content_element vc_separator_align_center vc_sep_width_100 vc_sep_pos_align_center vc_separator_no_text vc_sep_color_green\"><\/div>\n<\/div>\n<\/div>\n<\/div>\n<\/div>\n<div class=\"vc_row wpb_row vc_row-fluid\">\n<div class=\"wpb_column vc_column_container vc_col-sm-12\">\n<div class=\"vc_column-inner\">\n<div class=\"wpb_wrapper\">\n<div class=\"wpb_text_column wpb_content_element\">\n<div class=\"wpb_wrapper\">\n<p>Tvrtka Foto \u0160imonka, Jolanda \u0160imonka Mili\u010d sp nije odgovorna za komplikacije i probleme koji bi nastali eventualnim nepropisnim kori\u0161tenjem roba\/usluga.<\/p>\n<p>Tvrtka Foto \u0160imonka, Jolanda \u0160imonka Mili\u010d sp, ne odgovara za eventualne povremene probleme u radu web stranice www.in-memoriam.si, eventualnu neto\u010dnost informacija, niti za mogu\u0107u \u0161tetu nastalu kori\u0161tenjem neto\u010dnih ili nepotpunih informacija.<\/p>\n<p>Foto \u0160imonka, Jolanda \u0160imonka Mili\u010d sp nastoji osigurati a\u017eurnost i to\u010dnost podataka objavljenih na web stranici. Unato\u010d tome, karakteristike artikla, rok isporuke ili cijena mogu se promijeniti tako brzo da tvrtka nije u mogu\u0107nosti ispraviti objavljene podatke. U tom slu\u010daju obavijestit \u0107emo kupca o promjenama i omogu\u0107iti mu odustajanje od ugovora ili zamjenu naru\u010denog artikla. Sve fotografije proizvoda su simboli\u010dne i ne jam\u010de karakteristike proizvoda.<\/p>\n<p>Foto \u0160imonka sp zadr\u017eava pravo odustajanja od ugovora odn izvr\u0161enje naloga, ako se utvrdi o\u010dita pogre\u0161ka (\u010dl. 46. OZ-a). O\u010ditom pogre\u0161kom smatra se pogre\u0161ka u bitnim svojstvima artikla i sve pogre\u0161ke koje se prema obi\u010dajima obrta ili prema namjeri kupaca smatraju odlu\u010duju\u0107ima i koje Foto \u0160imonka sp. Ovo tako\u0111er uklju\u010duje o\u010dite pogre\u0161ke u odre\u0111ivanju cijena koje mogu biti posljedica tehni\u010dkih ili drugih problema.<\/p>\n<p>Tvrtka Foto \u0160imonka sp ne preuzima odgovornost za autorska prava dostavljenih tekstova i njihovu ispravnost te gramati\u010dke i druge pogre\u0161ke u tekstu. Iz tog razloga klijent provjerava sve elemente stranice prije objave te potvr\u0111uje ili odbija objavu iste.<\/p>\n<p>&nbsp;<\/p>\n<\/div>\n<\/div>\n<\/div>\n<\/div>\n<\/div>\n<\/div>\n\t\t<\/div>\n\t\t[\/vc_column][\/vc_row]<\/p>\n<\/div>","protected":false},"excerpt":{"rendered":"<p>[vc_row][vc_column][vc_custom_heading text=&#8221;OGRANI\u010cENJE ODGOVORNOSTI&#8221; use_theme_fonts=&#8221;yes&#8221;][vc_separator wd_hide_on_desktop=&#8221;no&#8221; wd_hide_on_tablet=&#8221;no&#8221; wd_hide_on_mobile=&#8221;no&#8221;][\/vc_column][\/vc_row][vc_row][vc_column][\/vc_column][\/vc_row]<\/p>\n","protected":false},"author":1,"featured_media":0,"parent":0,"menu_order":0,"comment_status":"closed","ping_status":"closed","template":"","meta":{"footnotes":""},"yoast_head":"<!-- This site is optimized with the Yoast SEO Premium plugin v23.5 (Yoast SEO v24.5) - https:\/\/yoast.com\/wordpress\/plugins\/seo\/ -->\n<title>Ograni\u010denje odgovornosti - in memoriam<\/title>\n<meta name=\"robots\" content=\"index, follow, max-snippet:-1, max-image-preview:large, max-video-preview:-1\" \/>\n<link rel=\"canonical\" href=\"https:\/\/in-memoriam.si\/hr\/ogranicenje-odgovornosti\/\" \/>\n<meta property=\"og:locale\" content=\"hr_HR\" \/>\n<meta property=\"og:type\" content=\"article\" \/>\n<meta property=\"og:title\" content=\"Ograni\u010denje odgovornosti\" \/>\n<meta property=\"og:description\" content=\"[vc_row][vc_column][vc_custom_heading text=&#8221;OGRANI\u010cENJE ODGOVORNOSTI&#8221; use_theme_fonts=&#8221;yes&#8221;][vc_separator wd_hide_on_desktop=&#8221;no&#8221; wd_hide_on_tablet=&#8221;no&#8221; wd_hide_on_mobile=&#8221;no&#8221;][\/vc_column][\/vc_row][vc_row][vc_column][\/vc_column][\/vc_row]\" \/>\n<meta property=\"og:url\" content=\"https:\/\/in-memoriam.si\/hr\/ogranicenje-odgovornosti\/\" \/>\n<meta property=\"og:site_name\" content=\"in memoriam\" \/>\n<meta property=\"article:publisher\" content=\"https:\/\/www.facebook.com\/FotoSimonka\" \/>\n<meta property=\"article:modified_time\" content=\"2024-05-11T18:43:44+00:00\" \/>\n<meta property=\"og:image\" content=\"https:\/\/in-memoriam.si\/wp-content\/uploads\/2024\/05\/inmemoriam-014.webp\" \/>\n\t<meta property=\"og:image:width\" content=\"2200\" \/>\n\t<meta property=\"og:image:height\" content=\"1257\" \/>\n\t<meta property=\"og:image:type\" content=\"image\/webp\" \/>\n<meta name=\"twitter:card\" content=\"summary_large_image\" \/>\n<meta name=\"twitter:label1\" content=\"Procijenjeno vrijeme \u010ditanja\" \/>\n\t<meta name=\"twitter:data1\" content=\"2 minute\" \/>\n<script type=\"application\/ld+json\" class=\"yoast-schema-graph\">{\"@context\":\"https:\/\/schema.org\",\"@graph\":[{\"@type\":\"WebPage\",\"@id\":\"https:\/\/in-memoriam.si\/hr\/ogranicenje-odgovornosti\/\",\"url\":\"https:\/\/in-memoriam.si\/hr\/ogranicenje-odgovornosti\/\",\"name\":\"Ograni\u010denje odgovornosti - in memoriam\",\"isPartOf\":{\"@id\":\"https:\/\/in-memoriam.si\/hr\/#website\"},\"datePublished\":\"2024-04-09T19:13:28+00:00\",\"dateModified\":\"2024-05-11T18:43:44+00:00\",\"breadcrumb\":{\"@id\":\"https:\/\/in-memoriam.si\/hr\/ogranicenje-odgovornosti\/#breadcrumb\"},\"inLanguage\":\"hr\",\"potentialAction\":[{\"@type\":\"ReadAction\",\"target\":[\"https:\/\/in-memoriam.si\/hr\/ogranicenje-odgovornosti\/\"]}]},{\"@type\":\"BreadcrumbList\",\"@id\":\"https:\/\/in-memoriam.si\/hr\/ogranicenje-odgovornosti\/#breadcrumb\",\"itemListElement\":[{\"@type\":\"ListItem\",\"position\":1,\"name\":\"Home\",\"item\":\"https:\/\/in-memoriam.si\/hr\/in-memoriam\/\"},{\"@type\":\"ListItem\",\"position\":2,\"name\":\"Ograni\u010denje odgovornosti\"}]},{\"@type\":\"WebSite\",\"@id\":\"https:\/\/in-memoriam.si\/hr\/#website\",\"url\":\"https:\/\/in-memoriam.si\/hr\/\",\"name\":\"in memoriam - v spomin\",\"description\":\"spomini na na&scaron;e drage pokojne\",\"publisher\":{\"@id\":\"https:\/\/in-memoriam.si\/hr\/#organization\"},\"alternateName\":\"Plo\u0161\u010dice s QR kodo\",\"potentialAction\":[{\"@type\":\"SearchAction\",\"target\":{\"@type\":\"EntryPoint\",\"urlTemplate\":\"https:\/\/in-memoriam.si\/hr\/?s={search_term_string}\"},\"query-input\":{\"@type\":\"PropertyValueSpecification\",\"valueRequired\":true,\"valueName\":\"search_term_string\"}}],\"inLanguage\":\"hr\"},{\"@type\":\"Organization\",\"@id\":\"https:\/\/in-memoriam.si\/hr\/#organization\",\"name\":\"in memoriam\",\"url\":\"https:\/\/in-memoriam.si\/hr\/\",\"logo\":{\"@type\":\"ImageObject\",\"inLanguage\":\"hr\",\"@id\":\"https:\/\/in-memoriam.si\/hr\/#\/schema\/logo\/image\/\",\"url\":\"https:\/\/in-memoriam.si\/wp-content\/uploads\/2024\/04\/inmemoriam-web-logo.webp\",\"contentUrl\":\"https:\/\/in-memoriam.si\/wp-content\/uploads\/2024\/04\/inmemoriam-web-logo.webp\",\"width\":300,\"height\":50,\"caption\":\"in memoriam\"},\"image\":{\"@id\":\"https:\/\/in-memoriam.si\/hr\/#\/schema\/logo\/image\/\"},\"sameAs\":[\"https:\/\/www.facebook.com\/FotoSimonka\"]}]}<\/script>\n<!-- \/ Yoast SEO Premium plugin. -->","yoast_head_json":{"title":"Ograni\u010denje odgovornosti - in memoriam","robots":{"index":"index","follow":"follow","max-snippet":"max-snippet:-1","max-image-preview":"max-image-preview:large","max-video-preview":"max-video-preview:-1"},"canonical":"https:\/\/in-memoriam.si\/hr\/ogranicenje-odgovornosti\/","og_locale":"hr_HR","og_type":"article","og_title":"Ograni\u010denje odgovornosti","og_description":"[vc_row][vc_column][vc_custom_heading text=&#8221;OGRANI\u010cENJE ODGOVORNOSTI&#8221; use_theme_fonts=&#8221;yes&#8221;][vc_separator wd_hide_on_desktop=&#8221;no&#8221; wd_hide_on_tablet=&#8221;no&#8221; wd_hide_on_mobile=&#8221;no&#8221;][\/vc_column][\/vc_row][vc_row][vc_column][\/vc_column][\/vc_row]","og_url":"https:\/\/in-memoriam.si\/hr\/ogranicenje-odgovornosti\/","og_site_name":"in memoriam","article_publisher":"https:\/\/www.facebook.com\/FotoSimonka","article_modified_time":"2024-05-11T18:43:44+00:00","og_image":[{"width":2200,"height":1257,"url":"https:\/\/in-memoriam.si\/wp-content\/uploads\/2024\/05\/inmemoriam-014.webp","type":"image\/webp"}],"twitter_card":"summary_large_image","twitter_misc":{"Procijenjeno vrijeme \u010ditanja":"2 minute"},"schema":{"@context":"https:\/\/schema.org","@graph":[{"@type":"WebPage","@id":"https:\/\/in-memoriam.si\/hr\/ogranicenje-odgovornosti\/","url":"https:\/\/in-memoriam.si\/hr\/ogranicenje-odgovornosti\/","name":"Ograni\u010denje odgovornosti - in memoriam","isPartOf":{"@id":"https:\/\/in-memoriam.si\/hr\/#website"},"datePublished":"2024-04-09T19:13:28+00:00","dateModified":"2024-05-11T18:43:44+00:00","breadcrumb":{"@id":"https:\/\/in-memoriam.si\/hr\/ogranicenje-odgovornosti\/#breadcrumb"},"inLanguage":"hr","potentialAction":[{"@type":"ReadAction","target":["https:\/\/in-memoriam.si\/hr\/ogranicenje-odgovornosti\/"]}]},{"@type":"BreadcrumbList","@id":"https:\/\/in-memoriam.si\/hr\/ogranicenje-odgovornosti\/#breadcrumb","itemListElement":[{"@type":"ListItem","position":1,"name":"Home","item":"https:\/\/in-memoriam.si\/hr\/in-memoriam\/"},{"@type":"ListItem","position":2,"name":"Ograni\u010denje odgovornosti"}]},{"@type":"WebSite","@id":"https:\/\/in-memoriam.si\/hr\/#website","url":"https:\/\/in-memoriam.si\/hr\/","name":"in memoriam - v spomin","description":"spomini na na&scaron;e drage pokojne","publisher":{"@id":"https:\/\/in-memoriam.si\/hr\/#organization"},"alternateName":"Plo\u0161\u010dice s QR kodo","potentialAction":[{"@type":"SearchAction","target":{"@type":"EntryPoint","urlTemplate":"https:\/\/in-memoriam.si\/hr\/?s={search_term_string}"},"query-input":{"@type":"PropertyValueSpecification","valueRequired":true,"valueName":"search_term_string"}}],"inLanguage":"hr"},{"@type":"Organization","@id":"https:\/\/in-memoriam.si\/hr\/#organization","name":"in memoriam","url":"https:\/\/in-memoriam.si\/hr\/","logo":{"@type":"ImageObject","inLanguage":"hr","@id":"https:\/\/in-memoriam.si\/hr\/#\/schema\/logo\/image\/","url":"https:\/\/in-memoriam.si\/wp-content\/uploads\/2024\/04\/inmemoriam-web-logo.webp","contentUrl":"https:\/\/in-memoriam.si\/wp-content\/uploads\/2024\/04\/inmemoriam-web-logo.webp","width":300,"height":50,"caption":"in memoriam"},"image":{"@id":"https:\/\/in-memoriam.si\/hr\/#\/schema\/logo\/image\/"},"sameAs":["https:\/\/www.facebook.com\/FotoSimonka"]}]}},"_links":{"self":[{"href":"https:\/\/in-memoriam.si\/hr\/wp-json\/wp\/v2\/pages\/1802"}],"collection":[{"href":"https:\/\/in-memoriam.si\/hr\/wp-json\/wp\/v2\/pages"}],"about":[{"href":"https:\/\/in-memoriam.si\/hr\/wp-json\/wp\/v2\/types\/page"}],"author":[{"embeddable":true,"href":"https:\/\/in-memoriam.si\/hr\/wp-json\/wp\/v2\/users\/1"}],"replies":[{"embeddable":true,"href":"https:\/\/in-memoriam.si\/hr\/wp-json\/wp\/v2\/comments?post=1802"}],"version-history":[{"count":0,"href":"https:\/\/in-memoriam.si\/hr\/wp-json\/wp\/v2\/pages\/1802\/revisions"}],"wp:attachment":[{"href":"https:\/\/in-memoriam.si\/hr\/wp-json\/wp\/v2\/media?parent=1802"}],"curies":[{"name":"wp","href":"https:\/\/api.w.org\/{rel}","templated":true}]}}