{"id":1811,"date":"2024-04-07T16:42:27","date_gmt":"2024-04-07T16:42:27","guid":{"rendered":"https:\/\/in-memoriam.si\/uvjeti-poslovanja\/"},"modified":"2024-05-11T18:45:06","modified_gmt":"2024-05-11T18:45:06","slug":"uvjeti-poslovanja","status":"publish","type":"page","link":"https:\/\/in-memoriam.si\/hr\/uvjeti-poslovanja\/","title":{"rendered":"Uvjeti poslovanja"},"content":{"rendered":"<div class=\"wpb-content-wrapper\"><p>[vc_row][vc_column][vc_custom_heading text=&#8221;UVJETI POSLOVANJA&#8221; use_theme_fonts=&#8221;yes&#8221;][vc_separator wd_hide_on_desktop=&#8221;no&#8221; wd_hide_on_tablet=&#8221;no&#8221; wd_hide_on_mobile=&#8221;no&#8221;][\/vc_column][\/vc_row][vc_row][vc_column]\t\t<div id=\"wd-663b2c70291d5\" class=\"wd-text-block wd-wpb reset-last-child wd-rs-663b2c70291d5 text-left wd-fontsize-m \">\n\t\t\t<div class=\"vc_row wpb_row vc_row-fluid\">\n<div class=\"wpb_column vc_column_container vc_col-sm-12\">\n<div class=\"vc_column-inner\">\n<div class=\"wpb_wrapper\">\n<div class=\"wpb_text_column wpb_content_element\">\n<div class=\"wpb_wrapper\">\n<p>Op\u0107i uvjeti internet trgovine in-memoriam.si sastavljeni su u skladu sa Zakonom o za\u0161titi potro\u0161a\u010da (ZVPot), Zakonom o za\u0161titi osobnih podataka (ZVOP-1) i Zakonom o elektroni\u010dkim komunikacijama (ZEKom-1).<\/p>\n<p>Internetskom trgovinom in-memoriam.si (u daljnjem tekstu i &#8220;trgovina&#8221;) upravlja tvrtka Foto \u0160imonka, Jolanda \u0160imonka Mili\u010d sp D\u0161 SI21230595, koja je ujedno i pru\u017eatelj usluga e-poslovanja (u daljnjem tekstu i prodavatelj ili tvrtka ili u -memoriam si ili pru\u017eatelj web sadr\u017eaja).<br \/>\nOp\u0107i uvjeti poslovanja odre\u0111uju na\u010din rada in-memoriam.si internet trgovine, prava i obveze korisnika i trgovine te reguliraju poslovni odnos izme\u0111u in-memoriam.si i kupca. Op\u0107im uvjetima poslovanja ure\u0111ena su i pojedina\u010dna pravila kupnje na preuzimanjima Foto \u0160imonka, Jolanda \u0160imonka Mili\u010d sp.<\/p>\n<p>Kupac je vezan op\u0107im uvjetima va\u017ee\u0107im u trenutku kupnje (podno\u0161enja online narud\u017ebe). Prilikom narud\u017ebe korisnik se posebno podsje\u0107a na op\u0107e uvjete poslovanja te svojom narud\u017ebom potvr\u0111uje upoznatost s njima. Isporukom narud\u017ebe u bilo kojem obliku smatra se da u cijelosti prihva\u0107ate ove Op\u0107e uvjete, uklju\u010duju\u0107i uvjete prava na odustanak od ugovora. Op\u0107e uvjete poslovanja mo\u017eete pogledati i na mjestima preuzimanja Foto \u0160imonka sp.<\/p>\n<p>Foto \u0160imonka, Jolanda \u0160imonka Mili\u010d sp zadr\u017eava pravo izmjene sadr\u017eaja objavljenih na web stranici in-memoriam.si<\/p>\n<h4>Dostupnost informacija<\/h4>\n<p>Foto \u0160imonka, Jolanda \u0160imonka Mili\u010d sp se obvezuje kupcu i prije obvezivanja ugovorom ili ponudom dati sljede\u0107e podatke:<\/p>\n<p>&#8211; podaci o poduze\u0107u Foto \u0160imonka, Jolanda \u0160imonka Mili\u010d sp. (naziv i sjedi\u0161te tvrtke, mati\u010dni broj),<br \/>\n\u2013 kontakt podatke koji korisniku omogu\u0107uju brzu i u\u010dinkovitu komunikaciju (e-mail, telefon),<br \/>\n\u2013 bitna svojstva artikala (uklju\u010duju\u0107i usluge nakon prodaje i jamstva) i rok valjanosti ovih informacija,<br \/>\n&#8211; dostupnost artikala (svaki artikl koji se nudi na web stranici trebao bi biti dostupan u razumnom roku),<br \/>\n\u2013 uvjete dostave artikala (te na\u010din, mjesto i rok dostave),<br \/>\n\u2013 cijene, koje moraju biti jasno i nedvosmisleno odre\u0111ene i iz kojih mora biti vidljivo da li ve\u0107 sadr\u017ee poreze i tro\u0161kove prijevoza i druge naknade, kao i rok va\u017eenja tih podataka,<br \/>\n\u2013 na\u010din pla\u0107anja i dostave ili ispunjenja te rok valjanosti ovih podataka,<br \/>\n\u2013 vremenska valjanost ponude,<br \/>\n\u2013 rok u kojem je mogu\u0107e odustati od ugovora i uvjete odustajanja (opis prava na odustanak sukladno 43.\u010d ZVPot; u slu\u010dajevima kada potro\u0161a\u010d nema pravo na odustanak sukladno \u010dlanku 43. .\u010d ZVPot, o tome se izri\u010dito obavje\u0161tava ),<br \/>\n\u2013 obja\u0161njenje postupka reklamacije, uklju\u010duju\u0107i sve podatke o kontakt osobi ili slu\u017ebi za korisnike.<\/p>\n<h4>Za\u0161tita osobnih podataka<\/h4>\n<p>Tvrtka se obvezuje \u010duvati povjerljivost osobnih podataka i privatnost korisnika internetske trgovine. Dru\u0161tvo \u0107e prikupljene osobne podatke koristiti isklju\u010divo za pru\u017eanje usluga koje nudi. Tvrtka po\u0161tuje povjerljivost osobnih podataka i privatnost korisnika internetske trgovine, stoga \u0107e u\u010diniti sve da ih za\u0161titi od bilo kakvih povreda i zlouporaba. Osobni podaci korisnika jedno su od podru\u010dja kojem tvrtka posve\u0107uje izuzetnu brigu i pa\u017enju, svjesna osjetljive prirode ovog podru\u010dja.<\/p>\n<p>Prijenos osobnih podataka korisnika tvrtki nu\u017ean je u odre\u0111enim slu\u010dajevima kako bi izvr\u0161itelj obrade kao davatelj mogao ispuniti svoje ugovorne obveze prema korisniku. Pru\u017eatelj trajno \u0161titi prikupljene osobne podatke u skladu sa Zakonom o za\u0161titi osobnih podataka (Slu\u017ebeni glasnik RS, broj 94\/07) (ZVOP-1), Zakonom o elektroni\u010dkim komunikacijama (Slu\u017ebeni glasnik RS, broj 109\/ 12, 110\/13, 40 \/14 &#8211; ZIN-B, 54\/14 &#8211; odl. US, 81\/15 i 40\/17) i Op\u0107e uredbe o za\u0161titi podataka (GDPR). U odre\u0111enim slu\u010dajevima kupac prelazi na druge online sustave gdje kao pru\u017eatelj usluga nemamo kontrolu nad upravljanjem osobnim podacima. (sustavi pla\u0107anja)<\/p>\n<h4>Kori\u0161tenje osobnih podataka<\/h4>\n<p>Za potrebe pru\u017eanja usluga koje nudi, tvrtka prikuplja, upravlja, obra\u0111uje i pohranjuje sljede\u0107e korisni\u010dke podatke:<br \/>\n&#8211; ime i prezime<br \/>\n\u2013 adrese za dostavu<br \/>\n&#8211; tvrtka odn naziv pravne osobe (ako je korisnik pravna osoba)<br \/>\n\u2013 porezni broj pravne osobe (ako je korisnik pravna osoba)<br \/>\n\u2013 email adresa (korisni\u010dko ime)<br \/>\n\u2013 lozinka u \u0161ifriranom obliku<br \/>\n\u2013 kontakt telefon<br \/>\n&#8211; zemlja prebivali\u0161ta<br \/>\n\u2013 ostale podatke koje korisnik dobrovoljno unese u obrasce u internetskoj trgovini<br \/>\n\u2013 ostale podatke koje korisnik dobrovoljno naknadno unese u svoj profil<\/p>\n<p>Tvrtka ne odgovara za ispravnost, potpunost i a\u017eurnost podataka koje unose korisnici.<br \/>\nPru\u017eatelj ne proslje\u0111uje podatke tre\u0107im stranama, osim ugovornim suradnicima s kojima pru\u017eatelj ima sklopljen ugovor o za\u0161titi osobnih podataka i koji su ugovorno vezani na iste standarde za\u0161tite osobnih podataka kao i pru\u017eatelj.<br \/>\nDavatelj prikuplja osobne podatke uz izri\u010ditu privolu odn pristankom pojedinaca. \u010cuva suglasnosti zajedno s njihovim sadr\u017eajem i sadr\u017eajem obrasca s kojim su dobivene.<br \/>\nPru\u017eatelj \u010duva zbirke osobnih podataka na podru\u010dju Republike Slovenije i ne iznosi ih u druge dr\u017eave.<\/p>\n<h4>Provedba politike privatnosti<\/h4>\n<p>Sukladno Zakonu o za\u0161titi osobnih podataka, tvrtka ima za\u0161titu osobnih podataka ure\u0111enu Pravilnikom o za\u0161titi osobnih podataka.<br \/>\nSvi zaposlenici tvrtke na puno ili nepuno radno vrijeme koji imaju pristup osobnim i drugim podacima korisnika upoznati su s odredbama Pravilnika o za\u0161titi osobnih podataka i du\u017enosti za\u0161tite osobnih i drugih podataka te su du\u017eni pridr\u017eavati se ovih odredbi o za\u0161titi povjerljivosti osobnih podataka i privatnosti korisnika internetskih trgovina. Du\u017enost za\u0161tite osobnih i drugih podataka vrijedi na neodre\u0111eno vrijeme i nakon prestanka odnosa s tvrtkom.<\/p>\n<p>Registrirani korisnici mogu u bilo kojem trenutku prestati koristiti internetsku trgovinu i mogu otkazati svoju registraciju. To \u010dine pisanom objavom poni\u0161tenja registracije. Prije podno\u0161enja izjave o poni\u0161tenju registracije, korisnik je du\u017ean podmiriti sve dospjele obveze prema tvrtki iz kupnje obavljene u internetskoj trgovini. Tvrtka \u0107e u okviru ove politike privatnosti \u010duvati povjerljivost osobnih podataka i privatnost korisnika internetske trgovine i u slu\u010daju otkazivanja registracije.<\/p>\n<h4>Pravo na obavijest i brisanje<\/h4>\n<p>Imate pravo na informaciju o Va\u0161im osobnim podacima koje imamo, kao i pravo na brisanje tih podataka. Ukoliko imate pitanja u vezi s brisanjem, obradom ili kori\u0161tenjem Va\u0161ih podataka, obratite se na: info@foto-simonka.si ili nam po\u0161aljite zahtjev po\u0161tom.<\/p>\n<p>Obavijesti o statusu narud\u017ebe: Zadr\u017eavamo pravo obavijestiti vas putem SMS-a kada je va\u0161a narud\u017eba otpremljena ili kada je narud\u017eba spremna za osobno preuzimanje na broj telefona koji ste unijeli prilikom naru\u010divanja. Ukoliko predmeti za osobno preuzimanje nisu preuzeti vi\u0161e od 5 dana, zadr\u017eavamo pravo poziva na navedeni broj telefona kao podsjetnik za preuzimanje predmeta.<\/p>\n<p>Obavijesti: Nakon prijave za primanje obavijesti, va\u0161e ime, telefonski broj i adresa e-po\u0161te koristit \u0107e se uz va\u0161e dopu\u0161tenje u promotivne svrhe dok ne otka\u017eete pretplatu na obavijesti. Za primanje obavijesti prijavljeni ste samo ako je prilikom narud\u017ebe ozna\u010dena posebna ku\u0107ica koja vam omogu\u0107uje pretplatu na obavijesti.<\/p>\n<p>Iz baze primatelja obavijesti mo\u017eete se u bilo kojem trenutku odjaviti porukom na info@foto-simonka.si ili klikom na poveznicu &#8220;Odjava&#8221; na dnu promotivnih e-mailova.<\/p>\n<p>Svaki pojedinac \u010dije osobne podatke pru\u017eatelj prikuplja, pohranjuje i obra\u0111uje ima sljede\u0107a prava u vezi s tim podacima:<br \/>\n\u2013 Pravo na zaborav \u2013 ako pojedinac vi\u0161e ne \u017eeli da se njegovi osobni podaci koje pohranjuje i obra\u0111uje obra\u0111iva\u010d obra\u0111uju te pod uvjetom da ne postoje opravdani razlozi za njihovo daljnje pohranjivanje, od izvr\u0161itelja obrade mo\u017ee se u bilo kojem trenutku zatra\u017eiti brisanje njegovih podataka. .<br \/>\n\u2013 Pravo znati koliko se dugo \u010duvaju osobni podaci.<br \/>\n\u2013 Pravo tra\u017eiti ispravak, brisanje ili podnijeti prigovor.<br \/>\n&#8211; Pravo na prenosivost &#8211; pojedinac mo\u017ee, u mjeri u kojoj \u017eeli, od izvr\u0161itelja obrade zatra\u017eiti da mu dostavi osobne podatke koji se na njega odnose, a koje je dao voditelju obrade, u strukturiranom, uobi\u010dajeno kori\u0161tenom i strojno \u010ditljivom formatu.<br \/>\n&#8211; Pravo na pravni lijek i sankcije &#8211; pojedinac ima pravo podnijeti prigovor nadzornom tijelu, kao i pravo na pravni lijek protiv odluke nadzornog tijela ili, u slu\u010daju nepostupanja nadzornog tijela, pravo na naknadu i odgovornost.<br \/>\n\u2013 Pravo da se ne podvrgne mjerama koje proizlaze isklju\u010divo iz profiliranja, analize ili predvi\u0111anja kori\u0161tenjem automatiziranih sredstava obrade.<br \/>\n&#8211; Pravo na povla\u010denje privole &#8211; pojedinac ima pravo povu\u0107i privolu za daljnju obradu osobnih podataka, posebice u slu\u010daju izravnog marketinga<\/p>\n<h4>Postupak za ostvarivanje prava<\/h4>\n<p>Upoznat sam da sve gore navedene zahtjeve u vezi s ostvarivanjem prava u vezi s osobnim podacima mogu uputiti pisanim putem voditelju obrade i to na e-mail adresu info@foto-simonka.si.<br \/>\nUpoznat sam da u svrhu pouzdane identifikacije, u slu\u010daju ostvarivanja prava u svezi s osobnim podacima, voditelj obrade mo\u017ee od mene zatra\u017eiti dodatne podatke, a mo\u017ee odbiti poduzimanje radnji samo ako doka\u017ee da me ne mo\u017ee pouzdano identificirati.<br \/>\nUpoznat sam da je administrator du\u017ean odgovoriti na moj zahtjev, kojim ostvarujem svoja prava u vezi s gore navedenim osobnim podacima, bez nepotrebnog odga\u0111anja, a najkasnije u roku od mjesec dana od primitka zahtjeva.<\/p>\n<p>Dru\u0161tvo \u010duva osobne podatke pojedinca do opoziva privole za pohranu i obradu podataka pojedinca. Korisnik mo\u017ee opozvati svoju privolu za primanje elektroni\u010dkih poruka (\u0161to mo\u017ee u\u010diniti slanjem pisanog zahtjeva davatelju na e-mail adresu info@foto-simonka.si) ili zatra\u017eiti da tvrtka odmah i u\u010dinkovito i trajno izbri\u0161e njegove osobne podatke, potpunim brisanjem korisni\u010dkog profila korisnika kod pru\u017eatelja .<\/p>\n<h4>Dodatno<\/h4>\n<p>Sukladno propisima koji ure\u0111uju za\u0161titu osobnih podataka, tvrtka je du\u017ena \u0161tititi osobne podatke korisnika svoje internet trgovine. Ni pod kojim uvjetima tvrtka ne\u0107e proslijediti osobne ili druge korisni\u010dke podatke tre\u0107oj strani ili ne\u0107e dopustiti tre\u0107oj strani uvid u osobne ili druge podatke korisnika, osim ako to od njega zahtijevaju tijela dr\u017eavne vlasti, ako je takva obveza propisana zakonom, ili u dobroj vjeri da je takvo postupanje potrebno radi postupka pred sudovima ili drugim tijelima dr\u017eavne vlasti te radi za\u0161tite i ostvarivanja legitimne interese poduze\u0107a.<\/p>\n<p>Svi osobni i drugi podaci koje \u0107e korisnik dati prilikom prijave u internetsku trgovinu, kao i prilikom naru\u010divanja proizvoda, uklju\u010duju\u0107i i sadr\u017eaj narud\u017ebe, bit \u0107e za\u0161ti\u0107eni sukladno propisima koji ure\u0111uju za\u0161titu osobnih podataka. Tvrtka ne\u0107e koristiti ove podatke u svrhu koja bi na bilo koji na\u010din \u0161tetila korisniku ili drugoj uklju\u010denoj osobi. Tvrtka ne\u0107e koristiti korisni\u010dke podatke za slanje promotivne e-po\u0161te ili drugog ne\u017eeljenog promotivnog materijala, osim za slanje onih promotivnih obavijesti na koje \u0107e se korisnik pretplatiti ili s \u010dime \u0107e se izri\u010dito slo\u017eiti. Tvrtka mo\u017ee koristiti podatke u anonimiziranom sumarnom obliku za potrebe statisti\u010dke analize. Tajnost osobnih i drugih podataka korisnika ne\u0107e biti povrije\u0111ena ni u kojem obliku.<\/p>\n<p>Dru\u0161tvo \u0107e osobne podatke korisnika \u010duvati u zbirci osobnih podataka samo onoliko dugo koliko je prijeko potrebno za postizanje svrhe za koju se osobni podaci prikupljaju i upravljaju.<\/p>\n<p>Tvrtka \u0107e dostavnoj slu\u017ebi povjeriti samo potrebne podatke za dostavu proizvoda kupljenih u internetskoj trgovini (podatke o primatelju i adresu dostave). Tvrtka \u0107e kontaktirati korisnika putem e-maila ako je to potrebno za kupnju u internet trgovini, a putem kontakt telefona samo ako je u procesu registracije ili bilo je problema s kupnjom u online trgovini.<\/p>\n<\/div>\n<\/div>\n<\/div>\n<\/div>\n<\/div>\n<\/div>\n\t\t<\/div>\n\t\t[\/vc_column][\/vc_row]<\/p>\n<\/div>","protected":false},"excerpt":{"rendered":"<p>[vc_row][vc_column][vc_custom_heading text=&#8221;UVJETI POSLOVANJA&#8221; use_theme_fonts=&#8221;yes&#8221;][vc_separator wd_hide_on_desktop=&#8221;no&#8221; wd_hide_on_tablet=&#8221;no&#8221; wd_hide_on_mobile=&#8221;no&#8221;][\/vc_column][\/vc_row][vc_row][vc_column][\/vc_column][\/vc_row]<\/p>\n","protected":false},"author":1,"featured_media":0,"parent":0,"menu_order":0,"comment_status":"closed","ping_status":"open","template":"","meta":{"footnotes":""},"yoast_head":"<!-- This site is optimized with the Yoast SEO Premium plugin v23.5 (Yoast SEO v24.5) - https:\/\/yoast.com\/wordpress\/plugins\/seo\/ -->\n<title>Uvjeti poslovanja - in memoriam<\/title>\n<meta name=\"robots\" content=\"index, follow, max-snippet:-1, max-image-preview:large, max-video-preview:-1\" \/>\n<link rel=\"canonical\" href=\"https:\/\/in-memoriam.si\/hr\/uvjeti-poslovanja\/\" \/>\n<meta property=\"og:locale\" content=\"hr_HR\" \/>\n<meta property=\"og:type\" content=\"article\" \/>\n<meta property=\"og:title\" content=\"Uvjeti poslovanja\" \/>\n<meta property=\"og:description\" content=\"[vc_row][vc_column][vc_custom_heading text=&#8221;UVJETI POSLOVANJA&#8221; use_theme_fonts=&#8221;yes&#8221;][vc_separator wd_hide_on_desktop=&#8221;no&#8221; wd_hide_on_tablet=&#8221;no&#8221; wd_hide_on_mobile=&#8221;no&#8221;][\/vc_column][\/vc_row][vc_row][vc_column][\/vc_column][\/vc_row]\" \/>\n<meta property=\"og:url\" content=\"https:\/\/in-memoriam.si\/hr\/uvjeti-poslovanja\/\" \/>\n<meta property=\"og:site_name\" content=\"in memoriam\" \/>\n<meta property=\"article:publisher\" content=\"https:\/\/www.facebook.com\/FotoSimonka\" \/>\n<meta property=\"article:modified_time\" content=\"2024-05-11T18:45:06+00:00\" \/>\n<meta property=\"og:image\" content=\"https:\/\/in-memoriam.si\/wp-content\/uploads\/2024\/05\/inmemoriam-014.webp\" \/>\n\t<meta property=\"og:image:width\" content=\"2200\" \/>\n\t<meta property=\"og:image:height\" content=\"1257\" \/>\n\t<meta property=\"og:image:type\" content=\"image\/webp\" \/>\n<meta name=\"twitter:card\" content=\"summary_large_image\" \/>\n<meta name=\"twitter:label1\" content=\"Procijenjeno vrijeme \u010ditanja\" \/>\n\t<meta name=\"twitter:data1\" content=\"10 minuta\" \/>\n<script type=\"application\/ld+json\" class=\"yoast-schema-graph\">{\"@context\":\"https:\/\/schema.org\",\"@graph\":[{\"@type\":\"WebPage\",\"@id\":\"https:\/\/in-memoriam.si\/hr\/uvjeti-poslovanja\/\",\"url\":\"https:\/\/in-memoriam.si\/hr\/uvjeti-poslovanja\/\",\"name\":\"Uvjeti poslovanja - in memoriam\",\"isPartOf\":{\"@id\":\"https:\/\/in-memoriam.si\/hr\/#website\"},\"datePublished\":\"2024-04-07T16:42:27+00:00\",\"dateModified\":\"2024-05-11T18:45:06+00:00\",\"breadcrumb\":{\"@id\":\"https:\/\/in-memoriam.si\/hr\/uvjeti-poslovanja\/#breadcrumb\"},\"inLanguage\":\"hr\",\"potentialAction\":[{\"@type\":\"ReadAction\",\"target\":[\"https:\/\/in-memoriam.si\/hr\/uvjeti-poslovanja\/\"]}]},{\"@type\":\"BreadcrumbList\",\"@id\":\"https:\/\/in-memoriam.si\/hr\/uvjeti-poslovanja\/#breadcrumb\",\"itemListElement\":[{\"@type\":\"ListItem\",\"position\":1,\"name\":\"Home\",\"item\":\"https:\/\/in-memoriam.si\/hr\/in-memoriam\/\"},{\"@type\":\"ListItem\",\"position\":2,\"name\":\"Uvjeti poslovanja\"}]},{\"@type\":\"WebSite\",\"@id\":\"https:\/\/in-memoriam.si\/hr\/#website\",\"url\":\"https:\/\/in-memoriam.si\/hr\/\",\"name\":\"in memoriam - v spomin\",\"description\":\"spomini na na&scaron;e drage pokojne\",\"publisher\":{\"@id\":\"https:\/\/in-memoriam.si\/hr\/#organization\"},\"alternateName\":\"Plo\u0161\u010dice s QR kodo\",\"potentialAction\":[{\"@type\":\"SearchAction\",\"target\":{\"@type\":\"EntryPoint\",\"urlTemplate\":\"https:\/\/in-memoriam.si\/hr\/?s={search_term_string}\"},\"query-input\":{\"@type\":\"PropertyValueSpecification\",\"valueRequired\":true,\"valueName\":\"search_term_string\"}}],\"inLanguage\":\"hr\"},{\"@type\":\"Organization\",\"@id\":\"https:\/\/in-memoriam.si\/hr\/#organization\",\"name\":\"in memoriam\",\"url\":\"https:\/\/in-memoriam.si\/hr\/\",\"logo\":{\"@type\":\"ImageObject\",\"inLanguage\":\"hr\",\"@id\":\"https:\/\/in-memoriam.si\/hr\/#\/schema\/logo\/image\/\",\"url\":\"https:\/\/in-memoriam.si\/wp-content\/uploads\/2024\/04\/inmemoriam-web-logo.webp\",\"contentUrl\":\"https:\/\/in-memoriam.si\/wp-content\/uploads\/2024\/04\/inmemoriam-web-logo.webp\",\"width\":300,\"height\":50,\"caption\":\"in memoriam\"},\"image\":{\"@id\":\"https:\/\/in-memoriam.si\/hr\/#\/schema\/logo\/image\/\"},\"sameAs\":[\"https:\/\/www.facebook.com\/FotoSimonka\"]}]}<\/script>\n<!-- \/ Yoast SEO Premium plugin. -->","yoast_head_json":{"title":"Uvjeti poslovanja - in memoriam","robots":{"index":"index","follow":"follow","max-snippet":"max-snippet:-1","max-image-preview":"max-image-preview:large","max-video-preview":"max-video-preview:-1"},"canonical":"https:\/\/in-memoriam.si\/hr\/uvjeti-poslovanja\/","og_locale":"hr_HR","og_type":"article","og_title":"Uvjeti poslovanja","og_description":"[vc_row][vc_column][vc_custom_heading text=&#8221;UVJETI POSLOVANJA&#8221; use_theme_fonts=&#8221;yes&#8221;][vc_separator wd_hide_on_desktop=&#8221;no&#8221; wd_hide_on_tablet=&#8221;no&#8221; wd_hide_on_mobile=&#8221;no&#8221;][\/vc_column][\/vc_row][vc_row][vc_column][\/vc_column][\/vc_row]","og_url":"https:\/\/in-memoriam.si\/hr\/uvjeti-poslovanja\/","og_site_name":"in memoriam","article_publisher":"https:\/\/www.facebook.com\/FotoSimonka","article_modified_time":"2024-05-11T18:45:06+00:00","og_image":[{"width":2200,"height":1257,"url":"https:\/\/in-memoriam.si\/wp-content\/uploads\/2024\/05\/inmemoriam-014.webp","type":"image\/webp"}],"twitter_card":"summary_large_image","twitter_misc":{"Procijenjeno vrijeme \u010ditanja":"10 minuta"},"schema":{"@context":"https:\/\/schema.org","@graph":[{"@type":"WebPage","@id":"https:\/\/in-memoriam.si\/hr\/uvjeti-poslovanja\/","url":"https:\/\/in-memoriam.si\/hr\/uvjeti-poslovanja\/","name":"Uvjeti poslovanja - in memoriam","isPartOf":{"@id":"https:\/\/in-memoriam.si\/hr\/#website"},"datePublished":"2024-04-07T16:42:27+00:00","dateModified":"2024-05-11T18:45:06+00:00","breadcrumb":{"@id":"https:\/\/in-memoriam.si\/hr\/uvjeti-poslovanja\/#breadcrumb"},"inLanguage":"hr","potentialAction":[{"@type":"ReadAction","target":["https:\/\/in-memoriam.si\/hr\/uvjeti-poslovanja\/"]}]},{"@type":"BreadcrumbList","@id":"https:\/\/in-memoriam.si\/hr\/uvjeti-poslovanja\/#breadcrumb","itemListElement":[{"@type":"ListItem","position":1,"name":"Home","item":"https:\/\/in-memoriam.si\/hr\/in-memoriam\/"},{"@type":"ListItem","position":2,"name":"Uvjeti poslovanja"}]},{"@type":"WebSite","@id":"https:\/\/in-memoriam.si\/hr\/#website","url":"https:\/\/in-memoriam.si\/hr\/","name":"in memoriam - v spomin","description":"spomini na na&scaron;e drage pokojne","publisher":{"@id":"https:\/\/in-memoriam.si\/hr\/#organization"},"alternateName":"Plo\u0161\u010dice s QR kodo","potentialAction":[{"@type":"SearchAction","target":{"@type":"EntryPoint","urlTemplate":"https:\/\/in-memoriam.si\/hr\/?s={search_term_string}"},"query-input":{"@type":"PropertyValueSpecification","valueRequired":true,"valueName":"search_term_string"}}],"inLanguage":"hr"},{"@type":"Organization","@id":"https:\/\/in-memoriam.si\/hr\/#organization","name":"in memoriam","url":"https:\/\/in-memoriam.si\/hr\/","logo":{"@type":"ImageObject","inLanguage":"hr","@id":"https:\/\/in-memoriam.si\/hr\/#\/schema\/logo\/image\/","url":"https:\/\/in-memoriam.si\/wp-content\/uploads\/2024\/04\/inmemoriam-web-logo.webp","contentUrl":"https:\/\/in-memoriam.si\/wp-content\/uploads\/2024\/04\/inmemoriam-web-logo.webp","width":300,"height":50,"caption":"in memoriam"},"image":{"@id":"https:\/\/in-memoriam.si\/hr\/#\/schema\/logo\/image\/"},"sameAs":["https:\/\/www.facebook.com\/FotoSimonka"]}]}},"_links":{"self":[{"href":"https:\/\/in-memoriam.si\/hr\/wp-json\/wp\/v2\/pages\/1811"}],"collection":[{"href":"https:\/\/in-memoriam.si\/hr\/wp-json\/wp\/v2\/pages"}],"about":[{"href":"https:\/\/in-memoriam.si\/hr\/wp-json\/wp\/v2\/types\/page"}],"author":[{"embeddable":true,"href":"https:\/\/in-memoriam.si\/hr\/wp-json\/wp\/v2\/users\/1"}],"replies":[{"embeddable":true,"href":"https:\/\/in-memoriam.si\/hr\/wp-json\/wp\/v2\/comments?post=1811"}],"version-history":[{"count":0,"href":"https:\/\/in-memoriam.si\/hr\/wp-json\/wp\/v2\/pages\/1811\/revisions"}],"wp:attachment":[{"href":"https:\/\/in-memoriam.si\/hr\/wp-json\/wp\/v2\/media?parent=1811"}],"curies":[{"name":"wp","href":"https:\/\/api.w.org\/{rel}","templated":true}]}}