{"id":1832,"date":"2024-04-09T20:17:39","date_gmt":"2024-04-09T20:17:39","guid":{"rendered":"https:\/\/in-memoriam.si\/proces-kupnje\/"},"modified":"2024-05-11T18:48:32","modified_gmt":"2024-05-11T18:48:32","slug":"proces-kupnje","status":"publish","type":"page","link":"https:\/\/in-memoriam.si\/hr\/proces-kupnje\/","title":{"rendered":"Proces kupnje"},"content":{"rendered":"<div class=\"wpb-content-wrapper\"><p>[vc_row][vc_column][vc_custom_heading text=&#8221;POSTUPAK KUPNJE&#8221; use_theme_fonts=&#8221;yes&#8221;][vc_separator wd_hide_on_desktop=&#8221;no&#8221; wd_hide_on_tablet=&#8221;no&#8221; wd_hide_on_mobile=&#8221;no&#8221;][\/vc_column][\/vc_row][vc_row][vc_column]\t\t<div id=\"wd-663b222b946ad\" class=\"wd-text-block wd-wpb reset-last-child wd-rs-663b222b946ad text-left wd-fontsize-m \">\n\t\t\t<h3>Koraci procesa kupnje\/narud\u017ebe:<\/h3>\n<p><strong>\u2022 1. korak &#8211; dodavanje proizvoda u ko\u0161aricu<\/strong><br \/>\nDodajte proizvod koji \u017eelite kupiti u ko\u0161aricu klikom na odgovaraju\u0107i gumb &#8220;Dodaj u ko\u0161aricu&#8221;. Za neke proizvode trebate odabrati dodatne zna\u010dajke proizvoda (npr. ure\u0111ivanje teksta, izbor glasa). Proizvodi su razvrstani po kategorijama, mo\u017eete ih pretra\u017eivati \u200b\u200bi tra\u017eilicom. Za vi\u0161e informacija o odabranom proizvodu kliknite na naziv proizvoda ili na sliku proizvoda. U ko\u0161aricu mo\u017eete dodati bilo koji broj proizvoda. Nakon \u0161to zavr\u0161ite s dodavanjem, mo\u017eete nastaviti s kupnjom kasnije ili dovr\u0161iti kupnju. U prvom slu\u010daju proizvodi u ko\u0161arici bit \u0107e spremljeni za kasniju kupnju.<\/p>\n<p><strong>\u2022 2. korak &#8211; ure\u0111ene ko\u0161arice i unos promotivnog koda<\/strong><br \/>\nKlikom na ko\u0161aricu, bit \u0107ete preusmjereni na ko\u0161aricu. Proizvode iz ko\u0161arice mo\u017eete po \u017eelji ukloniti (klikom na gumb [X]) ili promijeniti koli\u010dinu. Ukoliko imate &#8220;promotivni kod&#8221; za popust, mo\u017eete ga unijeti u polje &#8220;Promotivni kod&#8221; i time smanjiti iznos narud\u017ebe. Promotivni kodovi se mogu dobiti na vi\u0161e na\u010dina.<br \/>\n&#8211; putem reklamnih kampanja<br \/>\n&#8211; Na Facebook-u<br \/>\n&#8211; na Instagramu<br \/>\n-na drugi na\u010din<\/p>\n<p><strong>\u2022 3. korak \u2013 odabir na\u010dina pla\u0107anja i dostave<\/strong><br \/>\nZa nastavak kupnje kliknite na &#8220;Blagajna&#8221;, pojavit \u0107e se prozor u koji registrirani korisnici mogu unijeti svoje korisni\u010dko ime i lozinku u dijelu &#8220;Prijava u sustav&#8221;. Neregistrirani korisnici kliknite na gumb &#8220;Brza kupnja&#8221; i ispunite obrazac s kontakt podacima. Potvrdite unos svojih podataka klikom na gumb &#8220;Dalje&#8221;. Adresa za dostavu naru\u010dene robe ispisuje se automatski i ista je kao adresa koju ste unijeli u obrazac s kontakt podacima, osim ako ne odlu\u010dite druga\u010dije. Sljede\u0107i je korak odabira pla\u0107anja.<\/p>\n<p><strong>\u2022 4. korak &#8211; pla\u0107anje (provjera narud\u017ebe, odabir na\u010dina pla\u0107anja i potvrda ili zavr\u0161etak kupovine)<\/strong><br \/>\nPrije klika na gumb za zavr\u0161etak kupnje &#8220;Zavr\u0161i kupnju&#8221; ponovno provjerite je li koli\u010dina naru\u010denih proizvoda to\u010dna. Provjerite i adresu dostave. Nakon zavr\u0161etka kupnje, stranica vas preusmjerava na odabrani na\u010din pla\u0107anja, gdje upisujete podatke za pla\u0107anje. Potvrdu o uspje\u0161no predanoj narud\u017ebi primit \u0107ete na svoju e-mail adresu.<\/p>\n\t\t<\/div>\n\t\t[\/vc_column][\/vc_row]<\/p>\n<\/div>","protected":false},"excerpt":{"rendered":"<p>[vc_row][vc_column][vc_custom_heading text=&#8221;POSTUPAK KUPNJE&#8221; use_theme_fonts=&#8221;yes&#8221;][vc_separator wd_hide_on_desktop=&#8221;no&#8221; wd_hide_on_tablet=&#8221;no&#8221; wd_hide_on_mobile=&#8221;no&#8221;][\/vc_column][\/vc_row][vc_row][vc_column][\/vc_column][\/vc_row]<\/p>\n","protected":false},"author":1,"featured_media":0,"parent":0,"menu_order":0,"comment_status":"closed","ping_status":"closed","template":"","meta":{"footnotes":""},"yoast_head":"<!-- This site is optimized with the Yoast SEO Premium plugin v23.5 (Yoast SEO v24.5) - https:\/\/yoast.com\/wordpress\/plugins\/seo\/ -->\n<title>Proces kupnje - in memoriam<\/title>\n<meta name=\"robots\" content=\"index, follow, max-snippet:-1, max-image-preview:large, max-video-preview:-1\" \/>\n<link rel=\"canonical\" href=\"https:\/\/in-memoriam.si\/hr\/proces-kupnje\/\" \/>\n<meta property=\"og:locale\" content=\"hr_HR\" \/>\n<meta property=\"og:type\" content=\"article\" \/>\n<meta property=\"og:title\" content=\"Proces kupnje\" \/>\n<meta property=\"og:description\" content=\"[vc_row][vc_column][vc_custom_heading text=&#8221;POSTUPAK KUPNJE&#8221; use_theme_fonts=&#8221;yes&#8221;][vc_separator wd_hide_on_desktop=&#8221;no&#8221; wd_hide_on_tablet=&#8221;no&#8221; wd_hide_on_mobile=&#8221;no&#8221;][\/vc_column][\/vc_row][vc_row][vc_column][\/vc_column][\/vc_row]\" \/>\n<meta property=\"og:url\" content=\"https:\/\/in-memoriam.si\/hr\/proces-kupnje\/\" \/>\n<meta property=\"og:site_name\" content=\"in memoriam\" \/>\n<meta property=\"article:publisher\" content=\"https:\/\/www.facebook.com\/FotoSimonka\" \/>\n<meta property=\"article:modified_time\" content=\"2024-05-11T18:48:32+00:00\" \/>\n<meta property=\"og:image\" content=\"https:\/\/in-memoriam.si\/wp-content\/uploads\/2024\/05\/inmemoriam-014.webp\" \/>\n\t<meta property=\"og:image:width\" content=\"2200\" \/>\n\t<meta property=\"og:image:height\" content=\"1257\" \/>\n\t<meta property=\"og:image:type\" content=\"image\/webp\" \/>\n<meta name=\"twitter:card\" content=\"summary_large_image\" \/>\n<meta name=\"twitter:label1\" content=\"Procijenjeno vrijeme \u010ditanja\" \/>\n\t<meta name=\"twitter:data1\" content=\"2 minute\" \/>\n<script type=\"application\/ld+json\" class=\"yoast-schema-graph\">{\"@context\":\"https:\/\/schema.org\",\"@graph\":[{\"@type\":\"WebPage\",\"@id\":\"https:\/\/in-memoriam.si\/hr\/proces-kupnje\/\",\"url\":\"https:\/\/in-memoriam.si\/hr\/proces-kupnje\/\",\"name\":\"Proces kupnje - in memoriam\",\"isPartOf\":{\"@id\":\"https:\/\/in-memoriam.si\/hr\/#website\"},\"datePublished\":\"2024-04-09T20:17:39+00:00\",\"dateModified\":\"2024-05-11T18:48:32+00:00\",\"breadcrumb\":{\"@id\":\"https:\/\/in-memoriam.si\/hr\/proces-kupnje\/#breadcrumb\"},\"inLanguage\":\"hr\",\"potentialAction\":[{\"@type\":\"ReadAction\",\"target\":[\"https:\/\/in-memoriam.si\/hr\/proces-kupnje\/\"]}]},{\"@type\":\"BreadcrumbList\",\"@id\":\"https:\/\/in-memoriam.si\/hr\/proces-kupnje\/#breadcrumb\",\"itemListElement\":[{\"@type\":\"ListItem\",\"position\":1,\"name\":\"Home\",\"item\":\"https:\/\/in-memoriam.si\/hr\/in-memoriam\/\"},{\"@type\":\"ListItem\",\"position\":2,\"name\":\"Proces kupnje\"}]},{\"@type\":\"WebSite\",\"@id\":\"https:\/\/in-memoriam.si\/hr\/#website\",\"url\":\"https:\/\/in-memoriam.si\/hr\/\",\"name\":\"in memoriam - v spomin\",\"description\":\"spomini na na&scaron;e drage pokojne\",\"publisher\":{\"@id\":\"https:\/\/in-memoriam.si\/hr\/#organization\"},\"alternateName\":\"Plo\u0161\u010dice s QR kodo\",\"potentialAction\":[{\"@type\":\"SearchAction\",\"target\":{\"@type\":\"EntryPoint\",\"urlTemplate\":\"https:\/\/in-memoriam.si\/hr\/?s={search_term_string}\"},\"query-input\":{\"@type\":\"PropertyValueSpecification\",\"valueRequired\":true,\"valueName\":\"search_term_string\"}}],\"inLanguage\":\"hr\"},{\"@type\":\"Organization\",\"@id\":\"https:\/\/in-memoriam.si\/hr\/#organization\",\"name\":\"in memoriam\",\"url\":\"https:\/\/in-memoriam.si\/hr\/\",\"logo\":{\"@type\":\"ImageObject\",\"inLanguage\":\"hr\",\"@id\":\"https:\/\/in-memoriam.si\/hr\/#\/schema\/logo\/image\/\",\"url\":\"https:\/\/in-memoriam.si\/wp-content\/uploads\/2024\/04\/inmemoriam-web-logo.webp\",\"contentUrl\":\"https:\/\/in-memoriam.si\/wp-content\/uploads\/2024\/04\/inmemoriam-web-logo.webp\",\"width\":300,\"height\":50,\"caption\":\"in memoriam\"},\"image\":{\"@id\":\"https:\/\/in-memoriam.si\/hr\/#\/schema\/logo\/image\/\"},\"sameAs\":[\"https:\/\/www.facebook.com\/FotoSimonka\"]}]}<\/script>\n<!-- \/ Yoast SEO Premium plugin. -->","yoast_head_json":{"title":"Proces kupnje - in memoriam","robots":{"index":"index","follow":"follow","max-snippet":"max-snippet:-1","max-image-preview":"max-image-preview:large","max-video-preview":"max-video-preview:-1"},"canonical":"https:\/\/in-memoriam.si\/hr\/proces-kupnje\/","og_locale":"hr_HR","og_type":"article","og_title":"Proces kupnje","og_description":"[vc_row][vc_column][vc_custom_heading text=&#8221;POSTUPAK KUPNJE&#8221; use_theme_fonts=&#8221;yes&#8221;][vc_separator wd_hide_on_desktop=&#8221;no&#8221; wd_hide_on_tablet=&#8221;no&#8221; wd_hide_on_mobile=&#8221;no&#8221;][\/vc_column][\/vc_row][vc_row][vc_column][\/vc_column][\/vc_row]","og_url":"https:\/\/in-memoriam.si\/hr\/proces-kupnje\/","og_site_name":"in memoriam","article_publisher":"https:\/\/www.facebook.com\/FotoSimonka","article_modified_time":"2024-05-11T18:48:32+00:00","og_image":[{"width":2200,"height":1257,"url":"https:\/\/in-memoriam.si\/wp-content\/uploads\/2024\/05\/inmemoriam-014.webp","type":"image\/webp"}],"twitter_card":"summary_large_image","twitter_misc":{"Procijenjeno vrijeme \u010ditanja":"2 minute"},"schema":{"@context":"https:\/\/schema.org","@graph":[{"@type":"WebPage","@id":"https:\/\/in-memoriam.si\/hr\/proces-kupnje\/","url":"https:\/\/in-memoriam.si\/hr\/proces-kupnje\/","name":"Proces kupnje - in memoriam","isPartOf":{"@id":"https:\/\/in-memoriam.si\/hr\/#website"},"datePublished":"2024-04-09T20:17:39+00:00","dateModified":"2024-05-11T18:48:32+00:00","breadcrumb":{"@id":"https:\/\/in-memoriam.si\/hr\/proces-kupnje\/#breadcrumb"},"inLanguage":"hr","potentialAction":[{"@type":"ReadAction","target":["https:\/\/in-memoriam.si\/hr\/proces-kupnje\/"]}]},{"@type":"BreadcrumbList","@id":"https:\/\/in-memoriam.si\/hr\/proces-kupnje\/#breadcrumb","itemListElement":[{"@type":"ListItem","position":1,"name":"Home","item":"https:\/\/in-memoriam.si\/hr\/in-memoriam\/"},{"@type":"ListItem","position":2,"name":"Proces kupnje"}]},{"@type":"WebSite","@id":"https:\/\/in-memoriam.si\/hr\/#website","url":"https:\/\/in-memoriam.si\/hr\/","name":"in memoriam - v spomin","description":"spomini na na&scaron;e drage pokojne","publisher":{"@id":"https:\/\/in-memoriam.si\/hr\/#organization"},"alternateName":"Plo\u0161\u010dice s QR kodo","potentialAction":[{"@type":"SearchAction","target":{"@type":"EntryPoint","urlTemplate":"https:\/\/in-memoriam.si\/hr\/?s={search_term_string}"},"query-input":{"@type":"PropertyValueSpecification","valueRequired":true,"valueName":"search_term_string"}}],"inLanguage":"hr"},{"@type":"Organization","@id":"https:\/\/in-memoriam.si\/hr\/#organization","name":"in memoriam","url":"https:\/\/in-memoriam.si\/hr\/","logo":{"@type":"ImageObject","inLanguage":"hr","@id":"https:\/\/in-memoriam.si\/hr\/#\/schema\/logo\/image\/","url":"https:\/\/in-memoriam.si\/wp-content\/uploads\/2024\/04\/inmemoriam-web-logo.webp","contentUrl":"https:\/\/in-memoriam.si\/wp-content\/uploads\/2024\/04\/inmemoriam-web-logo.webp","width":300,"height":50,"caption":"in memoriam"},"image":{"@id":"https:\/\/in-memoriam.si\/hr\/#\/schema\/logo\/image\/"},"sameAs":["https:\/\/www.facebook.com\/FotoSimonka"]}]}},"_links":{"self":[{"href":"https:\/\/in-memoriam.si\/hr\/wp-json\/wp\/v2\/pages\/1832"}],"collection":[{"href":"https:\/\/in-memoriam.si\/hr\/wp-json\/wp\/v2\/pages"}],"about":[{"href":"https:\/\/in-memoriam.si\/hr\/wp-json\/wp\/v2\/types\/page"}],"author":[{"embeddable":true,"href":"https:\/\/in-memoriam.si\/hr\/wp-json\/wp\/v2\/users\/1"}],"replies":[{"embeddable":true,"href":"https:\/\/in-memoriam.si\/hr\/wp-json\/wp\/v2\/comments?post=1832"}],"version-history":[{"count":0,"href":"https:\/\/in-memoriam.si\/hr\/wp-json\/wp\/v2\/pages\/1832\/revisions"}],"wp:attachment":[{"href":"https:\/\/in-memoriam.si\/hr\/wp-json\/wp\/v2\/media?parent=1832"}],"curies":[{"name":"wp","href":"https:\/\/api.w.org\/{rel}","templated":true}]}}