{"id":1835,"date":"2024-04-09T20:07:37","date_gmt":"2024-04-09T20:07:37","guid":{"rendered":"https:\/\/in-memoriam.si\/reklamacije-i-jamstvo\/"},"modified":"2024-05-11T18:48:55","modified_gmt":"2024-05-11T18:48:55","slug":"reklamacije-i-jamstvo","status":"publish","type":"page","link":"https:\/\/in-memoriam.si\/hr\/reklamacije-i-jamstvo\/","title":{"rendered":"Reklamacije i jamstvo"},"content":{"rendered":"<div class=\"wpb-content-wrapper\"><p>[vc_row][vc_column][vc_custom_heading text=&#8221;REKLAMACIJE I JAMSTVO&#8221; use_theme_fonts=&#8221;yes&#8221;][vc_separator wd_hide_on_desktop=&#8221;no&#8221; wd_hide_on_tablet=&#8221;no&#8221; wd_hide_on_mobile=&#8221;no&#8221;][\/vc_column][\/vc_row][vc_row][vc_column]\t\t<div id=\"wd-663b27a35b1e4\" class=\"wd-text-block wd-wpb reset-last-child wd-rs-663b27a35b1e4 text-left wd-fontsize-m \">\n\t\t\t<div class=\"vc_row wpb_row vc_row-fluid\">\n<div class=\"wpb_column vc_column_container vc_col-sm-12\">\n<div class=\"vc_column-inner\">\n<div class=\"wpb_wrapper\">\n<div class=\"wpb_text_column wpb_content_element\">\n<div class=\"wpb_wrapper\">\n<h3>Reklamacije \/ Jamstvo<\/h3>\n<p>O pravilnom funkcioniranju spomen stranice brine tvrtka Foto \u0160imonka sp, kao administrator ponude.<\/p>\n<p>Tvrtka osigurava rad web stranice in.memoriam.si u pojedina\u010dnom dijelu koji je povezan s QR kodom i predstavlja stranicu sje\u0107anja na umrle osobe, u razdoblju od najmanje 10 godina od dana javnog predstavljanja stranica. Tvrtka jam\u010di da se cijena ugovorene usluge ne\u0107e mijenjati do isteka zakupljenog razdoblja. Administrator sadr\u017eaja web stranice ne snosi odgovornost za bilo kakve smetnje u radu ili prikazu stranica koje su izvan kontrole tvrtke (prekidi internetskog prometa, odr\u017eavanje softvera, odr\u017eavanje poslu\u017eiteljskih jedinica i sl.) Pretplatnik \u0107e biti obavije\u0161ten u unaprijed planiranog zastoja.<\/p>\n<p>JAMSTVO I REKLAMACIJE TE POVRAT NOVCA\/ZAMJENA PROIZVODA<\/p>\n<p>Ponuda se sastoji od elektroni\u010dkih i fizi\u010dkih proizvoda. Svi proizvodi su pregledani prije isporuke i isporu\u010deni neo\u0161te\u0107eni. Pa\u017eljivo \u0107emo zapakirati va\u0161e proizvode.<\/p>\n<p>Kupac mo\u017ee reklamirati robu ako roba nema svojstva koja je prodavatelj izri\u010dito obe\u0107ao, ako je prodavatelj poslao krive proizvode, u krivoj koli\u010dini, boji ili na drugi na\u010din odstupaju od narud\u017ebe kupca.<\/p>\n<p>U slu\u010daju reklamacije, kupac mo\u017ee, sukladno zakonskim ograni\u010denjima, zatra\u017eiti zamjenu artikla, njegov popravak ili povrat kupoprodajne cijene. U potonjem slu\u010daju, prodavatelj zadr\u017eava pravo naplate najamnine prema va\u017ee\u0107em cjeniku za vrijeme u kojem je kupac koristio robu, ali ne vi\u0161e od iznosa za koji je smanjena tr\u017ei\u0161na vrijednost artikla tijekom i kao posljedica koristiti.<\/p>\n<p>Kupac robu mo\u017ee vratiti radi reklamacije osobnim dono\u0161enjem u jednu od poslovnica ili slanjem po\u0161tom na adresu prodavatelja o tro\u0161ku prodavatelja i uz prethodni dogovor s prodavateljem.<\/p>\n<p>Kupac ima pravo sukladno \u010dl.37. \u010dl. Zakona o za\u0161titi potro\u0161a\u010da, u slu\u010daju eventualnog nedostatka na proizvodu zahtijevati da tvrtka zamijeni neispravan proizvod novim besprijekornim proizvodom ili vrati pla\u0107eni iznos ili otkloni nedostatak na proizvodu ili vrati dio iznosa. pla\u0107a se razmjerno nedostatku.<\/p>\n<p>Rok za zamjenu proizvoda je 14 dana. Zamjena proizvoda mogu\u0107a je samo uz predo\u010denje ra\u010duna ili kopije faktura.<\/p>\n<h3>MATERIJALNE GRE\u0160KE<\/h3>\n<p>Potro\u0161a\u010d mo\u017ee ostvariti svoja prava iz materijalnog nedostatka ako o nedostatku obavijesti prodavatelja u roku od dva mjeseca od dana kada je nedostatak otkriven. U obavijesti o pogre\u0161ci potro\u0161a\u010d mora pobli\u017ee opisati pogre\u0161ku i omogu\u0107iti prodavatelju da pregleda artikl. Potro\u0161a\u010d mo\u017ee o nedostatku obavijestiti prodavatelja osobno, o \u010demu mu prodavatelj izdaje potvrdu, ili istu poslati u trgovinu u kojoj je artikal kupljen ili predstavniku prodavatelja s kojim je sklopio ugovor.<\/p>\n<p>Prodavatelj ne odgovara za materijalne nedostatke robe koji se poka\u017eu nakon isteka dvije godine od isporuke artikla. Smatra se da je nedostatak na robi ve\u0107 postojao u trenutku isporuke ako se pojavi u roku od \u0161est mjeseci od isporuke. Prava potro\u0161a\u010da iz stavka 1. prestaju protekom dvije godine od dana kada je obavijestio prodavatelja o stvarnoj pogre\u0161ci.<\/p>\n<\/div>\n<\/div>\n<\/div>\n<\/div>\n<\/div>\n<\/div>\n\t\t<\/div>\n\t\t[\/vc_column][\/vc_row]<\/p>\n<\/div>","protected":false},"excerpt":{"rendered":"<p>[vc_row][vc_column][vc_custom_heading text=&#8221;REKLAMACIJE I JAMSTVO&#8221; use_theme_fonts=&#8221;yes&#8221;][vc_separator wd_hide_on_desktop=&#8221;no&#8221; wd_hide_on_tablet=&#8221;no&#8221; wd_hide_on_mobile=&#8221;no&#8221;][\/vc_column][\/vc_row][vc_row][vc_column][\/vc_column][\/vc_row]<\/p>\n","protected":false},"author":1,"featured_media":0,"parent":0,"menu_order":0,"comment_status":"closed","ping_status":"closed","template":"","meta":{"footnotes":""},"yoast_head":"<!-- This site is optimized with the Yoast SEO Premium plugin v23.5 (Yoast SEO v24.5) - https:\/\/yoast.com\/wordpress\/plugins\/seo\/ -->\n<title>Reklamacije i jamstvo - in memoriam<\/title>\n<meta name=\"robots\" content=\"index, follow, max-snippet:-1, max-image-preview:large, max-video-preview:-1\" \/>\n<link rel=\"canonical\" href=\"https:\/\/in-memoriam.si\/hr\/reklamacije-i-jamstvo\/\" \/>\n<meta property=\"og:locale\" content=\"hr_HR\" \/>\n<meta property=\"og:type\" content=\"article\" \/>\n<meta property=\"og:title\" content=\"Reklamacije i jamstvo\" \/>\n<meta property=\"og:description\" content=\"[vc_row][vc_column][vc_custom_heading text=&#8221;REKLAMACIJE I JAMSTVO&#8221; use_theme_fonts=&#8221;yes&#8221;][vc_separator wd_hide_on_desktop=&#8221;no&#8221; wd_hide_on_tablet=&#8221;no&#8221; wd_hide_on_mobile=&#8221;no&#8221;][\/vc_column][\/vc_row][vc_row][vc_column][\/vc_column][\/vc_row]\" \/>\n<meta property=\"og:url\" content=\"https:\/\/in-memoriam.si\/hr\/reklamacije-i-jamstvo\/\" \/>\n<meta property=\"og:site_name\" content=\"in memoriam\" \/>\n<meta property=\"article:publisher\" content=\"https:\/\/www.facebook.com\/FotoSimonka\" \/>\n<meta property=\"article:modified_time\" content=\"2024-05-11T18:48:55+00:00\" \/>\n<meta property=\"og:image\" content=\"https:\/\/in-memoriam.si\/wp-content\/uploads\/2024\/05\/inmemoriam-014.webp\" \/>\n\t<meta property=\"og:image:width\" content=\"2200\" \/>\n\t<meta property=\"og:image:height\" content=\"1257\" \/>\n\t<meta property=\"og:image:type\" content=\"image\/webp\" \/>\n<meta name=\"twitter:card\" content=\"summary_large_image\" \/>\n<meta name=\"twitter:label1\" content=\"Procijenjeno vrijeme \u010ditanja\" \/>\n\t<meta name=\"twitter:data1\" content=\"3 minute\" \/>\n<script type=\"application\/ld+json\" class=\"yoast-schema-graph\">{\"@context\":\"https:\/\/schema.org\",\"@graph\":[{\"@type\":\"WebPage\",\"@id\":\"https:\/\/in-memoriam.si\/hr\/reklamacije-i-jamstvo\/\",\"url\":\"https:\/\/in-memoriam.si\/hr\/reklamacije-i-jamstvo\/\",\"name\":\"Reklamacije i jamstvo - in memoriam\",\"isPartOf\":{\"@id\":\"https:\/\/in-memoriam.si\/hr\/#website\"},\"datePublished\":\"2024-04-09T20:07:37+00:00\",\"dateModified\":\"2024-05-11T18:48:55+00:00\",\"breadcrumb\":{\"@id\":\"https:\/\/in-memoriam.si\/hr\/reklamacije-i-jamstvo\/#breadcrumb\"},\"inLanguage\":\"hr\",\"potentialAction\":[{\"@type\":\"ReadAction\",\"target\":[\"https:\/\/in-memoriam.si\/hr\/reklamacije-i-jamstvo\/\"]}]},{\"@type\":\"BreadcrumbList\",\"@id\":\"https:\/\/in-memoriam.si\/hr\/reklamacije-i-jamstvo\/#breadcrumb\",\"itemListElement\":[{\"@type\":\"ListItem\",\"position\":1,\"name\":\"Home\",\"item\":\"https:\/\/in-memoriam.si\/hr\/in-memoriam\/\"},{\"@type\":\"ListItem\",\"position\":2,\"name\":\"Reklamacije i jamstvo\"}]},{\"@type\":\"WebSite\",\"@id\":\"https:\/\/in-memoriam.si\/hr\/#website\",\"url\":\"https:\/\/in-memoriam.si\/hr\/\",\"name\":\"in memoriam - v spomin\",\"description\":\"spomini na na&scaron;e drage pokojne\",\"publisher\":{\"@id\":\"https:\/\/in-memoriam.si\/hr\/#organization\"},\"alternateName\":\"Plo\u0161\u010dice s QR kodo\",\"potentialAction\":[{\"@type\":\"SearchAction\",\"target\":{\"@type\":\"EntryPoint\",\"urlTemplate\":\"https:\/\/in-memoriam.si\/hr\/?s={search_term_string}\"},\"query-input\":{\"@type\":\"PropertyValueSpecification\",\"valueRequired\":true,\"valueName\":\"search_term_string\"}}],\"inLanguage\":\"hr\"},{\"@type\":\"Organization\",\"@id\":\"https:\/\/in-memoriam.si\/hr\/#organization\",\"name\":\"in memoriam\",\"url\":\"https:\/\/in-memoriam.si\/hr\/\",\"logo\":{\"@type\":\"ImageObject\",\"inLanguage\":\"hr\",\"@id\":\"https:\/\/in-memoriam.si\/hr\/#\/schema\/logo\/image\/\",\"url\":\"https:\/\/in-memoriam.si\/wp-content\/uploads\/2024\/04\/inmemoriam-web-logo.webp\",\"contentUrl\":\"https:\/\/in-memoriam.si\/wp-content\/uploads\/2024\/04\/inmemoriam-web-logo.webp\",\"width\":300,\"height\":50,\"caption\":\"in memoriam\"},\"image\":{\"@id\":\"https:\/\/in-memoriam.si\/hr\/#\/schema\/logo\/image\/\"},\"sameAs\":[\"https:\/\/www.facebook.com\/FotoSimonka\"]}]}<\/script>\n<!-- \/ Yoast SEO Premium plugin. -->","yoast_head_json":{"title":"Reklamacije i jamstvo - in memoriam","robots":{"index":"index","follow":"follow","max-snippet":"max-snippet:-1","max-image-preview":"max-image-preview:large","max-video-preview":"max-video-preview:-1"},"canonical":"https:\/\/in-memoriam.si\/hr\/reklamacije-i-jamstvo\/","og_locale":"hr_HR","og_type":"article","og_title":"Reklamacije i jamstvo","og_description":"[vc_row][vc_column][vc_custom_heading text=&#8221;REKLAMACIJE I JAMSTVO&#8221; use_theme_fonts=&#8221;yes&#8221;][vc_separator wd_hide_on_desktop=&#8221;no&#8221; wd_hide_on_tablet=&#8221;no&#8221; wd_hide_on_mobile=&#8221;no&#8221;][\/vc_column][\/vc_row][vc_row][vc_column][\/vc_column][\/vc_row]","og_url":"https:\/\/in-memoriam.si\/hr\/reklamacije-i-jamstvo\/","og_site_name":"in memoriam","article_publisher":"https:\/\/www.facebook.com\/FotoSimonka","article_modified_time":"2024-05-11T18:48:55+00:00","og_image":[{"width":2200,"height":1257,"url":"https:\/\/in-memoriam.si\/wp-content\/uploads\/2024\/05\/inmemoriam-014.webp","type":"image\/webp"}],"twitter_card":"summary_large_image","twitter_misc":{"Procijenjeno vrijeme \u010ditanja":"3 minute"},"schema":{"@context":"https:\/\/schema.org","@graph":[{"@type":"WebPage","@id":"https:\/\/in-memoriam.si\/hr\/reklamacije-i-jamstvo\/","url":"https:\/\/in-memoriam.si\/hr\/reklamacije-i-jamstvo\/","name":"Reklamacije i jamstvo - in memoriam","isPartOf":{"@id":"https:\/\/in-memoriam.si\/hr\/#website"},"datePublished":"2024-04-09T20:07:37+00:00","dateModified":"2024-05-11T18:48:55+00:00","breadcrumb":{"@id":"https:\/\/in-memoriam.si\/hr\/reklamacije-i-jamstvo\/#breadcrumb"},"inLanguage":"hr","potentialAction":[{"@type":"ReadAction","target":["https:\/\/in-memoriam.si\/hr\/reklamacije-i-jamstvo\/"]}]},{"@type":"BreadcrumbList","@id":"https:\/\/in-memoriam.si\/hr\/reklamacije-i-jamstvo\/#breadcrumb","itemListElement":[{"@type":"ListItem","position":1,"name":"Home","item":"https:\/\/in-memoriam.si\/hr\/in-memoriam\/"},{"@type":"ListItem","position":2,"name":"Reklamacije i jamstvo"}]},{"@type":"WebSite","@id":"https:\/\/in-memoriam.si\/hr\/#website","url":"https:\/\/in-memoriam.si\/hr\/","name":"in memoriam - v spomin","description":"spomini na na&scaron;e drage pokojne","publisher":{"@id":"https:\/\/in-memoriam.si\/hr\/#organization"},"alternateName":"Plo\u0161\u010dice s QR kodo","potentialAction":[{"@type":"SearchAction","target":{"@type":"EntryPoint","urlTemplate":"https:\/\/in-memoriam.si\/hr\/?s={search_term_string}"},"query-input":{"@type":"PropertyValueSpecification","valueRequired":true,"valueName":"search_term_string"}}],"inLanguage":"hr"},{"@type":"Organization","@id":"https:\/\/in-memoriam.si\/hr\/#organization","name":"in memoriam","url":"https:\/\/in-memoriam.si\/hr\/","logo":{"@type":"ImageObject","inLanguage":"hr","@id":"https:\/\/in-memoriam.si\/hr\/#\/schema\/logo\/image\/","url":"https:\/\/in-memoriam.si\/wp-content\/uploads\/2024\/04\/inmemoriam-web-logo.webp","contentUrl":"https:\/\/in-memoriam.si\/wp-content\/uploads\/2024\/04\/inmemoriam-web-logo.webp","width":300,"height":50,"caption":"in memoriam"},"image":{"@id":"https:\/\/in-memoriam.si\/hr\/#\/schema\/logo\/image\/"},"sameAs":["https:\/\/www.facebook.com\/FotoSimonka"]}]}},"_links":{"self":[{"href":"https:\/\/in-memoriam.si\/hr\/wp-json\/wp\/v2\/pages\/1835"}],"collection":[{"href":"https:\/\/in-memoriam.si\/hr\/wp-json\/wp\/v2\/pages"}],"about":[{"href":"https:\/\/in-memoriam.si\/hr\/wp-json\/wp\/v2\/types\/page"}],"author":[{"embeddable":true,"href":"https:\/\/in-memoriam.si\/hr\/wp-json\/wp\/v2\/users\/1"}],"replies":[{"embeddable":true,"href":"https:\/\/in-memoriam.si\/hr\/wp-json\/wp\/v2\/comments?post=1835"}],"version-history":[{"count":0,"href":"https:\/\/in-memoriam.si\/hr\/wp-json\/wp\/v2\/pages\/1835\/revisions"}],"wp:attachment":[{"href":"https:\/\/in-memoriam.si\/hr\/wp-json\/wp\/v2\/media?parent=1835"}],"curies":[{"name":"wp","href":"https:\/\/api.w.org\/{rel}","templated":true}]}}