{"id":1838,"date":"2024-04-28T10:14:04","date_gmt":"2024-04-28T10:14:04","guid":{"rendered":"https:\/\/in-memoriam.si\/audio-snimanje-s-ai-citanjem\/"},"modified":"2024-05-11T18:49:13","modified_gmt":"2024-05-11T18:49:13","slug":"audio-snimanje-s-ai-citanjem","status":"publish","type":"page","link":"https:\/\/in-memoriam.si\/hr\/audio-snimanje-s-ai-citanjem\/","title":{"rendered":"Audio snimanje s AI \u010ditanjem"},"content":{"rendered":"<div class=\"wpb-content-wrapper\"><p>[vc_row][vc_column][vc_custom_heading text=&#8221;Audio zapis osmrtnice&#8221; font_container=&#8221;tag:h2|font_size:48|text_align:left&#8221; use_theme_fonts=&#8221;yes&#8221; css=&#8221;&#8221;][\/vc_column][\/vc_row][vc_row][vc_column]\t\t<div id=\"wd-662e209edf7da\" class=\"wd-text-block wd-wpb reset-last-child wd-rs-662e209edf7da text-left wd-fontsize-l vc_custom_1714299091861\">\n\t\t\t<div class=\"flex flex-grow flex-col max-w-full\">\n<div class=\"min-h-[20px] text-message flex flex-col items-start gap-3 whitespace-pre-wrap break-words [.text-message+&amp;]:mt-5 overflow-x-auto\" dir=\"auto\" data-message-author-role=\"assistant\" data-message-id=\"2b388113-7d3f-482b-9d4a-5b2aa62f5b28\">\n<div class=\"markdown prose w-full break-words dark:prose-invert light\">\n<p>Obavje\u0161tavamo vas da koristimo tehnologiju umjetne inteligencije za snimanje osmrtnica na na\u0161oj web stranici. Shva\u0107amo da je ovo osjetljivo razdoblje za sve vas koji posje\u0107ujete na\u0161u web stranicu, pa smo se za ovo rje\u0161enje odlu\u010dili s najve\u0107im oprezom i po\u0161tovanjem prema va\u0161im osje\u0107ajima.<\/p>\n<\/div>\n<\/div>\n<\/div>\n\t\t<\/div>\n\t\t\t\t<div id=\"wd-662e898a5fabc\" class=\"wd-text-block wd-wpb reset-last-child wd-rs-662e898a5fabc text-left wd-fontsize-m vc_custom_1714325905578\">\n\t\t\t<p>\u010cita\u010di umjetne inteligencije omogu\u0107uju \u010ditanje osmrtnica na ravnomjeran na\u010din s po\u0161tovanjem bez potrebe za kori\u0161tenjem \u010dita\u010da u\u017eivo. Iako tehnologija ne mo\u017ee nadomjestiti ljudsku toplinu i suosje\u0107anje, vjerujemo da \u0107e kori\u0161tenje umjetne inteligencije omogu\u0107iti odgovaraju\u0107u porukunu vrijednost pro\u010ditanog.<\/p>\n\t\t<\/div>\n\t\t\t\t<div id=\"wd-662e2092d27d4\" class=\"wd-text-block wd-wpb reset-last-child wd-rs-662e2092d27d4 text-left wd-fontsize-l vc_custom_1714299034349\">\n\t\t\t<div class=\"flex flex-grow flex-col max-w-full\">\n<div class=\"min-h-[20px] text-message flex flex-col items-start gap-3 whitespace-pre-wrap break-words [.text-message+&amp;]:mt-5 overflow-x-auto\" dir=\"auto\" data-message-author-role=\"assistant\" data-message-id=\"2b388113-7d3f-482b-9d4a-5b2aa62f5b28\">\n<div class=\"markdown prose w-full break-words dark:prose-invert light\">Ako imate bilo kakvih pitanja ili nedoumica o kori\u0161tenju umjetne inteligencije za \u010ditanje osmrtnica, obratite nam se. Va\u0161e mi\u0161ljenje nam je va\u017eno i voljeli bismo \u010duti va\u0161e povratne informacije.<\/div>\n<\/div>\n<\/div>\n\t\t<\/div>\n\t\t[\/vc_column][\/vc_row][vc_row][vc_column][vc_empty_space height=&#8221;50px&#8221; woodmart_hide_large=&#8221;0&#8243; woodmart_hide_medium=&#8221;0&#8243; woodmart_hide_small=&#8221;0&#8243;][vc_custom_heading text=&#8221;\u0160to mo\u017eete o\u010dekivati?&#8221; font_container=&#8221;tag:h2|font_size:36|text_align:left&#8221; use_theme_fonts=&#8221;yes&#8221; css=&#8221;&#8221;][\/vc_column][\/vc_row][vc_row][vc_column width=&#8221;1\/2&#8243;]\t\t<div id=\"wd-662e87ff9affb\" class=\"wd-text-block wd-wpb reset-last-child wd-rs-662e87ff9affb text-left wd-fontsize-m \">\n\t\t\t<ul>\n<li><strong>Dosljednost<\/strong> : Umjetna inteligencija osigurava dosljednu izvedbu \u010ditanja bez fluktuacija u tonu ili izgovoru, omogu\u0107uju\u0107i jedinstveno iskustvo za posjetitelje web stranice.<\/li>\n<li><strong>Pristupa\u010dnost<\/strong> : Audio notacija koju pokre\u0107e AI \u010dini audio informacije dostupnima onima koji mo\u017eda ne mogu \u010ditati tekst, kao \u0161to su slijepi ili slabovidni korisnici.<\/li>\n<\/ul>\n\t\t<\/div>\n\t\t[\/vc_column][vc_column width=&#8221;1\/2&#8243;]\t\t<div id=\"wd-662e8acce4893\" class=\"wd-text-block wd-wpb reset-last-child wd-rs-662e8acce4893 text-left wd-fontsize-m \">\n\t\t\t<ul>\n<li><strong>Ograni\u010dena intonacija i izra\u017eajnost<\/strong> : Unato\u010d napretku u tehnologiji glasovne sinteze, AI \u010dita\u010di jo\u0161 uvijek imaju ograni\u010denu intonaciju i izra\u017eajnost, \u0161to mo\u017ee utjecati na iskustvo \u010ditanja i slu\u0161anja osmrtnice.<\/li>\n<li><strong>Mogu\u0107nost pogre\u0161aka i nepravilnosti<\/strong> : Kao i svi automatizirani sustavi, ni \u010dita\u010di s umjetnom inteligencijom nisu savr\u0161eni i mogu se pojaviti pogre\u0161ke u izgovoru rije\u010di ili tuma\u010denju teksta, posebice u nagla\u0161avanju odre\u0111enih rije\u010di.<\/li>\n<\/ul>\n\t\t<\/div>\n\t\t[\/vc_column][\/vc_row][vc_row][vc_column]\t\t<div id=\"wd-6631138b56b2a\" class=\"wd-text-block wd-wpb reset-last-child wd-rs-6631138b56b2a text-left wd-fontsize-l vc_custom_1714492307456\">\n\t\t\t<div class=\"flex flex-grow flex-col max-w-full\">\n<div class=\"min-h-[20px] text-message flex flex-col items-start gap-3 whitespace-pre-wrap break-words [.text-message+&amp;]:mt-5 overflow-x-auto\" dir=\"auto\" data-message-author-role=\"assistant\" data-message-id=\"2b388113-7d3f-482b-9d4a-5b2aa62f5b28\">\n<div class=\"markdown prose w-full break-words dark:prose-invert light\">\n<p>Audio notacija omogu\u0107uje pristup informacijama osobama s posebnim potrebama, kao \u0161to su slijepe ili slabovidne osobe, \u010dime je omogu\u0107en jednak pristup informacijama svim korisnicima web stranice. Osim toga, audiosnimka mo\u017ee doprinijeti ve\u0107oj raznolikosti i uklju\u010denosti na mre\u017ei te pobolj\u0161ati cjelokupno korisni\u010dko iskustvo.<\/p>\n<\/div>\n<\/div>\n<\/div>\n\t\t<\/div>\n\t\t[\/vc_column][\/vc_row]<\/p>\n<\/div>","protected":false},"excerpt":{"rendered":"<p>[vc_row][vc_column][vc_custom_heading text=&#8221;Audio zapis osmrtnice&#8221; font_container=&#8221;tag:h2|font_size:48|text_align:left&#8221; use_theme_fonts=&#8221;yes&#8221; css=&#8221;&#8221;][\/vc_column][\/vc_row][vc_row][vc_column][\/vc_column][\/vc_row][vc_row][vc_column][vc_empty_space height=&#8221;50px&#8221; woodmart_hide_large=&#8221;0&#8243; woodmart_hide_medium=&#8221;0&#8243; woodmart_hide_small=&#8221;0&#8243;][vc_custom_heading text=&#8221;\u0160to mo\u017eete o\u010dekivati?&#8221; font_container=&#8221;tag:h2|font_size:36|text_align:left&#8221; use_theme_fonts=&#8221;yes&#8221; css=&#8221;&#8221;][\/vc_column][\/vc_row][vc_row][vc_column width=&#8221;1\/2&#8243;][\/vc_column][vc_column width=&#8221;1\/2&#8243;][\/vc_column][\/vc_row][vc_row][vc_column][\/vc_column][\/vc_row]<\/p>\n","protected":false},"author":1,"featured_media":0,"parent":0,"menu_order":0,"comment_status":"closed","ping_status":"closed","template":"","meta":{"footnotes":""},"yoast_head":"<!-- This site is optimized with the Yoast SEO Premium plugin v23.5 (Yoast SEO v24.5) - https:\/\/yoast.com\/wordpress\/plugins\/seo\/ -->\n<title>Audio snimanje s AI \u010ditanjem - in memoriam<\/title>\n<meta name=\"robots\" content=\"index, follow, max-snippet:-1, max-image-preview:large, max-video-preview:-1\" \/>\n<link rel=\"canonical\" href=\"https:\/\/in-memoriam.si\/hr\/audio-snimanje-s-ai-citanjem\/\" \/>\n<meta property=\"og:locale\" content=\"hr_HR\" \/>\n<meta property=\"og:type\" content=\"article\" \/>\n<meta property=\"og:title\" content=\"Audio snimanje s AI \u010ditanjem\" \/>\n<meta property=\"og:description\" content=\"[vc_row][vc_column][vc_custom_heading text=&#8221;Audio zapis osmrtnice&#8221; font_container=&#8221;tag:h2|font_size:48|text_align:left&#8221; use_theme_fonts=&#8221;yes&#8221; css=&#8221;&#8221;][\/vc_column][\/vc_row][vc_row][vc_column][\/vc_column][\/vc_row][vc_row][vc_column][vc_empty_space height=&#8221;50px&#8221; woodmart_hide_large=&#8221;0&#8243; woodmart_hide_medium=&#8221;0&#8243; woodmart_hide_small=&#8221;0&#8243;][vc_custom_heading text=&#8221;\u0160to mo\u017eete o\u010dekivati?&#8221; font_container=&#8221;tag:h2|font_size:36|text_align:left&#8221; use_theme_fonts=&#8221;yes&#8221; css=&#8221;&#8221;][\/vc_column][\/vc_row][vc_row][vc_column width=&#8221;1\/2&#8243;][\/vc_column][vc_column width=&#8221;1\/2&#8243;][\/vc_column][\/vc_row][vc_row][vc_column][\/vc_column][\/vc_row]\" \/>\n<meta property=\"og:url\" content=\"https:\/\/in-memoriam.si\/hr\/audio-snimanje-s-ai-citanjem\/\" \/>\n<meta property=\"og:site_name\" content=\"in memoriam\" \/>\n<meta property=\"article:publisher\" content=\"https:\/\/www.facebook.com\/FotoSimonka\" \/>\n<meta property=\"article:modified_time\" content=\"2024-05-11T18:49:13+00:00\" \/>\n<meta property=\"og:image\" content=\"https:\/\/in-memoriam.si\/wp-content\/uploads\/2024\/05\/inmemoriam-014.webp\" \/>\n\t<meta property=\"og:image:width\" content=\"2200\" \/>\n\t<meta property=\"og:image:height\" content=\"1257\" \/>\n\t<meta property=\"og:image:type\" content=\"image\/webp\" \/>\n<meta name=\"twitter:card\" content=\"summary_large_image\" \/>\n<meta name=\"twitter:label1\" content=\"Procijenjeno vrijeme \u010ditanja\" \/>\n\t<meta name=\"twitter:data1\" content=\"4 minute\" \/>\n<script type=\"application\/ld+json\" class=\"yoast-schema-graph\">{\"@context\":\"https:\/\/schema.org\",\"@graph\":[{\"@type\":\"WebPage\",\"@id\":\"https:\/\/in-memoriam.si\/hr\/audio-snimanje-s-ai-citanjem\/\",\"url\":\"https:\/\/in-memoriam.si\/hr\/audio-snimanje-s-ai-citanjem\/\",\"name\":\"Audio snimanje s AI \u010ditanjem - in memoriam\",\"isPartOf\":{\"@id\":\"https:\/\/in-memoriam.si\/hr\/#website\"},\"datePublished\":\"2024-04-28T10:14:04+00:00\",\"dateModified\":\"2024-05-11T18:49:13+00:00\",\"breadcrumb\":{\"@id\":\"https:\/\/in-memoriam.si\/hr\/audio-snimanje-s-ai-citanjem\/#breadcrumb\"},\"inLanguage\":\"hr\",\"potentialAction\":[{\"@type\":\"ReadAction\",\"target\":[\"https:\/\/in-memoriam.si\/hr\/audio-snimanje-s-ai-citanjem\/\"]}]},{\"@type\":\"BreadcrumbList\",\"@id\":\"https:\/\/in-memoriam.si\/hr\/audio-snimanje-s-ai-citanjem\/#breadcrumb\",\"itemListElement\":[{\"@type\":\"ListItem\",\"position\":1,\"name\":\"Home\",\"item\":\"https:\/\/in-memoriam.si\/hr\/in-memoriam\/\"},{\"@type\":\"ListItem\",\"position\":2,\"name\":\"Audio snimanje s AI \u010ditanjem\"}]},{\"@type\":\"WebSite\",\"@id\":\"https:\/\/in-memoriam.si\/hr\/#website\",\"url\":\"https:\/\/in-memoriam.si\/hr\/\",\"name\":\"in memoriam - v spomin\",\"description\":\"spomini na na&scaron;e drage pokojne\",\"publisher\":{\"@id\":\"https:\/\/in-memoriam.si\/hr\/#organization\"},\"alternateName\":\"Plo\u0161\u010dice s QR kodo\",\"potentialAction\":[{\"@type\":\"SearchAction\",\"target\":{\"@type\":\"EntryPoint\",\"urlTemplate\":\"https:\/\/in-memoriam.si\/hr\/?s={search_term_string}\"},\"query-input\":{\"@type\":\"PropertyValueSpecification\",\"valueRequired\":true,\"valueName\":\"search_term_string\"}}],\"inLanguage\":\"hr\"},{\"@type\":\"Organization\",\"@id\":\"https:\/\/in-memoriam.si\/hr\/#organization\",\"name\":\"in memoriam\",\"url\":\"https:\/\/in-memoriam.si\/hr\/\",\"logo\":{\"@type\":\"ImageObject\",\"inLanguage\":\"hr\",\"@id\":\"https:\/\/in-memoriam.si\/hr\/#\/schema\/logo\/image\/\",\"url\":\"https:\/\/in-memoriam.si\/wp-content\/uploads\/2024\/04\/inmemoriam-web-logo.webp\",\"contentUrl\":\"https:\/\/in-memoriam.si\/wp-content\/uploads\/2024\/04\/inmemoriam-web-logo.webp\",\"width\":300,\"height\":50,\"caption\":\"in memoriam\"},\"image\":{\"@id\":\"https:\/\/in-memoriam.si\/hr\/#\/schema\/logo\/image\/\"},\"sameAs\":[\"https:\/\/www.facebook.com\/FotoSimonka\"]}]}<\/script>\n<!-- \/ Yoast SEO Premium plugin. -->","yoast_head_json":{"title":"Audio snimanje s AI \u010ditanjem - in memoriam","robots":{"index":"index","follow":"follow","max-snippet":"max-snippet:-1","max-image-preview":"max-image-preview:large","max-video-preview":"max-video-preview:-1"},"canonical":"https:\/\/in-memoriam.si\/hr\/audio-snimanje-s-ai-citanjem\/","og_locale":"hr_HR","og_type":"article","og_title":"Audio snimanje s AI \u010ditanjem","og_description":"[vc_row][vc_column][vc_custom_heading text=&#8221;Audio zapis osmrtnice&#8221; font_container=&#8221;tag:h2|font_size:48|text_align:left&#8221; use_theme_fonts=&#8221;yes&#8221; css=&#8221;&#8221;][\/vc_column][\/vc_row][vc_row][vc_column][\/vc_column][\/vc_row][vc_row][vc_column][vc_empty_space height=&#8221;50px&#8221; woodmart_hide_large=&#8221;0&#8243; woodmart_hide_medium=&#8221;0&#8243; woodmart_hide_small=&#8221;0&#8243;][vc_custom_heading text=&#8221;\u0160to mo\u017eete o\u010dekivati?&#8221; font_container=&#8221;tag:h2|font_size:36|text_align:left&#8221; use_theme_fonts=&#8221;yes&#8221; css=&#8221;&#8221;][\/vc_column][\/vc_row][vc_row][vc_column width=&#8221;1\/2&#8243;][\/vc_column][vc_column width=&#8221;1\/2&#8243;][\/vc_column][\/vc_row][vc_row][vc_column][\/vc_column][\/vc_row]","og_url":"https:\/\/in-memoriam.si\/hr\/audio-snimanje-s-ai-citanjem\/","og_site_name":"in memoriam","article_publisher":"https:\/\/www.facebook.com\/FotoSimonka","article_modified_time":"2024-05-11T18:49:13+00:00","og_image":[{"width":2200,"height":1257,"url":"https:\/\/in-memoriam.si\/wp-content\/uploads\/2024\/05\/inmemoriam-014.webp","type":"image\/webp"}],"twitter_card":"summary_large_image","twitter_misc":{"Procijenjeno vrijeme \u010ditanja":"4 minute"},"schema":{"@context":"https:\/\/schema.org","@graph":[{"@type":"WebPage","@id":"https:\/\/in-memoriam.si\/hr\/audio-snimanje-s-ai-citanjem\/","url":"https:\/\/in-memoriam.si\/hr\/audio-snimanje-s-ai-citanjem\/","name":"Audio snimanje s AI \u010ditanjem - in memoriam","isPartOf":{"@id":"https:\/\/in-memoriam.si\/hr\/#website"},"datePublished":"2024-04-28T10:14:04+00:00","dateModified":"2024-05-11T18:49:13+00:00","breadcrumb":{"@id":"https:\/\/in-memoriam.si\/hr\/audio-snimanje-s-ai-citanjem\/#breadcrumb"},"inLanguage":"hr","potentialAction":[{"@type":"ReadAction","target":["https:\/\/in-memoriam.si\/hr\/audio-snimanje-s-ai-citanjem\/"]}]},{"@type":"BreadcrumbList","@id":"https:\/\/in-memoriam.si\/hr\/audio-snimanje-s-ai-citanjem\/#breadcrumb","itemListElement":[{"@type":"ListItem","position":1,"name":"Home","item":"https:\/\/in-memoriam.si\/hr\/in-memoriam\/"},{"@type":"ListItem","position":2,"name":"Audio snimanje s AI \u010ditanjem"}]},{"@type":"WebSite","@id":"https:\/\/in-memoriam.si\/hr\/#website","url":"https:\/\/in-memoriam.si\/hr\/","name":"in memoriam - v spomin","description":"spomini na na&scaron;e drage pokojne","publisher":{"@id":"https:\/\/in-memoriam.si\/hr\/#organization"},"alternateName":"Plo\u0161\u010dice s QR kodo","potentialAction":[{"@type":"SearchAction","target":{"@type":"EntryPoint","urlTemplate":"https:\/\/in-memoriam.si\/hr\/?s={search_term_string}"},"query-input":{"@type":"PropertyValueSpecification","valueRequired":true,"valueName":"search_term_string"}}],"inLanguage":"hr"},{"@type":"Organization","@id":"https:\/\/in-memoriam.si\/hr\/#organization","name":"in memoriam","url":"https:\/\/in-memoriam.si\/hr\/","logo":{"@type":"ImageObject","inLanguage":"hr","@id":"https:\/\/in-memoriam.si\/hr\/#\/schema\/logo\/image\/","url":"https:\/\/in-memoriam.si\/wp-content\/uploads\/2024\/04\/inmemoriam-web-logo.webp","contentUrl":"https:\/\/in-memoriam.si\/wp-content\/uploads\/2024\/04\/inmemoriam-web-logo.webp","width":300,"height":50,"caption":"in memoriam"},"image":{"@id":"https:\/\/in-memoriam.si\/hr\/#\/schema\/logo\/image\/"},"sameAs":["https:\/\/www.facebook.com\/FotoSimonka"]}]}},"_links":{"self":[{"href":"https:\/\/in-memoriam.si\/hr\/wp-json\/wp\/v2\/pages\/1838"}],"collection":[{"href":"https:\/\/in-memoriam.si\/hr\/wp-json\/wp\/v2\/pages"}],"about":[{"href":"https:\/\/in-memoriam.si\/hr\/wp-json\/wp\/v2\/types\/page"}],"author":[{"embeddable":true,"href":"https:\/\/in-memoriam.si\/hr\/wp-json\/wp\/v2\/users\/1"}],"replies":[{"embeddable":true,"href":"https:\/\/in-memoriam.si\/hr\/wp-json\/wp\/v2\/comments?post=1838"}],"version-history":[{"count":0,"href":"https:\/\/in-memoriam.si\/hr\/wp-json\/wp\/v2\/pages\/1838\/revisions"}],"wp:attachment":[{"href":"https:\/\/in-memoriam.si\/hr\/wp-json\/wp\/v2\/media?parent=1838"}],"curies":[{"name":"wp","href":"https:\/\/api.w.org\/{rel}","templated":true}]}}