{"id":2095,"date":"2024-04-28T09:41:32","date_gmt":"2024-04-28T09:41:32","guid":{"rendered":"https:\/\/in-memoriam.si\/ajanlasok\/"},"modified":"2024-05-28T19:37:29","modified_gmt":"2024-05-28T19:37:29","slug":"ajanlasok","status":"publish","type":"page","link":"https:\/\/in-memoriam.si\/hu\/ajanlasok\/","title":{"rendered":"AJ\u00c1NL\u00c1SOK"},"content":{"rendered":"<div class=\"wpb-content-wrapper\"><p>[vc_row][vc_column][vc_custom_heading text=&#8221;TIPPEK \u00c9S AJ\u00c1NL\u00c1SOK&#8221; font_container=&#8221;tag:h2|font_size:48|text_align:left&#8221; use_theme_fonts=&#8221;yes&#8221; css=&#8221;&#8221;][vc_column_text css=&#8221;&#8221; woodmart_inline=&#8221;no&#8221; text_larger=&#8221;no&#8221;]Hogyan kell elk\u00e9sz\u00edteni. N\u00e9h\u00e1ny tipp \u00e9s aj\u00e1nl\u00e1s a sz\u00f6vegek, f\u00e9nyk\u00e9pek \u00e9s egy\u00e9b anyagok elk\u00e9sz\u00edt\u00e9s\u00e9hez.[\/vc_column_text][\/vc_column][\/vc_row][vc_row][vc_column]\t\t<div id=\"wd-664ee734462d9\" class=\"wd-text-block wd-wpb reset-last-child wd-rs-664ee734462d9 text-left wd-fontsize-l vc_custom_1716447045818\">\n\t\t\t<div class=\"flex flex-grow flex-col max-w-full\">\n<div class=\"min-h-[20px] text-message flex flex-col items-start gap-3 whitespace-pre-wrap break-words [.text-message+&amp;]:mt-5 overflow-x-auto\" dir=\"auto\" data-message-author-role=\"assistant\" data-message-id=\"6fdc1da7-567a-4376-a68b-8701daaa81f4\">\n<div class=\"markdown prose w-full break-words dark:prose-invert light\">\n<p>A gy\u00e1szjelent\u00e9s meg\u00edr\u00e1sa \u00e9rzelmes \u00e9s fontos feladat, mivel lehet\u0151v\u00e9 teszi, hogy tisztelegj\u00fcnk az elhunyt \u00e9lete el\u0151tt \u00e9s eml\u00e9kezz\u00fcnk r\u00e1.<\/p>\n<\/div>\n<\/div>\n<\/div>\n<p>Amikor gy\u00e1szjelent\u00e9st \u00edrunk egy elhunyt szem\u00e9lyr\u0151l, fontos, hogy az elhunyt \u00e9let\u00e9re \u00e9s eredm\u00e9nyeire vonatkoz\u00f3 legfontosabb r\u00e9szleteket \u00e9s inform\u00e1ci\u00f3kat tartalmazzon.<\/p>\n<p>B\u00e1r a gy\u00e1szjelent\u00e9s meg\u00edr\u00e1sa \u00e9rzelmekkel teli feladat lehet, egyben lehet\u0151s\u00e9g arra is, hogy tisztelegj\u00fcnk az elhunyt \u00e9lete el\u0151tt \u00e9s eml\u00e9kezz\u00fcnk r\u00e1. Tisztelettel, emp\u00e1ti\u00e1val \u00e9s \u0151szintes\u00e9ggel olyan \u00e9rzelmi eml\u00e9ket teremthet, amely sok\u00e1ig megmarad. \u00cdme n\u00e9h\u00e1ny l\u00e9p\u00e9s a kezd\u00e9shez.<\/p>\n\t\t<\/div>\n\t\t[vc_custom_heading text=&#8221;L\u00e9pjen kapcsolatba vel\u00fcnk seg\u00edts\u00e9g\u00e9rt&#8221; font_container=&#8221;tag:h2|font_size:48|text_align:left&#8221; use_theme_fonts=&#8221;yes&#8221; css=&#8221;&#8221;]\t\t<div id=\"wd-664ee76a34531\" class=\"wd-text-block wd-wpb reset-last-child wd-rs-664ee76a34531 text-left wd-fontsize-l vc_custom_1716447096667\">\n\t\t\t<div class=\"flex flex-grow flex-col max-w-full\">\n<div class=\"min-h-[20px] text-message flex flex-col items-start gap-3 whitespace-pre-wrap break-words [.text-message+&amp;]:mt-5 overflow-x-auto\" dir=\"auto\" data-message-author-role=\"assistant\" data-message-id=\"6fdc1da7-567a-4376-a68b-8701daaa81f4\">\n<div class=\"markdown prose w-full break-words dark:prose-invert light\">\n<p>Ha \u00fagy d\u00f6nt, hogy szeretn\u00e9, hogy seg\u00edts\u00fcnk \u00d6nnek az \u00edr\u00e1s\u00e1val kapcsolatban, k\u00e9rj\u00fck, v\u00e1lassza ki a megfelel\u0151 opci\u00f3t az aj\u00e1nlatban. Ha tov\u00e1bbi inform\u00e1ci\u00f3ra van sz\u00fcks\u00e9ge, k\u00e9rj\u00fck, l\u00e9pjen kapcsolatba vel\u00fcnk. \u00d6r\u00f6mmel meghallgatjuk \u00e9s seg\u00edt\u00fcnk \u00d6nnek.<\/p>\n<\/div>\n<\/div>\n<\/div>\n\t\t<\/div>\n\t\t[\/vc_column][\/vc_row][vc_row][vc_column][vc_empty_space height=&#8221;50px&#8221; woodmart_hide_large=&#8221;0&#8243; woodmart_hide_medium=&#8221;0&#8243; woodmart_hide_small=&#8221;0&#8243;][\/vc_column][\/vc_row][vc_row][vc_column][vc_custom_heading text=&#8221;Mire van sz\u00fcks\u00e9g\u00fcnk t\u0151led?&#8221; font_container=&#8221;tag:h2|font_size:48|text_align:left&#8221; use_theme_fonts=&#8221;yes&#8221; css=&#8221;&#8221;]\t\t<div id=\"wd-663caa28e4fe0\" class=\"wd-text-block wd-wpb reset-last-child wd-rs-663caa28e4fe0 text-left wd-fontsize-l vc_custom_1715252217000\">\n\t\t\t<ul>\n<li>Sz\u00f6veg lektor\u00e1l\u00e1sa \/ gy\u00e1szjelent\u00e9s \/ elektronikus form\u00e1tumban.<br \/>\nA sz\u00f6veget PDF vagy Word form\u00e1tumban lehet \u00e1tadni. A sz\u00f6vegnek nyelvtanilag \u00e9s stilisztikailag helyesnek kell lennie.<\/li>\n<li>Gy\u0171jt\u00f6tt fot\u00f3k<br \/>\nA f\u00e9nyk\u00e9peket abban a sorrendben kell elrendezni, ahogyan k\u00e9s\u0151bb az albumban elhelyez\u00e9sre ker\u00fclnek. A f\u00e9nyk\u00e9peknek .jpg form\u00e1tum\u00fanak kell lenni\u00fck, \u00e9s lehet\u0151leg f\u00e9ny- \u00e9s sz\u00ednszerkesztettnek kell lenni\u00fck.<\/li>\n<li>Van m\u00e1s anyag, amit meg tudna mutatni? Vegye fel vel\u00fcnk a kapcsolatot az egyeztet\u00e9s \u00e9rdek\u00e9ben.<\/li>\n<\/ul>\n<p><strong>Szeretn\u00e9, ha mi \u00edrn\u00e1nk \u00e9s szerkeszten\u00e9nk a sz\u00f6veget?  <\/strong><\/p>\n<p>\u00cdrjon le minden fontos inform\u00e1ci\u00f3t az elhunyt szem\u00e9lyr\u0151l r\u00f6vid, informat\u00edv mondatokban, felsorol\u00e1sszer\u0171en. Hogy seg\u00edts\u00fcnk \u00e9s \u00f6tletet adjunk, \u00f6ssze\u00e1ll\u00edtottunk n\u00e9h\u00e1ny nyomot, amelyeket az al\u00e1bbiakban tal\u00e1lsz.<\/p>\n\t\t<\/div>\n\t\t[\/vc_column][\/vc_row][vc_row][vc_column][vc_empty_space height=&#8221;50px&#8221; woodmart_hide_large=&#8221;0&#8243; woodmart_hide_medium=&#8221;0&#8243; woodmart_hide_small=&#8221;0&#8243;][\/vc_column][\/vc_row][vc_row][vc_column][vc_custom_heading text=&#8221;Tippek \u00e9s aj\u00e1nl\u00e1sok&#8221; font_container=&#8221;tag:h2|font_size:48|text_align:left&#8221; use_theme_fonts=&#8221;yes&#8221; css=&#8221;&#8221;][\/vc_column][\/vc_row][vc_row][vc_column][vc_empty_space woodmart_hide_large=&#8221;0&#8243; woodmart_hide_medium=&#8221;0&#8243; woodmart_hide_small=&#8221;0&#8243;][\/vc_column][\/vc_row][vc_row][vc_column]\t\t<div id=\"wd-662e1433cf132\" class=\"wd-text-block wd-wpb reset-last-child wd-rs-662e1433cf132 text-left wd-fontsize-m \">\n\t\t\t<ol>\n<li><strong>Kereszt- \u00e9s vezet\u00e9kn\u00e9v<\/strong>: Kezdje az elhunyt teljes nev\u00e9vel.<\/li>\n<li><strong>Sz\u00fclet\u00e9si \u00e9s hal\u00e1loz\u00e1si d\u00e1tum<\/strong>: adja meg az elhunyt sz\u00fclet\u00e9si \u00e9s hal\u00e1loz\u00e1si d\u00e1tum\u00e1t.<\/li>\n<li><strong>Sz\u00fclet\u00e9si \u00e9s hal\u00e1loz\u00e1si hely<\/strong>: \u00edrja le, hol sz\u00fcletett \u00e9s hol halt meg az elhunyt.<\/li>\n<li><strong>Csal\u00e1d<\/strong>: Eml\u00edtse meg a t\u00fal\u00e9l\u0151 csal\u00e1dtagokat, p\u00e9ld\u00e1ul h\u00e1zast\u00e1rsat, gyermekeket, unok\u00e1kat stb.<\/li>\n<li><strong>Foglalkoz\u00e1s \u00e9s eredm\u00e9nyek<\/strong>: sorolja fel az elhunyt szakmai eredm\u00e9nyeit \u00e9s a karrierj\u00e9hez vagy a k\u00f6z\u00f6ss\u00e9ghez val\u00f3 hozz\u00e1j\u00e1rul\u00e1s\u00e1t.<\/li>\n<li><strong>Hobbi \u00e9s \u00e9rdekl\u0151d\u00e9si k\u00f6r<\/strong>: \u00edrja le azokat a hobbikat, tev\u00e9kenys\u00e9geket vagy \u00e9rdekl\u0151d\u00e9si k\u00f6r\u00f6ket, amelyek fontosak voltak az elhunyt sz\u00e1m\u00e1ra.<\/li>\n<li><strong>Fontos m\u00e9rf\u00f6ldk\u00f6vek<\/strong>: tartalmazza az elhunyt \u00e9let\u00e9nek fontos esem\u00e9nyeit vagy m\u00e9rf\u00f6ldk\u00f6veit, p\u00e9ld\u00e1ul h\u00e1zass\u00e1gk\u00f6t\u00e9s, gyermeksz\u00fclet\u00e9s, munkahelyi eredm\u00e9nyek stb.<\/li>\n<li><strong>Hagyat\u00e9k<\/strong>: \u00cdrja le, hogy az elhunyt hogyan befoly\u00e1solta m\u00e1sok \u00e9let\u00e9t, \u00e9s milyen \u00f6r\u00f6ks\u00e9get hagyott maga ut\u00e1n.<\/li>\n<li><strong>Temet\u00e9s r\u00e9szletei<\/strong>: ha rendelkez\u00e9sre \u00e1llnak, adjon t\u00e1j\u00e9koztat\u00e1st a temet\u00e9sr\u0151l vagy a megeml\u00e9kez\u00e9sr\u0151l.<\/li>\n<\/ol>\n\t\t<\/div>\n\t\t\t\t<div id=\"wd-662e14ceb0b70\" class=\"wd-text-block wd-wpb reset-last-child wd-rs-662e14ceb0b70 text-left wd-fontsize-m \">\n\t\t\t<ol start=\"10\">\n<li><strong>Iskolai v\u00e9gzetts\u00e9g<\/strong>: K\u00e9rj\u00fck, sorolja fel az elhunyt \u00e1ltal l\u00e1togatott iskol\u00e1kat, egyetemeket vagy egy\u00e9b oktat\u00e1si int\u00e9zm\u00e9nyeket, valamint az esetleges eredm\u00e9nyeket vagy diplom\u00e1kat.<\/li>\n<li><strong>Vall\u00e1si hovatartoz\u00e1s<\/strong>: ha a vall\u00e1s fontos volt az elhunyt \u00e9let\u00e9ben, megeml\u00edtheti a vall\u00e1si hovatartoz\u00e1st vagy az egyh\u00e1zakhoz vagy vall\u00e1si k\u00f6z\u00f6ss\u00e9gekhez val\u00f3 hozz\u00e1j\u00e1rul\u00e1st.<\/li>\n<li><strong>Hozz\u00e1j\u00e1rul\u00e1s a k\u00f6z\u00f6ss\u00e9ghez<\/strong>: emelje ki, hogy az elhunyt hogyan j\u00e1rult hozz\u00e1 a helyi k\u00f6z\u00f6ss\u00e9ghez vagy humanit\u00e1rius tev\u00e9kenys\u00e9gekhez.<\/li>\n<li><strong>K\u00fcl\u00f6nleges tulajdons\u00e1gok vagy szem\u00e9lyes jellemz\u0151k<\/strong>: \u00cdrja le azokat a k\u00fcl\u00f6nleges tulajdons\u00e1gokat, amelyek az elhunytat jellemezt\u00e9k, p\u00e9ld\u00e1ul sz\u00edv\u00e9lyess\u00e9g, k\u00edv\u00e1ncsis\u00e1g, humor stb.<\/li>\n<li><strong>D\u00edjak \u00e9s kit\u00fcntet\u00e9sek<\/strong>: ha az elhunyt munk\u00e1j\u00e1\u00e9rt vagy tev\u00e9kenys\u00e9g\u00e9\u00e9rt b\u00e1rmilyen d\u00edjat vagy kit\u00fcntet\u00e9st kapott, k\u00e9rj\u00fck, t\u00fcntesse fel ezeket.<\/li>\n<li><strong>Bar\u00e1tokkal \u00e9s koll\u00e9g\u00e1kkal val\u00f3 kapcsolat<\/strong>: mes\u00e9ljen az elhunytnak a bar\u00e1taival, koll\u00e9g\u00e1ival \u00e9s m\u00e1sokkal val\u00f3 kapcsolat\u00e1r\u00f3l, akik az \u00e9let\u00e9nek r\u00e9szei voltak.<\/li>\n<li><strong>Szeretett eml\u00e9kek<\/strong>: ossza meg a szerettei \u00e1ltal az elhunytr\u00f3l megosztott szeretett eml\u00e9keit.<\/li>\n<li><strong>J\u00f3t\u00e9konys\u00e1g<\/strong>: Ha az elhunyt j\u00f3t\u00e9konys\u00e1gi tev\u00e9kenys\u00e9get folytatott vagy emberbar\u00e1t volt, eml\u00edtse meg az e t\u00e9ren v\u00e9gzett munk\u00e1j\u00e1t.<\/li>\n<li><strong>K\u00fcl\u00f6nleges megeml\u00e9kez\u00e9si k\u00edv\u00e1ns\u00e1gok<\/strong>: ha a csal\u00e1d vagy az elhunytnak k\u00fcl\u00f6nleges megeml\u00e9kez\u00e9si vagy adom\u00e1nyoz\u00e1si k\u00edv\u00e1ns\u00e1gai vannak az elhunyt eml\u00e9k\u00e9re, k\u00e9rj\u00fck, \u00edrja ezt a gy\u00e1szjelent\u00e9sben.<\/li>\n<\/ol>\n\t\t<\/div>\n\t\t\t\t<div id=\"wd-662e157c7ddfb\" class=\"wd-text-block wd-wpb reset-last-child wd-rs-662e157c7ddfb text-left wd-fontsize-m \">\n\t\t\t<ol start=\"19\">\n<li><strong>T\u00e1rsas \u00e9let<\/strong>: \u00cdrja le, hogy az elhunyt hogyan \u00e9lvezte a bar\u00e1ti t\u00e1rsas\u00e1gi \u00e9letet, a csal\u00e1di id\u0151t vagy a t\u00e1rsadalmi tev\u00e9kenys\u00e9geket.<\/li>\n<li><strong>Kultur\u00e1lis hozz\u00e1j\u00e1rul\u00e1sok<\/strong>: ha az elhunyt m\u0171v\u00e9szeti, zenei, irodalmi vagy egy\u00e9b kultur\u00e1lis tev\u00e9kenys\u00e9get folytatott, ezt is t\u00fcntesse fel a gy\u00e1szjelent\u00e9sben.<\/li>\n<li><strong>N\u00e9zetek \u00e9s meggy\u0151z\u0151d\u00e9sek<\/strong>: ha az elhunytnak hat\u00e1rozott n\u00e9zetei vagy meggy\u0151z\u0151d\u00e9sei voltak bizonyos, sz\u00e1m\u00e1ra fontos k\u00e9rd\u00e9sekben, megoszthatja azokat.<\/li>\n<li><strong>M\u00e1sok reakci\u00f3i \u00e9s eml\u00e9kei<\/strong>: tartalmazzon id\u00e9zeteket vagy eml\u00e9keket m\u00e1s emberekt\u0151l, akik megosztott\u00e1k gondolataikat az elhunyttal kapcsolatban.<\/li>\n<li><strong>Jelent\u0151s utaz\u00e1sok vagy utaz\u00e1sok<\/strong>: Ha az elhunyt lelkes utaz\u00f3 volt, vagy k\u00fcl\u00f6nleges utaz\u00e1sok jellemezt\u00e9k az \u00e9let\u00e9t, megeml\u00edtheti ezeket.<\/li>\n<li>A <strong>k\u00f6rnyezetv\u00e9delem vagy az \u00e1llatok ir\u00e1nti aggodalom<\/strong>: ha az elhunyt a k\u00f6rnyezetv\u00e9delem vagy az \u00e1llatok jogainak lelkes t\u00e1mogat\u00f3ja volt, \u00edrja ezt a gy\u00e1szjelent\u00e9sbe.<\/li>\n<li><strong>\u00c9rdekes anekdot\u00e1k<\/strong>: osszon meg \u00e9rdekes vagy vicces anekdot\u00e1kat az elhunyt \u00e9let\u00e9b\u0151l, amelyeket megosztott szeretteivel.<\/li>\n<\/ol>\n\t\t<\/div>\n\t\t[\/vc_column][\/vc_row][vc_row][vc_column]\t\t\t<div class=\"info-box-wrapper\">\n\t\t\t\t<div id=\"wd-6633711d0877d\" class=\" wd-rs-6633711d0877d wd-info-box wd-wpb text-left box-icon-align-left box-style-border color-scheme-light wd-bg-none wd-items-top with-btn box-btn-hover \">\n\t\t\t\t\t\t\t\t\t\t<div class=\"info-box-content\">\n\t\t\t\t\t\t<h2 class=\"info-box-title title box-title-style-default wd-fontsize-xl\">ADAT\u00c1TVITEL<\/h2>\t\t\t\t\t\t<div class=\"info-box-inner reset-last-child\"><p>K\u00e9rj\u00fck, k\u00fcldje el nek\u00fcnk a sz\u00f6veget WORD vagy PDF form\u00e1tumban. A f\u00e9nyk\u00e9peknek .jpg form\u00e1tum\u00fanak kell lenni\u00fck. Ha k\u00e9szen \u00e1ll, kattintson az al\u00e1bbi let\u00f6lt\u00e9si linkre.<\/p>\n<\/div>\n\n\t\t\t\t\t\t<div class=\"info-btn-wrapper\"><div id=\"wd-69e49ad9ea8cc\" class=\"  wd-button-wrapper text-left\"><a href=\"https:\/\/prenos.wetransfer.com\/\" title=\"F\u00e1jl \u00e1tvitel\" target=\"_blank\" class=\"btn btn-color-black btn-style-default btn-shape-rectangle btn-size-default\">ADAT\u00c1TVITEL<\/a><\/div><\/div>\t\t\t\t\t<\/div>\n\n\t\t\t\t\t\n\t\t\t\t\t\t\t\t\t<\/div>\n\t\t\t<\/div>\n\t\t[\/vc_column][\/vc_row]<\/p>\n<\/div>","protected":false},"excerpt":{"rendered":"<p>[vc_row][vc_column][vc_custom_heading text=&#8221;TIPPEK \u00c9S AJ\u00c1NL\u00c1SOK&#8221; font_container=&#8221;tag:h2|font_size:48|text_align:left&#8221; use_theme_fonts=&#8221;yes&#8221; css=&#8221;&#8221;][vc_column_text css=&#8221;&#8221; woodmart_inline=&#8221;no&#8221; text_larger=&#8221;no&#8221;]Hogyan kell elk\u00e9sz\u00edteni. N\u00e9h\u00e1ny tipp \u00e9s aj\u00e1nl\u00e1s a sz\u00f6vegek, f\u00e9nyk\u00e9pek \u00e9s<\/p>\n","protected":false},"author":1,"featured_media":2204,"parent":0,"menu_order":0,"comment_status":"closed","ping_status":"closed","template":"","meta":{"footnotes":""},"yoast_head":"<!-- This site is optimized with the Yoast SEO Premium plugin v23.5 (Yoast SEO v24.5) - https:\/\/yoast.com\/wordpress\/plugins\/seo\/ -->\n<title>Tippek \u00e9s aj\u00e1nl\u00e1sok a sz\u00f6vegek, f\u00e9nyk\u00e9pek \u00e9s anyagok elk\u00e9sz\u00edt\u00e9s\u00e9hez - in memoriam<\/title>\n<meta name=\"description\" content=\"Tippek \u00e9s aj\u00e1nl\u00e1sok a sz\u00f6vegek, fot\u00f3k \u00e9s anyagok elk\u00e9sz\u00edt\u00e9s\u00e9hez. Hasznos tippek a min\u0151s\u00e9gi tartalom l\u00e9trehoz\u00e1s\u00e1hoz.\" \/>\n<meta name=\"robots\" content=\"index, follow, max-snippet:-1, max-image-preview:large, max-video-preview:-1\" \/>\n<link rel=\"canonical\" href=\"https:\/\/in-memoriam.si\/hu\/ajanlasok\/\" \/>\n<meta property=\"og:locale\" content=\"hu_HU\" \/>\n<meta property=\"og:type\" content=\"article\" \/>\n<meta property=\"og:title\" content=\"AJ\u00c1NL\u00c1SOK\" \/>\n<meta property=\"og:description\" content=\"Tippek \u00e9s aj\u00e1nl\u00e1sok a sz\u00f6vegek, fot\u00f3k \u00e9s anyagok elk\u00e9sz\u00edt\u00e9s\u00e9hez. Hasznos tippek a min\u0151s\u00e9gi tartalom l\u00e9trehoz\u00e1s\u00e1hoz.\" \/>\n<meta property=\"og:url\" content=\"https:\/\/in-memoriam.si\/hu\/ajanlasok\/\" \/>\n<meta property=\"og:site_name\" content=\"in memoriam\" \/>\n<meta property=\"article:publisher\" content=\"https:\/\/www.facebook.com\/FotoSimonka\" \/>\n<meta property=\"article:modified_time\" content=\"2024-05-28T19:37:29+00:00\" \/>\n<meta property=\"og:image\" content=\"https:\/\/in-memoriam.si\/wp-content\/uploads\/2024\/05\/inmemo-card2.webp\" \/>\n\t<meta property=\"og:image:width\" content=\"1000\" \/>\n\t<meta property=\"og:image:height\" content=\"854\" \/>\n\t<meta property=\"og:image:type\" content=\"image\/webp\" \/>\n<meta name=\"twitter:card\" content=\"summary_large_image\" \/>\n<meta name=\"twitter:label1\" content=\"Becs\u00fclt olvas\u00e1si id\u0151\" \/>\n\t<meta name=\"twitter:data1\" content=\"9 perc\" \/>\n<script type=\"application\/ld+json\" class=\"yoast-schema-graph\">{\"@context\":\"https:\/\/schema.org\",\"@graph\":[{\"@type\":\"WebPage\",\"@id\":\"https:\/\/in-memoriam.si\/hu\/ajanlasok\/\",\"url\":\"https:\/\/in-memoriam.si\/hu\/ajanlasok\/\",\"name\":\"Tippek \u00e9s aj\u00e1nl\u00e1sok a sz\u00f6vegek, f\u00e9nyk\u00e9pek \u00e9s anyagok elk\u00e9sz\u00edt\u00e9s\u00e9hez - in memoriam\",\"isPartOf\":{\"@id\":\"https:\/\/in-memoriam.si\/hu\/#website\"},\"primaryImageOfPage\":{\"@id\":\"https:\/\/in-memoriam.si\/hu\/ajanlasok\/#primaryimage\"},\"image\":{\"@id\":\"https:\/\/in-memoriam.si\/hu\/ajanlasok\/#primaryimage\"},\"thumbnailUrl\":\"https:\/\/in-memoriam.si\/wp-content\/uploads\/2024\/05\/inmemo-card2.webp\",\"datePublished\":\"2024-04-28T09:41:32+00:00\",\"dateModified\":\"2024-05-28T19:37:29+00:00\",\"description\":\"Tippek \u00e9s aj\u00e1nl\u00e1sok a sz\u00f6vegek, fot\u00f3k \u00e9s anyagok elk\u00e9sz\u00edt\u00e9s\u00e9hez. Hasznos tippek a min\u0151s\u00e9gi tartalom l\u00e9trehoz\u00e1s\u00e1hoz.\",\"breadcrumb\":{\"@id\":\"https:\/\/in-memoriam.si\/hu\/ajanlasok\/#breadcrumb\"},\"inLanguage\":\"hu\",\"potentialAction\":[{\"@type\":\"ReadAction\",\"target\":[\"https:\/\/in-memoriam.si\/hu\/ajanlasok\/\"]}]},{\"@type\":\"ImageObject\",\"inLanguage\":\"hu\",\"@id\":\"https:\/\/in-memoriam.si\/hu\/ajanlasok\/#primaryimage\",\"url\":\"https:\/\/in-memoriam.si\/wp-content\/uploads\/2024\/05\/inmemo-card2.webp\",\"contentUrl\":\"https:\/\/in-memoriam.si\/wp-content\/uploads\/2024\/05\/inmemo-card2.webp\",\"width\":1000,\"height\":854},{\"@type\":\"BreadcrumbList\",\"@id\":\"https:\/\/in-memoriam.si\/hu\/ajanlasok\/#breadcrumb\",\"itemListElement\":[{\"@type\":\"ListItem\",\"position\":1,\"name\":\"Home\",\"item\":\"https:\/\/in-memoriam.si\/hu\/in-memoriam\/\"},{\"@type\":\"ListItem\",\"position\":2,\"name\":\"AJ\u00c1NL\u00c1SOK\"}]},{\"@type\":\"WebSite\",\"@id\":\"https:\/\/in-memoriam.si\/hu\/#website\",\"url\":\"https:\/\/in-memoriam.si\/hu\/\",\"name\":\"in memoriam - v spomin\",\"description\":\"spomini na na&scaron;e drage pokojne\",\"publisher\":{\"@id\":\"https:\/\/in-memoriam.si\/hu\/#organization\"},\"alternateName\":\"Plo\u0161\u010dice s QR kodo\",\"potentialAction\":[{\"@type\":\"SearchAction\",\"target\":{\"@type\":\"EntryPoint\",\"urlTemplate\":\"https:\/\/in-memoriam.si\/hu\/?s={search_term_string}\"},\"query-input\":{\"@type\":\"PropertyValueSpecification\",\"valueRequired\":true,\"valueName\":\"search_term_string\"}}],\"inLanguage\":\"hu\"},{\"@type\":\"Organization\",\"@id\":\"https:\/\/in-memoriam.si\/hu\/#organization\",\"name\":\"in memoriam\",\"url\":\"https:\/\/in-memoriam.si\/hu\/\",\"logo\":{\"@type\":\"ImageObject\",\"inLanguage\":\"hu\",\"@id\":\"https:\/\/in-memoriam.si\/hu\/#\/schema\/logo\/image\/\",\"url\":\"https:\/\/in-memoriam.si\/wp-content\/uploads\/2024\/04\/inmemoriam-web-logo.webp\",\"contentUrl\":\"https:\/\/in-memoriam.si\/wp-content\/uploads\/2024\/04\/inmemoriam-web-logo.webp\",\"width\":300,\"height\":50,\"caption\":\"in memoriam\"},\"image\":{\"@id\":\"https:\/\/in-memoriam.si\/hu\/#\/schema\/logo\/image\/\"},\"sameAs\":[\"https:\/\/www.facebook.com\/FotoSimonka\"]}]}<\/script>\n<!-- \/ Yoast SEO Premium plugin. -->","yoast_head_json":{"title":"Tippek \u00e9s aj\u00e1nl\u00e1sok a sz\u00f6vegek, f\u00e9nyk\u00e9pek \u00e9s anyagok elk\u00e9sz\u00edt\u00e9s\u00e9hez - in memoriam","description":"Tippek \u00e9s aj\u00e1nl\u00e1sok a sz\u00f6vegek, fot\u00f3k \u00e9s anyagok elk\u00e9sz\u00edt\u00e9s\u00e9hez. Hasznos tippek a min\u0151s\u00e9gi tartalom l\u00e9trehoz\u00e1s\u00e1hoz.","robots":{"index":"index","follow":"follow","max-snippet":"max-snippet:-1","max-image-preview":"max-image-preview:large","max-video-preview":"max-video-preview:-1"},"canonical":"https:\/\/in-memoriam.si\/hu\/ajanlasok\/","og_locale":"hu_HU","og_type":"article","og_title":"AJ\u00c1NL\u00c1SOK","og_description":"Tippek \u00e9s aj\u00e1nl\u00e1sok a sz\u00f6vegek, fot\u00f3k \u00e9s anyagok elk\u00e9sz\u00edt\u00e9s\u00e9hez. Hasznos tippek a min\u0151s\u00e9gi tartalom l\u00e9trehoz\u00e1s\u00e1hoz.","og_url":"https:\/\/in-memoriam.si\/hu\/ajanlasok\/","og_site_name":"in memoriam","article_publisher":"https:\/\/www.facebook.com\/FotoSimonka","article_modified_time":"2024-05-28T19:37:29+00:00","og_image":[{"width":1000,"height":854,"url":"https:\/\/in-memoriam.si\/wp-content\/uploads\/2024\/05\/inmemo-card2.webp","type":"image\/webp"}],"twitter_card":"summary_large_image","twitter_misc":{"Becs\u00fclt olvas\u00e1si id\u0151":"9 perc"},"schema":{"@context":"https:\/\/schema.org","@graph":[{"@type":"WebPage","@id":"https:\/\/in-memoriam.si\/hu\/ajanlasok\/","url":"https:\/\/in-memoriam.si\/hu\/ajanlasok\/","name":"Tippek \u00e9s aj\u00e1nl\u00e1sok a sz\u00f6vegek, f\u00e9nyk\u00e9pek \u00e9s anyagok elk\u00e9sz\u00edt\u00e9s\u00e9hez - in memoriam","isPartOf":{"@id":"https:\/\/in-memoriam.si\/hu\/#website"},"primaryImageOfPage":{"@id":"https:\/\/in-memoriam.si\/hu\/ajanlasok\/#primaryimage"},"image":{"@id":"https:\/\/in-memoriam.si\/hu\/ajanlasok\/#primaryimage"},"thumbnailUrl":"https:\/\/in-memoriam.si\/wp-content\/uploads\/2024\/05\/inmemo-card2.webp","datePublished":"2024-04-28T09:41:32+00:00","dateModified":"2024-05-28T19:37:29+00:00","description":"Tippek \u00e9s aj\u00e1nl\u00e1sok a sz\u00f6vegek, fot\u00f3k \u00e9s anyagok elk\u00e9sz\u00edt\u00e9s\u00e9hez. Hasznos tippek a min\u0151s\u00e9gi tartalom l\u00e9trehoz\u00e1s\u00e1hoz.","breadcrumb":{"@id":"https:\/\/in-memoriam.si\/hu\/ajanlasok\/#breadcrumb"},"inLanguage":"hu","potentialAction":[{"@type":"ReadAction","target":["https:\/\/in-memoriam.si\/hu\/ajanlasok\/"]}]},{"@type":"ImageObject","inLanguage":"hu","@id":"https:\/\/in-memoriam.si\/hu\/ajanlasok\/#primaryimage","url":"https:\/\/in-memoriam.si\/wp-content\/uploads\/2024\/05\/inmemo-card2.webp","contentUrl":"https:\/\/in-memoriam.si\/wp-content\/uploads\/2024\/05\/inmemo-card2.webp","width":1000,"height":854},{"@type":"BreadcrumbList","@id":"https:\/\/in-memoriam.si\/hu\/ajanlasok\/#breadcrumb","itemListElement":[{"@type":"ListItem","position":1,"name":"Home","item":"https:\/\/in-memoriam.si\/hu\/in-memoriam\/"},{"@type":"ListItem","position":2,"name":"AJ\u00c1NL\u00c1SOK"}]},{"@type":"WebSite","@id":"https:\/\/in-memoriam.si\/hu\/#website","url":"https:\/\/in-memoriam.si\/hu\/","name":"in memoriam - v spomin","description":"spomini na na&scaron;e drage pokojne","publisher":{"@id":"https:\/\/in-memoriam.si\/hu\/#organization"},"alternateName":"Plo\u0161\u010dice s QR kodo","potentialAction":[{"@type":"SearchAction","target":{"@type":"EntryPoint","urlTemplate":"https:\/\/in-memoriam.si\/hu\/?s={search_term_string}"},"query-input":{"@type":"PropertyValueSpecification","valueRequired":true,"valueName":"search_term_string"}}],"inLanguage":"hu"},{"@type":"Organization","@id":"https:\/\/in-memoriam.si\/hu\/#organization","name":"in memoriam","url":"https:\/\/in-memoriam.si\/hu\/","logo":{"@type":"ImageObject","inLanguage":"hu","@id":"https:\/\/in-memoriam.si\/hu\/#\/schema\/logo\/image\/","url":"https:\/\/in-memoriam.si\/wp-content\/uploads\/2024\/04\/inmemoriam-web-logo.webp","contentUrl":"https:\/\/in-memoriam.si\/wp-content\/uploads\/2024\/04\/inmemoriam-web-logo.webp","width":300,"height":50,"caption":"in memoriam"},"image":{"@id":"https:\/\/in-memoriam.si\/hu\/#\/schema\/logo\/image\/"},"sameAs":["https:\/\/www.facebook.com\/FotoSimonka"]}]}},"_links":{"self":[{"href":"https:\/\/in-memoriam.si\/hu\/wp-json\/wp\/v2\/pages\/2095"}],"collection":[{"href":"https:\/\/in-memoriam.si\/hu\/wp-json\/wp\/v2\/pages"}],"about":[{"href":"https:\/\/in-memoriam.si\/hu\/wp-json\/wp\/v2\/types\/page"}],"author":[{"embeddable":true,"href":"https:\/\/in-memoriam.si\/hu\/wp-json\/wp\/v2\/users\/1"}],"replies":[{"embeddable":true,"href":"https:\/\/in-memoriam.si\/hu\/wp-json\/wp\/v2\/comments?post=2095"}],"version-history":[{"count":5,"href":"https:\/\/in-memoriam.si\/hu\/wp-json\/wp\/v2\/pages\/2095\/revisions"}],"predecessor-version":[{"id":2667,"href":"https:\/\/in-memoriam.si\/hu\/wp-json\/wp\/v2\/pages\/2095\/revisions\/2667"}],"wp:featuredmedia":[{"embeddable":true,"href":"https:\/\/in-memoriam.si\/hu\/wp-json\/wp\/v2\/media\/2204"}],"wp:attachment":[{"href":"https:\/\/in-memoriam.si\/hu\/wp-json\/wp\/v2\/media?parent=2095"}],"curies":[{"name":"wp","href":"https:\/\/api.w.org\/{rel}","templated":true}]}}