{"id":2114,"date":"2024-04-25T18:56:55","date_gmt":"2024-04-25T18:56:55","guid":{"rendered":"https:\/\/in-memoriam.si\/a-szerzodestol-valo-elallas\/"},"modified":"2024-05-11T21:25:10","modified_gmt":"2024-05-11T21:25:10","slug":"a-szerzodestol-valo-elallas","status":"publish","type":"page","link":"https:\/\/in-memoriam.si\/hu\/a-szerzodestol-valo-elallas\/","title":{"rendered":"a szerz\u0151d\u00e9st\u0151l val\u00f3 el\u00e1ll\u00e1s"},"content":{"rendered":"<p style=\"text-align: left;\">Az in-memoriam.si weboldalon kereszt\u00fcl megrendelt szolg\u00e1ltat\u00e1s nem standard szolg\u00e1ltat\u00e1s, \u00e9s az \u00fcgyf\u00e9l megrendel\u00e9se \u00e9s utas\u00edt\u00e1sai szerint egy adott szem\u00e9ly sz\u00e1m\u00e1ra k\u00e9sz\u00fcl vagy ker\u00fcl \u00e1talak\u00edt\u00e1sra, \u00e9s nem haszn\u00e1lhat\u00f3 m\u00e1s c\u00e9lra, ez\u00e9rt a szolg\u00e1ltat\u00e1sra a z\u00e1rad\u00e9k vonatkozik:<\/p>\n<p style=\"text-align: left;\"><strong>A fogyaszt\u00f3nak nincs joga el\u00e1llni a szerz\u0151d\u00e9st\u0151l:<\/strong><\/p>\n<p style=\"text-align: left;\"><strong>olyan \u00e1rukra vonatkoz\u00f3 szerz\u0151d\u00e9sek eset\u00e9ben, amelyeket a fogyaszt\u00f3 pontos utas\u00edt\u00e1sai szerint gy\u00e1rtottak, amelyeket a fogyaszt\u00f3 szem\u00e9lyes ig\u00e9nyeihez igaz\u00edtottak, \u00e9s amelyek term\u00e9szet\u00fckn\u00e9l fogva nem alkalmasak a visszak\u00fcld\u00e9sre.<\/strong><\/p>\n<p>Amennyiben a szerz\u0151d\u00e9st j\u00f6vedelemszerz\u0151 tev\u00e9kenys\u00e9get folytat\u00f3 jogi vagy term\u00e9szetes szem\u00e9ly teljes\u00edti, f\u00fcggetlen\u00fcl annak jogi form\u00e1j\u00e1t\u00f3l vagy tulajdonosi h\u00e1tter\u00e9t\u0151l, az mentes\u00fcl e fejezet rendelkez\u00e9sei al\u00f3l. Ezekben az esetekben az \u00e1ruk visszak\u00fcld\u00e9s\u00e9re vonatkoz\u00f3 k\u00e9r\u00e9seit egyedi alapon kezelj\u00fck, a lehet\u0151 legnagyobb m\u00e9rt\u00e9kben figyelembe v\u00e9ve az \u00f6sszes okot \u00e9s k\u00f6r\u00fclm\u00e9nyt, valamint a besz\u00e1ll\u00edt\u00f3inkt\u00f3l rendelkez\u00e9s\u00fcnkre \u00e1ll\u00f3 lehet\u0151s\u00e9geket.<\/p>\n<p><a href=\"https:\/\/in-memoriam.si\/privacy-policy\/\" target=\"_blank\" rel=\"noopener\">Az \u00c1ltal\u00e1nos Szerz\u0151d\u00e9si Felt\u00e9telekkel kapcsolatos tov\u00e1bbi inform\u00e1ci\u00f3k\u00e9rt k\u00e9rj\u00fck, l\u00e1togasson el a weboldalra itt.<\/a><\/p>\n<p>&nbsp;<\/p>\n","protected":false},"excerpt":{"rendered":"<p>Az in-memoriam.si weboldalon kereszt\u00fcl megrendelt szolg\u00e1ltat\u00e1s nem standard szolg\u00e1ltat\u00e1s, \u00e9s az \u00fcgyf\u00e9l megrendel\u00e9se \u00e9s utas\u00edt\u00e1sai szerint egy adott szem\u00e9ly sz\u00e1m\u00e1ra<\/p>\n","protected":false},"author":1,"featured_media":0,"parent":0,"menu_order":0,"comment_status":"closed","ping_status":"closed","template":"","meta":{"footnotes":""},"yoast_head":"<!-- This site is optimized with the Yoast SEO Premium plugin v23.5 (Yoast SEO v24.5) - https:\/\/yoast.com\/wordpress\/plugins\/seo\/ -->\n<title>a szerz\u0151d\u00e9st\u0151l val\u00f3 el\u00e1ll\u00e1s - in memoriam<\/title>\n<meta name=\"robots\" content=\"index, follow, max-snippet:-1, max-image-preview:large, max-video-preview:-1\" \/>\n<link rel=\"canonical\" href=\"https:\/\/in-memoriam.si\/hu\/a-szerzodestol-valo-elallas\/\" \/>\n<meta property=\"og:locale\" content=\"hu_HU\" \/>\n<meta property=\"og:type\" content=\"article\" \/>\n<meta property=\"og:title\" content=\"a szerz\u0151d\u00e9st\u0151l val\u00f3 el\u00e1ll\u00e1s\" \/>\n<meta property=\"og:description\" content=\"Az in-memoriam.si weboldalon kereszt\u00fcl megrendelt szolg\u00e1ltat\u00e1s nem standard szolg\u00e1ltat\u00e1s, \u00e9s az \u00fcgyf\u00e9l megrendel\u00e9se \u00e9s utas\u00edt\u00e1sai szerint egy adott szem\u00e9ly sz\u00e1m\u00e1ra\" \/>\n<meta property=\"og:url\" content=\"https:\/\/in-memoriam.si\/hu\/a-szerzodestol-valo-elallas\/\" \/>\n<meta property=\"og:site_name\" content=\"in memoriam\" \/>\n<meta property=\"article:publisher\" content=\"https:\/\/www.facebook.com\/FotoSimonka\" \/>\n<meta property=\"article:modified_time\" content=\"2024-05-11T21:25:10+00:00\" \/>\n<meta property=\"og:image\" content=\"https:\/\/in-memoriam.si\/wp-content\/uploads\/2024\/05\/inmemoriam-014.webp\" \/>\n\t<meta property=\"og:image:width\" content=\"2200\" \/>\n\t<meta property=\"og:image:height\" content=\"1257\" \/>\n\t<meta property=\"og:image:type\" content=\"image\/webp\" \/>\n<meta name=\"twitter:card\" content=\"summary_large_image\" \/>\n<meta name=\"twitter:label1\" content=\"Becs\u00fclt olvas\u00e1si id\u0151\" \/>\n\t<meta name=\"twitter:data1\" content=\"1 perc\" \/>\n<script type=\"application\/ld+json\" class=\"yoast-schema-graph\">{\"@context\":\"https:\/\/schema.org\",\"@graph\":[{\"@type\":\"WebPage\",\"@id\":\"https:\/\/in-memoriam.si\/hu\/a-szerzodestol-valo-elallas\/\",\"url\":\"https:\/\/in-memoriam.si\/hu\/a-szerzodestol-valo-elallas\/\",\"name\":\"a szerz\u0151d\u00e9st\u0151l val\u00f3 el\u00e1ll\u00e1s - in memoriam\",\"isPartOf\":{\"@id\":\"https:\/\/in-memoriam.si\/hu\/#website\"},\"datePublished\":\"2024-04-25T18:56:55+00:00\",\"dateModified\":\"2024-05-11T21:25:10+00:00\",\"breadcrumb\":{\"@id\":\"https:\/\/in-memoriam.si\/hu\/a-szerzodestol-valo-elallas\/#breadcrumb\"},\"inLanguage\":\"hu\",\"potentialAction\":[{\"@type\":\"ReadAction\",\"target\":[\"https:\/\/in-memoriam.si\/hu\/a-szerzodestol-valo-elallas\/\"]}]},{\"@type\":\"BreadcrumbList\",\"@id\":\"https:\/\/in-memoriam.si\/hu\/a-szerzodestol-valo-elallas\/#breadcrumb\",\"itemListElement\":[{\"@type\":\"ListItem\",\"position\":1,\"name\":\"Home\",\"item\":\"https:\/\/in-memoriam.si\/hu\/in-memoriam\/\"},{\"@type\":\"ListItem\",\"position\":2,\"name\":\"a szerz\u0151d\u00e9st\u0151l val\u00f3 el\u00e1ll\u00e1s\"}]},{\"@type\":\"WebSite\",\"@id\":\"https:\/\/in-memoriam.si\/hu\/#website\",\"url\":\"https:\/\/in-memoriam.si\/hu\/\",\"name\":\"in memoriam - v spomin\",\"description\":\"spomini na na&scaron;e drage pokojne\",\"publisher\":{\"@id\":\"https:\/\/in-memoriam.si\/hu\/#organization\"},\"alternateName\":\"Plo\u0161\u010dice s QR kodo\",\"potentialAction\":[{\"@type\":\"SearchAction\",\"target\":{\"@type\":\"EntryPoint\",\"urlTemplate\":\"https:\/\/in-memoriam.si\/hu\/?s={search_term_string}\"},\"query-input\":{\"@type\":\"PropertyValueSpecification\",\"valueRequired\":true,\"valueName\":\"search_term_string\"}}],\"inLanguage\":\"hu\"},{\"@type\":\"Organization\",\"@id\":\"https:\/\/in-memoriam.si\/hu\/#organization\",\"name\":\"in memoriam\",\"url\":\"https:\/\/in-memoriam.si\/hu\/\",\"logo\":{\"@type\":\"ImageObject\",\"inLanguage\":\"hu\",\"@id\":\"https:\/\/in-memoriam.si\/hu\/#\/schema\/logo\/image\/\",\"url\":\"https:\/\/in-memoriam.si\/wp-content\/uploads\/2024\/04\/inmemoriam-web-logo.webp\",\"contentUrl\":\"https:\/\/in-memoriam.si\/wp-content\/uploads\/2024\/04\/inmemoriam-web-logo.webp\",\"width\":300,\"height\":50,\"caption\":\"in memoriam\"},\"image\":{\"@id\":\"https:\/\/in-memoriam.si\/hu\/#\/schema\/logo\/image\/\"},\"sameAs\":[\"https:\/\/www.facebook.com\/FotoSimonka\"]}]}<\/script>\n<!-- \/ Yoast SEO Premium plugin. -->","yoast_head_json":{"title":"a szerz\u0151d\u00e9st\u0151l val\u00f3 el\u00e1ll\u00e1s - in memoriam","robots":{"index":"index","follow":"follow","max-snippet":"max-snippet:-1","max-image-preview":"max-image-preview:large","max-video-preview":"max-video-preview:-1"},"canonical":"https:\/\/in-memoriam.si\/hu\/a-szerzodestol-valo-elallas\/","og_locale":"hu_HU","og_type":"article","og_title":"a szerz\u0151d\u00e9st\u0151l val\u00f3 el\u00e1ll\u00e1s","og_description":"Az in-memoriam.si weboldalon kereszt\u00fcl megrendelt szolg\u00e1ltat\u00e1s nem standard szolg\u00e1ltat\u00e1s, \u00e9s az \u00fcgyf\u00e9l megrendel\u00e9se \u00e9s utas\u00edt\u00e1sai szerint egy adott szem\u00e9ly sz\u00e1m\u00e1ra","og_url":"https:\/\/in-memoriam.si\/hu\/a-szerzodestol-valo-elallas\/","og_site_name":"in memoriam","article_publisher":"https:\/\/www.facebook.com\/FotoSimonka","article_modified_time":"2024-05-11T21:25:10+00:00","og_image":[{"width":2200,"height":1257,"url":"https:\/\/in-memoriam.si\/wp-content\/uploads\/2024\/05\/inmemoriam-014.webp","type":"image\/webp"}],"twitter_card":"summary_large_image","twitter_misc":{"Becs\u00fclt olvas\u00e1si id\u0151":"1 perc"},"schema":{"@context":"https:\/\/schema.org","@graph":[{"@type":"WebPage","@id":"https:\/\/in-memoriam.si\/hu\/a-szerzodestol-valo-elallas\/","url":"https:\/\/in-memoriam.si\/hu\/a-szerzodestol-valo-elallas\/","name":"a szerz\u0151d\u00e9st\u0151l val\u00f3 el\u00e1ll\u00e1s - in memoriam","isPartOf":{"@id":"https:\/\/in-memoriam.si\/hu\/#website"},"datePublished":"2024-04-25T18:56:55+00:00","dateModified":"2024-05-11T21:25:10+00:00","breadcrumb":{"@id":"https:\/\/in-memoriam.si\/hu\/a-szerzodestol-valo-elallas\/#breadcrumb"},"inLanguage":"hu","potentialAction":[{"@type":"ReadAction","target":["https:\/\/in-memoriam.si\/hu\/a-szerzodestol-valo-elallas\/"]}]},{"@type":"BreadcrumbList","@id":"https:\/\/in-memoriam.si\/hu\/a-szerzodestol-valo-elallas\/#breadcrumb","itemListElement":[{"@type":"ListItem","position":1,"name":"Home","item":"https:\/\/in-memoriam.si\/hu\/in-memoriam\/"},{"@type":"ListItem","position":2,"name":"a szerz\u0151d\u00e9st\u0151l val\u00f3 el\u00e1ll\u00e1s"}]},{"@type":"WebSite","@id":"https:\/\/in-memoriam.si\/hu\/#website","url":"https:\/\/in-memoriam.si\/hu\/","name":"in memoriam - v spomin","description":"spomini na na&scaron;e drage pokojne","publisher":{"@id":"https:\/\/in-memoriam.si\/hu\/#organization"},"alternateName":"Plo\u0161\u010dice s QR kodo","potentialAction":[{"@type":"SearchAction","target":{"@type":"EntryPoint","urlTemplate":"https:\/\/in-memoriam.si\/hu\/?s={search_term_string}"},"query-input":{"@type":"PropertyValueSpecification","valueRequired":true,"valueName":"search_term_string"}}],"inLanguage":"hu"},{"@type":"Organization","@id":"https:\/\/in-memoriam.si\/hu\/#organization","name":"in memoriam","url":"https:\/\/in-memoriam.si\/hu\/","logo":{"@type":"ImageObject","inLanguage":"hu","@id":"https:\/\/in-memoriam.si\/hu\/#\/schema\/logo\/image\/","url":"https:\/\/in-memoriam.si\/wp-content\/uploads\/2024\/04\/inmemoriam-web-logo.webp","contentUrl":"https:\/\/in-memoriam.si\/wp-content\/uploads\/2024\/04\/inmemoriam-web-logo.webp","width":300,"height":50,"caption":"in memoriam"},"image":{"@id":"https:\/\/in-memoriam.si\/hu\/#\/schema\/logo\/image\/"},"sameAs":["https:\/\/www.facebook.com\/FotoSimonka"]}]}},"_links":{"self":[{"href":"https:\/\/in-memoriam.si\/hu\/wp-json\/wp\/v2\/pages\/2114"}],"collection":[{"href":"https:\/\/in-memoriam.si\/hu\/wp-json\/wp\/v2\/pages"}],"about":[{"href":"https:\/\/in-memoriam.si\/hu\/wp-json\/wp\/v2\/types\/page"}],"author":[{"embeddable":true,"href":"https:\/\/in-memoriam.si\/hu\/wp-json\/wp\/v2\/users\/1"}],"replies":[{"embeddable":true,"href":"https:\/\/in-memoriam.si\/hu\/wp-json\/wp\/v2\/comments?post=2114"}],"version-history":[{"count":0,"href":"https:\/\/in-memoriam.si\/hu\/wp-json\/wp\/v2\/pages\/2114\/revisions"}],"wp:attachment":[{"href":"https:\/\/in-memoriam.si\/hu\/wp-json\/wp\/v2\/media?parent=2114"}],"curies":[{"name":"wp","href":"https:\/\/api.w.org\/{rel}","templated":true}]}}