{"id":2116,"date":"2024-04-22T09:10:38","date_gmt":"2024-04-22T09:10:38","guid":{"rendered":"https:\/\/in-memoriam.si\/hogyan-mukodik\/"},"modified":"2024-05-21T08:42:00","modified_gmt":"2024-05-21T08:42:00","slug":"hogyan-mukodik","status":"publish","type":"page","link":"https:\/\/in-memoriam.si\/hu\/hogyan-mukodik\/","title":{"rendered":"HOGYAN M\u0170K\u00d6DIK"},"content":{"rendered":"<div class=\"wpb-content-wrapper\"><p>[vc_row][vc_column][vc_single_image image=&#8221;1743&#8243; img_size=&#8221;full&#8221; css=&#8221;&#8221; parallax_scroll=&#8221;no&#8221; woodmart_inline=&#8221;no&#8221;][\/vc_column][\/vc_row][vc_row][vc_column][vc_custom_heading text=&#8221;Hogyan m\u0171k\u00f6dik az in-memoriam?&#8221; font_container=&#8221;tag:h2|font_size:36|text_align:center&#8221; use_theme_fonts=&#8221;yes&#8221; css=&#8221;&#8221;][\/vc_column][\/vc_row][vc_row][vc_column]\t\t<div id=\"wd-662c0e491b58e\" class=\"wd-text-block wd-wpb reset-last-child wd-rs-662c0e491b58e text-left wd-fontsize-l \">\n\t\t\t<ul>\n<li><strong>Szerezd meg a QR-k\u00f3dot<\/strong>:<br \/>\nMiut\u00e1n megrendelte az eml\u00e9koldal l\u00e9trehoz\u00e1s\u00e1t, egy QR-k\u00f3dot kap az \u00d6n \u00e1ltal v\u00e1lasztott form\u00e1tumban. Ez a k\u00f3d az eml\u00e9khely honlapj\u00e1ra mutat\u00f3 kulcslink, \u00e9s a s\u00edrk\u0151n j\u00f3l l\u00e1that\u00f3 helyen kell elhelyezni.<\/li>\n<li><strong>Szkennelje be a QR-k\u00f3dot<\/strong>:<br \/>\nKeresse meg \u00e9s nyissa meg okostelefonj\u00e1val vagy t\u00e1blag\u00e9p\u00e9vel a QR-k\u00f3dolvas\u00f3 alkalmaz\u00e1st. A beolvas\u00e1si folyamat a k\u00e9sz\u00fcl\u00e9k oper\u00e1ci\u00f3s rendszer\u00e9t\u0151l f\u00fcgg\u0151en v\u00e1ltozhat. Az iOS-eszk\u00f6z\u00f6k (iPhone, iPad) eset\u00e9ben haszn\u00e1lhatja a be\u00e9p\u00edtett kamer\u00e1t vagy a QR-k\u00f3d beolvas\u00f3 alkalmaz\u00e1st. Androidos eszk\u00f6z\u00f6k\u00f6n olyan alkalmaz\u00e1sokat haszn\u00e1lhat, mint a Google Lens, a QR Code Reader vagy a QR &amp; Barcode Scanner.<\/li>\n<li>A <strong>kamera t\u00e1jol\u00e1sa<\/strong>:<br \/>\nHaszn\u00e1lja a k\u00e9sz\u00fcl\u00e9k kamer\u00e1j\u00e1t a QR-k\u00f3d megc\u00e9lz\u00e1s\u00e1hoz, \u00e9s gy\u0151z\u0151dj\u00f6n meg r\u00f3la, hogy az teljesen a k\u00e9perny\u0151 keret\u00e9n bel\u00fcl van. A beolvas\u00f3 alkalmaz\u00e1s automatikusan felismeri a QR-k\u00f3dot, \u00e9s \u00e1tir\u00e1ny\u00edtja \u00d6nt a weboldalra.<\/li>\n<\/ul>\n\t\t<\/div>\n\t\t[\/vc_column][\/vc_row][vc_row woodmart_css_id=&#8221;662643f5834ff&#8221; responsive_spacing=&#8221;eyJwYXJhbV90eXBlIjoid29vZG1hcnRfcmVzcG9uc2l2ZV9zcGFjaW5nIiwic2VsZWN0b3JfaWQiOiI2NjI2NDNmNTgzNGZmIiwic2hvcnRjb2RlIjoidmNfcm93IiwiZGF0YSI6eyJ0YWJsZXQiOnt9LCJtb2JpbGUiOnt9fX0=&#8221; mobile_bg_img_hidden=&#8221;no&#8221; tablet_bg_img_hidden=&#8221;no&#8221; woodmart_parallax=&#8221;0&#8243; woodmart_gradient_switch=&#8221;no&#8221; woodmart_box_shadow=&#8221;no&#8221; wd_z_index=&#8221;no&#8221; woodmart_disable_overflow=&#8221;0&#8243; row_reverse_mobile=&#8221;0&#8243; row_reverse_tablet=&#8221;0&#8243;][vc_column css=&#8221;.vc_custom_1713783950565{margin-top: 30px !important;margin-bottom: 50px !important;}&#8221; woodmart_css_id=&#8221;6626448531ab6&#8243; parallax_scroll=&#8221;no&#8221; woodmart_sticky_column=&#8221;false&#8221; wd_collapsible_content_switcher=&#8221;no&#8221; wd_column_role_offcanvas_desktop=&#8221;no&#8221; wd_column_role_offcanvas_tablet=&#8221;no&#8221; wd_column_role_offcanvas_mobile=&#8221;no&#8221; wd_column_role_content_desktop=&#8221;no&#8221; wd_column_role_content_tablet=&#8221;no&#8221; wd_column_role_content_mobile=&#8221;no&#8221; mobile_bg_img_hidden=&#8221;no&#8221; tablet_bg_img_hidden=&#8221;no&#8221; woodmart_parallax=&#8221;0&#8243; woodmart_box_shadow=&#8221;no&#8221; responsive_spacing=&#8221;eyJwYXJhbV90eXBlIjoid29vZG1hcnRfcmVzcG9uc2l2ZV9zcGFjaW5nIiwic2VsZWN0b3JfaWQiOiI2NjI2NDQ4NTMxYWI2Iiwic2hvcnRjb2RlIjoidmNfY29sdW1uIiwiZGF0YSI6eyJ0YWJsZXQiOnt9LCJtb2JpbGUiOnt9fX0=&#8221; mobile_reset_margin=&#8221;no&#8221; tablet_reset_margin=&#8221;no&#8221; wd_z_index=&#8221;no&#8221;]<div id=\"wd-662c0ddf3c87f\" class=\" wd-rs-662c0ddf3c87f   wd-rs-662c0ddf3c87f wd-button-wrapper text-center\"><a href=\"#my_popup\" title=\"\" style=\"--btn-color:#fff;--btn-color-hover:#fff;\" class=\"btn btn-style-default btn-shape-rectangle btn-size-default wd-open-popup \">Ellen\u0151rizze a k\u00f3dot a telefonj\u00e1val<\/a><\/div><div id=\"my_popup\" class=\"mfp-hide wd-popup wd-popup-element wd-scroll-content\" style=\"--wd-popup-width:800px;padding:40px;\">\t\t<div id=\"wd-662641f19f9ab\" class=\"wd-image wd-wpb wd-rs-662641f19f9ab text-center \">\n\t\t\t\n\t\t\t<img decoding=\"async\" width=\"1073\" height=\"1073\" src=\"https:\/\/in-memoriam.si\/wp-content\/uploads\/2024\/04\/QR-koda-na-grobu.webp\" class=\"attachment-full size-full\" alt=\"\" srcset=\"https:\/\/in-memoriam.si\/wp-content\/uploads\/2024\/04\/QR-koda-na-grobu.webp 1073w, https:\/\/in-memoriam.si\/wp-content\/uploads\/2024\/04\/QR-koda-na-grobu-600x600.webp 600w, https:\/\/in-memoriam.si\/wp-content\/uploads\/2024\/04\/QR-koda-na-grobu-150x150.webp 150w, https:\/\/in-memoriam.si\/wp-content\/uploads\/2024\/04\/QR-koda-na-grobu-800x800.webp 800w, https:\/\/in-memoriam.si\/wp-content\/uploads\/2024\/04\/QR-koda-na-grobu-300x300.webp 300w, https:\/\/in-memoriam.si\/wp-content\/uploads\/2024\/04\/QR-koda-na-grobu-1024x1024.webp 1024w, https:\/\/in-memoriam.si\/wp-content\/uploads\/2024\/04\/QR-koda-na-grobu-768x768.webp 768w\" sizes=\"(max-width: 1073px) 100vw, 1073px\" \/>\n\t\t\t\t\t<\/div>\n\t\t<\/div>[\/vc_column][\/vc_row][vc_row][vc_column]\t\t<div id=\"wd-662642e812109\" class=\"wd-text-block wd-wpb reset-last-child wd-rs-662642e812109 text-left wd-fontsize-l \">\n\t\t\t<ul>\n<li><strong>Hozz\u00e1f\u00e9r\u00e9s az Eml\u00e9khely<\/strong> honlapj\u00e1hoz:<br \/>\nA QR-k\u00f3d sikeres beolvas\u00e1sa ut\u00e1n a k\u00e9sz\u00fcl\u00e9k k\u00e9perny\u0151j\u00e9n megjelenik egy mem\u00f3ria weboldala, amely a megrendel\u00e9skor megadott tartalmat tartalmazza. Ez f\u00e9nyk\u00e9peket, sz\u00f6veget, vide\u00f3- \u00e9s hangfelv\u00e9teleket, valamint egy gy\u00e1szjelent\u00e9s felolvas\u00e1s\u00e1t foglalja mag\u00e1ban.<\/li>\n<li><strong>Tartalom olvas\u00e1sa \u00e9s megtekint\u00e9se<\/strong>:<br \/>\nB\u00f6ng\u00e9szheti a weboldalakat, \u00e9s megtekintheti az elhunyt szem\u00e9lyhez kapcsol\u00f3d\u00f3 tartalmakat. A honlapon elolvashatja a gy\u00e1szjelent\u00e9st, megtekintheti a f\u00e9nyk\u00e9peket, vide\u00f3kat, \u00e9s ha lehet\u0151s\u00e9ge van r\u00e1, hozz\u00e1j\u00e1rulhat saj\u00e1t eml\u00e9keihez vagy r\u00e9szv\u00e9tnyilv\u00e1n\u00edt\u00e1saihoz.<br \/>\nMent\u00e9s \u00e9s megoszt\u00e1s: Ha el akarja menteni vagy meg akarja osztani a mem\u00f3ria weboldal\u00e1ra mutat\u00f3 linket, akkor ezt a k\u00e9sz\u00fcl\u00e9k\u00e9n tal\u00e1lhat\u00f3 funkci\u00f3k seg\u00edts\u00e9g\u00e9vel teheti meg (pl. a &#8222;Link ment\u00e9se&#8221; vagy a &#8222;Megoszt\u00e1s&#8221; opci\u00f3val).<\/li>\n<li>Az egyszer\u0171 utas\u00edt\u00e1sokat k\u00f6vetve a l\u00e1togat\u00f3k a s\u00edrk\u0151re r\u00f6gz\u00edtett QR-k\u00f3d seg\u00edts\u00e9g\u00e9vel k\u00f6nnyed\u00e9n el\u00e9rhetik az eml\u00e9khely honlapj\u00e1t.<\/li>\n<\/ul>\n\t\t<\/div>\n\t\t[\/vc_column][\/vc_row][vc_row][vc_column][vc_custom_heading text=&#8221;Hogyan m\u0171k\u00f6dik az in-memoriam?&#8221; font_container=&#8221;tag:h3|font_size:24|text_align:center&#8221; use_theme_fonts=&#8221;yes&#8221; css=&#8221;&#8221; link=&#8221;url:https%3A%2F%2Fin-memoriam.si%2Fhu%2Fgyakran-ismetelt-kerdesek%2F|&#8221;][\/vc_column][\/vc_row][vc_row][vc_column width=&#8221;1\/2&#8243;]\t\t<div id=\"wd-663c8670c6fb0\" class=\"wd-image wd-wpb wd-rs-663c8670c6fb0 text-left \">\n\t\t\t\n\t\t\t<img decoding=\"async\" width=\"921\" height=\"921\" src=\"https:\/\/in-memoriam.si\/wp-content\/uploads\/2024\/05\/spomenik-02.webp\" class=\"attachment-full size-full\" alt=\"\" srcset=\"https:\/\/in-memoriam.si\/wp-content\/uploads\/2024\/05\/spomenik-02.webp 921w, https:\/\/in-memoriam.si\/wp-content\/uploads\/2024\/05\/spomenik-02-300x300.webp 300w, https:\/\/in-memoriam.si\/wp-content\/uploads\/2024\/05\/spomenik-02-150x150.webp 150w, https:\/\/in-memoriam.si\/wp-content\/uploads\/2024\/05\/spomenik-02-768x768.webp 768w, https:\/\/in-memoriam.si\/wp-content\/uploads\/2024\/05\/spomenik-02-600x600.webp 600w, https:\/\/in-memoriam.si\/wp-content\/uploads\/2024\/05\/spomenik-02-800x800.webp 800w\" sizes=\"(max-width: 921px) 100vw, 921px\" \/>\n\t\t\t\t\t<\/div>\n\t\t[\/vc_column][vc_column width=&#8221;1\/2&#8243;]\t\t<div id=\"wd-663c872128050\" class=\"wd-image wd-wpb wd-rs-663c872128050 text-left \">\n\t\t\t\n\t\t\t<img decoding=\"async\" width=\"921\" height=\"921\" src=\"https:\/\/in-memoriam.si\/wp-content\/uploads\/2024\/05\/spomenik-03.webp\" class=\"attachment-full size-full\" alt=\"\" srcset=\"https:\/\/in-memoriam.si\/wp-content\/uploads\/2024\/05\/spomenik-03.webp 921w, https:\/\/in-memoriam.si\/wp-content\/uploads\/2024\/05\/spomenik-03-300x300.webp 300w, https:\/\/in-memoriam.si\/wp-content\/uploads\/2024\/05\/spomenik-03-150x150.webp 150w, https:\/\/in-memoriam.si\/wp-content\/uploads\/2024\/05\/spomenik-03-768x768.webp 768w, https:\/\/in-memoriam.si\/wp-content\/uploads\/2024\/05\/spomenik-03-600x600.webp 600w, https:\/\/in-memoriam.si\/wp-content\/uploads\/2024\/05\/spomenik-03-800x800.webp 800w\" sizes=\"(max-width: 921px) 100vw, 921px\" \/>\n\t\t\t\t\t<\/div>\n\t\t[\/vc_column][\/vc_row]<\/p>\n<\/div>","protected":false},"excerpt":{"rendered":"<p>[vc_row][vc_column][vc_single_image image=&#8221;1743&#8243; img_size=&#8221;full&#8221; css=&#8221;&#8221; parallax_scroll=&#8221;no&#8221; woodmart_inline=&#8221;no&#8221;][\/vc_column][\/vc_row][vc_row][vc_column][vc_custom_heading text=&#8221;Hogyan m\u0171k\u00f6dik az in-memoriam?&#8221; font_container=&#8221;tag:h2|font_size:36|text_align:center&#8221; use_theme_fonts=&#8221;yes&#8221; css=&#8221;&#8221;][\/vc_column][\/vc_row][vc_row][vc_column][\/vc_column][\/vc_row][vc_row woodmart_css_id=&#8221;662643f5834ff&#8221; responsive_spacing=&#8221;eyJwYXJhbV90eXBlIjoid29vZG1hcnRfcmVzcG9uc2l2ZV9zcGFjaW5nIiwic2VsZWN0b3JfaWQiOiI2NjI2NDNmNTgzNGZmIiwic2hvcnRjb2RlIjoidmNfcm93IiwiZGF0YSI6eyJ0YWJsZXQiOnt9LCJtb2JpbGUiOnt9fX0=&#8221; mobile_bg_img_hidden=&#8221;no&#8221; tablet_bg_img_hidden=&#8221;no&#8221; woodmart_parallax=&#8221;0&#8243; woodmart_gradient_switch=&#8221;no&#8221; woodmart_box_shadow=&#8221;no&#8221;<\/p>\n","protected":false},"author":1,"featured_media":2121,"parent":0,"menu_order":0,"comment_status":"closed","ping_status":"closed","template":"","meta":{"footnotes":""},"yoast_head":"<!-- This site is optimized with the Yoast SEO Premium plugin v23.5 (Yoast SEO v24.5) - https:\/\/yoast.com\/wordpress\/plugins\/seo\/ -->\n<title>Hogyan m\u0171k\u00f6dik az in-memoriam? Minden, amit tudnod kell - in memoriam<\/title>\n<meta name=\"description\" content=\"&quot; Hogyan m\u0171k\u00f6dik az in-memoriam? A s\u00edrk\u0151h\u00f6z r\u00f6gz\u00edtett QR-k\u00f3d seg\u00edts\u00e9g\u00e9vel l\u00e9pjen be az eml\u00e9khely weboldal\u00e1ra. in memoriam\" \/>\n<meta name=\"robots\" content=\"index, follow, max-snippet:-1, max-image-preview:large, max-video-preview:-1\" \/>\n<link rel=\"canonical\" href=\"https:\/\/in-memoriam.si\/hu\/hogyan-mukodik\/\" \/>\n<meta property=\"og:locale\" content=\"hu_HU\" \/>\n<meta property=\"og:type\" content=\"article\" \/>\n<meta property=\"og:title\" content=\"Hogyan m\u0171k\u00f6dik az in-memoriam? Minden a QR-k\u00f3dokr\u00f3l \u00e9s az eml\u00e9khely weboldal\u00e1r\u00f3l\" \/>\n<meta property=\"og:description\" content=\"Fedezze fel, hogyan m\u0171k\u00f6dik az in-memoriam, \u00e9s hogyan lehet egyedi QR-k\u00f3ddal ell\u00e1tott eml\u00e9khelyes weboldalt l\u00e9trehozni.\" \/>\n<meta property=\"og:url\" content=\"https:\/\/in-memoriam.si\/hu\/hogyan-mukodik\/\" \/>\n<meta property=\"og:site_name\" content=\"in memoriam\" \/>\n<meta property=\"article:publisher\" content=\"https:\/\/www.facebook.com\/FotoSimonka\" \/>\n<meta property=\"article:modified_time\" content=\"2024-05-21T08:42:00+00:00\" \/>\n<meta property=\"og:image\" content=\"https:\/\/in-memoriam.si\/wp-content\/uploads\/2024\/04\/spomenik-03.webp\" \/>\n\t<meta property=\"og:image:width\" content=\"921\" \/>\n\t<meta property=\"og:image:height\" content=\"921\" \/>\n\t<meta property=\"og:image:type\" content=\"image\/webp\" \/>\n<meta name=\"twitter:card\" content=\"summary_large_image\" \/>\n<meta name=\"twitter:title\" content=\"HOGYAN M\u0170K\u00d6DIK\" \/>\n<meta name=\"twitter:label1\" content=\"Becs\u00fclt olvas\u00e1si id\u0151\" \/>\n\t<meta name=\"twitter:data1\" content=\"6 perc\" \/>\n<script type=\"application\/ld+json\" class=\"yoast-schema-graph\">{\"@context\":\"https:\/\/schema.org\",\"@graph\":[{\"@type\":\"WebPage\",\"@id\":\"https:\/\/in-memoriam.si\/hu\/hogyan-mukodik\/\",\"url\":\"https:\/\/in-memoriam.si\/hu\/hogyan-mukodik\/\",\"name\":\"Hogyan m\u0171k\u00f6dik az in-memoriam? Minden, amit tudnod kell - in memoriam\",\"isPartOf\":{\"@id\":\"https:\/\/in-memoriam.si\/hu\/#website\"},\"primaryImageOfPage\":{\"@id\":\"https:\/\/in-memoriam.si\/hu\/hogyan-mukodik\/#primaryimage\"},\"image\":{\"@id\":\"https:\/\/in-memoriam.si\/hu\/hogyan-mukodik\/#primaryimage\"},\"thumbnailUrl\":\"https:\/\/in-memoriam.si\/wp-content\/uploads\/2024\/04\/spomenik-03.webp\",\"datePublished\":\"2024-04-22T09:10:38+00:00\",\"dateModified\":\"2024-05-21T08:42:00+00:00\",\"description\":\"\\\" Hogyan m\u0171k\u00f6dik az in-memoriam? A s\u00edrk\u0151h\u00f6z r\u00f6gz\u00edtett QR-k\u00f3d seg\u00edts\u00e9g\u00e9vel l\u00e9pjen be az eml\u00e9khely weboldal\u00e1ra. in memoriam\",\"breadcrumb\":{\"@id\":\"https:\/\/in-memoriam.si\/hu\/hogyan-mukodik\/#breadcrumb\"},\"inLanguage\":\"hu\",\"potentialAction\":[{\"@type\":\"ReadAction\",\"target\":[\"https:\/\/in-memoriam.si\/hu\/hogyan-mukodik\/\"]}]},{\"@type\":\"ImageObject\",\"inLanguage\":\"hu\",\"@id\":\"https:\/\/in-memoriam.si\/hu\/hogyan-mukodik\/#primaryimage\",\"url\":\"https:\/\/in-memoriam.si\/wp-content\/uploads\/2024\/04\/spomenik-03.webp\",\"contentUrl\":\"https:\/\/in-memoriam.si\/wp-content\/uploads\/2024\/04\/spomenik-03.webp\",\"width\":921,\"height\":921},{\"@type\":\"BreadcrumbList\",\"@id\":\"https:\/\/in-memoriam.si\/hu\/hogyan-mukodik\/#breadcrumb\",\"itemListElement\":[{\"@type\":\"ListItem\",\"position\":1,\"name\":\"Home\",\"item\":\"https:\/\/in-memoriam.si\/hu\/in-memoriam\/\"},{\"@type\":\"ListItem\",\"position\":2,\"name\":\"HOGYAN M\u0170K\u00d6DIK\"}]},{\"@type\":\"WebSite\",\"@id\":\"https:\/\/in-memoriam.si\/hu\/#website\",\"url\":\"https:\/\/in-memoriam.si\/hu\/\",\"name\":\"in memoriam - v spomin\",\"description\":\"spomini na na&scaron;e drage pokojne\",\"publisher\":{\"@id\":\"https:\/\/in-memoriam.si\/hu\/#organization\"},\"alternateName\":\"Plo\u0161\u010dice s QR kodo\",\"potentialAction\":[{\"@type\":\"SearchAction\",\"target\":{\"@type\":\"EntryPoint\",\"urlTemplate\":\"https:\/\/in-memoriam.si\/hu\/?s={search_term_string}\"},\"query-input\":{\"@type\":\"PropertyValueSpecification\",\"valueRequired\":true,\"valueName\":\"search_term_string\"}}],\"inLanguage\":\"hu\"},{\"@type\":\"Organization\",\"@id\":\"https:\/\/in-memoriam.si\/hu\/#organization\",\"name\":\"in memoriam\",\"url\":\"https:\/\/in-memoriam.si\/hu\/\",\"logo\":{\"@type\":\"ImageObject\",\"inLanguage\":\"hu\",\"@id\":\"https:\/\/in-memoriam.si\/hu\/#\/schema\/logo\/image\/\",\"url\":\"https:\/\/in-memoriam.si\/wp-content\/uploads\/2024\/04\/inmemoriam-web-logo.webp\",\"contentUrl\":\"https:\/\/in-memoriam.si\/wp-content\/uploads\/2024\/04\/inmemoriam-web-logo.webp\",\"width\":300,\"height\":50,\"caption\":\"in memoriam\"},\"image\":{\"@id\":\"https:\/\/in-memoriam.si\/hu\/#\/schema\/logo\/image\/\"},\"sameAs\":[\"https:\/\/www.facebook.com\/FotoSimonka\"]}]}<\/script>\n<!-- \/ Yoast SEO Premium plugin. -->","yoast_head_json":{"title":"Hogyan m\u0171k\u00f6dik az in-memoriam? Minden, amit tudnod kell - in memoriam","description":"\" Hogyan m\u0171k\u00f6dik az in-memoriam? A s\u00edrk\u0151h\u00f6z r\u00f6gz\u00edtett QR-k\u00f3d seg\u00edts\u00e9g\u00e9vel l\u00e9pjen be az eml\u00e9khely weboldal\u00e1ra. in memoriam","robots":{"index":"index","follow":"follow","max-snippet":"max-snippet:-1","max-image-preview":"max-image-preview:large","max-video-preview":"max-video-preview:-1"},"canonical":"https:\/\/in-memoriam.si\/hu\/hogyan-mukodik\/","og_locale":"hu_HU","og_type":"article","og_title":"Hogyan m\u0171k\u00f6dik az in-memoriam? Minden a QR-k\u00f3dokr\u00f3l \u00e9s az eml\u00e9khely weboldal\u00e1r\u00f3l","og_description":"Fedezze fel, hogyan m\u0171k\u00f6dik az in-memoriam, \u00e9s hogyan lehet egyedi QR-k\u00f3ddal ell\u00e1tott eml\u00e9khelyes weboldalt l\u00e9trehozni.","og_url":"https:\/\/in-memoriam.si\/hu\/hogyan-mukodik\/","og_site_name":"in memoriam","article_publisher":"https:\/\/www.facebook.com\/FotoSimonka","article_modified_time":"2024-05-21T08:42:00+00:00","og_image":[{"width":921,"height":921,"url":"https:\/\/in-memoriam.si\/wp-content\/uploads\/2024\/04\/spomenik-03.webp","type":"image\/webp"}],"twitter_card":"summary_large_image","twitter_title":"HOGYAN M\u0170K\u00d6DIK","twitter_misc":{"Becs\u00fclt olvas\u00e1si id\u0151":"6 perc"},"schema":{"@context":"https:\/\/schema.org","@graph":[{"@type":"WebPage","@id":"https:\/\/in-memoriam.si\/hu\/hogyan-mukodik\/","url":"https:\/\/in-memoriam.si\/hu\/hogyan-mukodik\/","name":"Hogyan m\u0171k\u00f6dik az in-memoriam? Minden, amit tudnod kell - in memoriam","isPartOf":{"@id":"https:\/\/in-memoriam.si\/hu\/#website"},"primaryImageOfPage":{"@id":"https:\/\/in-memoriam.si\/hu\/hogyan-mukodik\/#primaryimage"},"image":{"@id":"https:\/\/in-memoriam.si\/hu\/hogyan-mukodik\/#primaryimage"},"thumbnailUrl":"https:\/\/in-memoriam.si\/wp-content\/uploads\/2024\/04\/spomenik-03.webp","datePublished":"2024-04-22T09:10:38+00:00","dateModified":"2024-05-21T08:42:00+00:00","description":"\" Hogyan m\u0171k\u00f6dik az in-memoriam? A s\u00edrk\u0151h\u00f6z r\u00f6gz\u00edtett QR-k\u00f3d seg\u00edts\u00e9g\u00e9vel l\u00e9pjen be az eml\u00e9khely weboldal\u00e1ra. in memoriam","breadcrumb":{"@id":"https:\/\/in-memoriam.si\/hu\/hogyan-mukodik\/#breadcrumb"},"inLanguage":"hu","potentialAction":[{"@type":"ReadAction","target":["https:\/\/in-memoriam.si\/hu\/hogyan-mukodik\/"]}]},{"@type":"ImageObject","inLanguage":"hu","@id":"https:\/\/in-memoriam.si\/hu\/hogyan-mukodik\/#primaryimage","url":"https:\/\/in-memoriam.si\/wp-content\/uploads\/2024\/04\/spomenik-03.webp","contentUrl":"https:\/\/in-memoriam.si\/wp-content\/uploads\/2024\/04\/spomenik-03.webp","width":921,"height":921},{"@type":"BreadcrumbList","@id":"https:\/\/in-memoriam.si\/hu\/hogyan-mukodik\/#breadcrumb","itemListElement":[{"@type":"ListItem","position":1,"name":"Home","item":"https:\/\/in-memoriam.si\/hu\/in-memoriam\/"},{"@type":"ListItem","position":2,"name":"HOGYAN M\u0170K\u00d6DIK"}]},{"@type":"WebSite","@id":"https:\/\/in-memoriam.si\/hu\/#website","url":"https:\/\/in-memoriam.si\/hu\/","name":"in memoriam - v spomin","description":"spomini na na&scaron;e drage pokojne","publisher":{"@id":"https:\/\/in-memoriam.si\/hu\/#organization"},"alternateName":"Plo\u0161\u010dice s QR kodo","potentialAction":[{"@type":"SearchAction","target":{"@type":"EntryPoint","urlTemplate":"https:\/\/in-memoriam.si\/hu\/?s={search_term_string}"},"query-input":{"@type":"PropertyValueSpecification","valueRequired":true,"valueName":"search_term_string"}}],"inLanguage":"hu"},{"@type":"Organization","@id":"https:\/\/in-memoriam.si\/hu\/#organization","name":"in memoriam","url":"https:\/\/in-memoriam.si\/hu\/","logo":{"@type":"ImageObject","inLanguage":"hu","@id":"https:\/\/in-memoriam.si\/hu\/#\/schema\/logo\/image\/","url":"https:\/\/in-memoriam.si\/wp-content\/uploads\/2024\/04\/inmemoriam-web-logo.webp","contentUrl":"https:\/\/in-memoriam.si\/wp-content\/uploads\/2024\/04\/inmemoriam-web-logo.webp","width":300,"height":50,"caption":"in memoriam"},"image":{"@id":"https:\/\/in-memoriam.si\/hu\/#\/schema\/logo\/image\/"},"sameAs":["https:\/\/www.facebook.com\/FotoSimonka"]}]}},"_links":{"self":[{"href":"https:\/\/in-memoriam.si\/hu\/wp-json\/wp\/v2\/pages\/2116"}],"collection":[{"href":"https:\/\/in-memoriam.si\/hu\/wp-json\/wp\/v2\/pages"}],"about":[{"href":"https:\/\/in-memoriam.si\/hu\/wp-json\/wp\/v2\/types\/page"}],"author":[{"embeddable":true,"href":"https:\/\/in-memoriam.si\/hu\/wp-json\/wp\/v2\/users\/1"}],"replies":[{"embeddable":true,"href":"https:\/\/in-memoriam.si\/hu\/wp-json\/wp\/v2\/comments?post=2116"}],"version-history":[{"count":5,"href":"https:\/\/in-memoriam.si\/hu\/wp-json\/wp\/v2\/pages\/2116\/revisions"}],"predecessor-version":[{"id":2632,"href":"https:\/\/in-memoriam.si\/hu\/wp-json\/wp\/v2\/pages\/2116\/revisions\/2632"}],"wp:featuredmedia":[{"embeddable":true,"href":"https:\/\/in-memoriam.si\/hu\/wp-json\/wp\/v2\/media\/2121"}],"wp:attachment":[{"href":"https:\/\/in-memoriam.si\/hu\/wp-json\/wp\/v2\/media?parent=2116"}],"curies":[{"name":"wp","href":"https:\/\/api.w.org\/{rel}","templated":true}]}}