{"id":2146,"date":"2024-04-28T10:00:20","date_gmt":"2024-04-28T10:00:20","guid":{"rendered":"https:\/\/in-memoriam.si\/fenykepek-elokeszitese\/"},"modified":"2024-05-11T21:24:59","modified_gmt":"2024-05-11T21:24:59","slug":"fenykepek-elokeszitese","status":"publish","type":"page","link":"https:\/\/in-memoriam.si\/hu\/fenykepek-elokeszitese\/","title":{"rendered":"F\u00e9nyk\u00e9pek el\u0151k\u00e9sz\u00edt\u00e9se"},"content":{"rendered":"<div class=\"wpb-content-wrapper\"><p>[vc_row][vc_column][vc_custom_heading text=&#8221;F\u00e9nyk\u00e9pek el\u0151k\u00e9sz\u00edt\u00e9se&#8221; font_container=&#8221;tag:h2|font_size:48|text_align:left&#8221; use_theme_fonts=&#8221;yes&#8221; css=&#8221;&#8221;][\/vc_column][\/vc_row][vc_row][vc_column]\t\t<div id=\"wd-662e1caac7f7c\" class=\"wd-text-block wd-wpb reset-last-child wd-rs-662e1caac7f7c text-left wd-fontsize-l vc_custom_1714298036549\">\n\t\t\t<div class=\"flex flex-grow flex-col max-w-full\">\n<div class=\"min-h-[20px] text-message flex flex-col items-start gap-3 whitespace-pre-wrap break-words [.text-message+&amp;]:mt-5 overflow-x-auto\" dir=\"auto\" data-message-author-role=\"assistant\" data-message-id=\"2b388113-7d3f-482b-9d4a-5b2aa62f5b28\">\n<div class=\"markdown prose w-full break-words dark:prose-invert light\">\n<p>A gy\u00e1szjelent\u00e9st k\u00eds\u00e9r\u0151 online albumba sz\u00e1nt fot\u00f3k elk\u00e9sz\u00edt\u00e9sekor fontos, hogy megfelel\u0151 \u00e9s tiszteletteljes k\u00e9peket v\u00e1lasszon, amelyek kiemelik az elhunyt fontos pillanatait \u00e9s eml\u00e9keit. \u00cdme n\u00e9h\u00e1ny l\u00e9p\u00e9s, hogyan k\u00e9sz\u00edtse el\u0151 f\u00e9nyk\u00e9peit egy online albumhoz:<\/p>\n<\/div>\n<\/div>\n<\/div>\n\t\t<\/div>\n\t\t\t\t<div id=\"wd-662e97d864067\" class=\"wd-text-block wd-wpb reset-last-child wd-rs-662e97d864067 text-left wd-fontsize-m vc_custom_1714329712465\">\n\t\t\t<div class=\"flex flex-grow flex-col max-w-full\">\n<div class=\"min-h-[20px] text-message flex flex-col items-start gap-3 whitespace-pre-wrap break-words [.text-message+&amp;]:mt-5 overflow-x-auto\" dir=\"auto\" data-message-author-role=\"assistant\" data-message-id=\"2b388113-7d3f-482b-9d4a-5b2aa62f5b28\">\n<div class=\"markdown prose w-full break-words dark:prose-invert light\">\n<ol>\n<li><strong>V\u00e1lasszon min\u0151s\u00e9gi felv\u00e9teleket<\/strong>: v\u00e1lasszon j\u00f3 min\u0151s\u00e9g\u0171, j\u00f3l megvil\u00e1g\u00edtott \u00e9s tiszta f\u00e9nyk\u00e9peket. Gy\u0151z\u0151dj\u00f6n meg r\u00f3la, hogy a k\u00e9pek el\u00e9g nagyok ahhoz, hogy az online albumban is l\u00e1that\u00f3ak legyenek.<\/li>\n<li><strong>V\u00e1lasszon sokf\u00e9le felv\u00e9telt<\/strong>: olyan felv\u00e9teleket, amelyek az elhunyt \u00e9let\u00e9nek k\u00fcl\u00f6nb\u00f6z\u0151 aspektusait mutatj\u00e1k be, bele\u00e9rtve a boldog pillanatokat, csal\u00e1di esem\u00e9nyeket, hobbikat, utaz\u00e1sokat \u00e9s m\u00e1s jelent\u0151s esem\u00e9nyeket.<\/li>\n<li><strong>Legyen tisztelettud\u00f3<\/strong>: ker\u00fclje a s\u00e9rt\u0151 vagy nem megfelel\u0151 humor\u00fa k\u00e9pek kiv\u00e1laszt\u00e1s\u00e1t. Ehelyett v\u00e1lasszon olyan k\u00e9peket, amelyek tisztelegnek az elhunyt \u00e9let\u00e9nek \u00e9s eml\u00e9k\u00e9nek.<\/li>\n<li><strong>Sz\u00fcks\u00e9g szerint szerkessze a k\u00e9peket<\/strong>: ha a k\u00e9pek szerkeszt\u00e9sre szorulnak, p\u00e9ld\u00e1ul v\u00e1g\u00e1sra, \u00e9l\u00e9nk\u00edt\u00e9sre vagy sz\u00ednkorrekci\u00f3ra, haszn\u00e1lja a megfelel\u0151 k\u00e9pszerkeszt\u0151 szoftvert a jav\u00edt\u00e1shoz, vagy k\u00e9rjen meg minket, hogy v\u00e9gezz\u00fck el ezt \u00d6n helyett.<\/li>\n<li><strong>Rendezze a f\u00e9nyk\u00e9peket<\/strong>: Rendezze a k\u00e9peket logikus sorrendbe, \u00e9s sz\u00fcks\u00e9g szerint nevezze el \u0151ket, hogy a n\u00e9z\u0151k k\u00f6nnyebben meg\u00e9rts\u00e9k az egyes k\u00e9pek kontextus\u00e1t.<\/li>\n<li><strong>Ellen\u0151rizze, hogy a k\u00e9pek alkalmasak-e az online k\u00f6zz\u00e9t\u00e9telre<\/strong>: miel\u0151tt egy online albumban k\u00f6zz\u00e9teszi a k\u00e9peket, ellen\u0151rizze, hogy azok alkalmasak-e nyilv\u00e1nos k\u00f6zz\u00e9t\u00e9telre, \u00e9s hogy van-e enged\u00e9lye a k\u00e9pek haszn\u00e1lat\u00e1ra, ha azok m\u00e1shol k\u00e9sz\u00fcltek, vagy m\u00e1s szem\u00e9ly tulajdon\u00e1ban vannak. Ellen\u0151rizze, hogy sz\u00fcks\u00e9ges-e eltakarni a felv\u00e9telen szerepl\u0151, \u00f6n \u00e1ltal nem ismert szem\u00e9lyek arc\u00e1t.<\/li>\n<\/ol>\n<p>&nbsp;<\/p>\n<\/div>\n<\/div>\n<\/div>\n\t\t<\/div>\n\t\t\t\t<div id=\"wd-662e1e0aa796f\" class=\"wd-text-block wd-wpb reset-last-child wd-rs-662e1e0aa796f text-left wd-fontsize-l vc_custom_1714298411021\">\n\t\t\t<div class=\"flex flex-grow flex-col max-w-full\">\n<div class=\"min-h-[20px] text-message flex flex-col items-start gap-3 whitespace-pre-wrap break-words [.text-message+&amp;]:mt-5 overflow-x-auto\" dir=\"auto\" data-message-author-role=\"assistant\" data-message-id=\"2b388113-7d3f-482b-9d4a-5b2aa62f5b28\">\n<div class=\"markdown prose w-full break-words dark:prose-invert light\">\n<p>Ha a f\u00e9nyk\u00e9peket ilyen m\u00f3don k\u00e9sz\u00edti el, azok csod\u00e1latos k\u00eds\u00e9r\u0151je lesznek a gy\u00e1szjelent\u00e9snek, \u00e9s seg\u00edtenek tiszteletteljesen \u00e9s \u00e9rzelmesen meg\u00fcnnepelni az elhunyt \u00e9let\u00e9t \u00e9s eml\u00e9k\u00e9t.<\/p>\n<p>K\u00e9rj\u00fck, hogy a f\u00e9nyk\u00e9peket a weboldalra sz\u00e1nt egy\u00e9b anyagokkal egy\u00fctt k\u00fcldje el nek\u00fcnk.<\/p>\n<\/div>\n<\/div>\n<\/div>\n\t\t<\/div>\n\t\t[\/vc_column][\/vc_row]<\/p>\n<\/div>","protected":false},"excerpt":{"rendered":"<p>[vc_row][vc_column][vc_custom_heading text=&#8221;F\u00e9nyk\u00e9pek el\u0151k\u00e9sz\u00edt\u00e9se&#8221; font_container=&#8221;tag:h2|font_size:48|text_align:left&#8221; use_theme_fonts=&#8221;yes&#8221; css=&#8221;&#8221;][\/vc_column][\/vc_row][vc_row][vc_column][\/vc_column][\/vc_row]<\/p>\n","protected":false},"author":1,"featured_media":0,"parent":0,"menu_order":0,"comment_status":"closed","ping_status":"closed","template":"","meta":{"footnotes":""},"yoast_head":"<!-- This site is optimized with the Yoast SEO Premium plugin v23.5 (Yoast SEO v24.5) - https:\/\/yoast.com\/wordpress\/plugins\/seo\/ -->\n<title>F\u00e9nyk\u00e9pek el\u0151k\u00e9sz\u00edt\u00e9se - in memoriam<\/title>\n<meta name=\"robots\" content=\"index, follow, max-snippet:-1, max-image-preview:large, max-video-preview:-1\" \/>\n<link rel=\"canonical\" href=\"https:\/\/in-memoriam.si\/hu\/fenykepek-elokeszitese\/\" \/>\n<meta property=\"og:locale\" content=\"hu_HU\" \/>\n<meta property=\"og:type\" content=\"article\" \/>\n<meta property=\"og:title\" content=\"F\u00e9nyk\u00e9pek el\u0151k\u00e9sz\u00edt\u00e9se\" \/>\n<meta property=\"og:description\" content=\"[vc_row][vc_column][vc_custom_heading text=&#8221;F\u00e9nyk\u00e9pek el\u0151k\u00e9sz\u00edt\u00e9se&#8221; font_container=&#8221;tag:h2|font_size:48|text_align:left&#8221; use_theme_fonts=&#8221;yes&#8221; css=&#8221;&#8221;][\/vc_column][\/vc_row][vc_row][vc_column][\/vc_column][\/vc_row]\" \/>\n<meta property=\"og:url\" content=\"https:\/\/in-memoriam.si\/hu\/fenykepek-elokeszitese\/\" \/>\n<meta property=\"og:site_name\" content=\"in memoriam\" \/>\n<meta property=\"article:publisher\" content=\"https:\/\/www.facebook.com\/FotoSimonka\" \/>\n<meta property=\"article:modified_time\" content=\"2024-05-11T21:24:59+00:00\" \/>\n<meta property=\"og:image\" content=\"https:\/\/in-memoriam.si\/wp-content\/uploads\/2024\/05\/inmemoriam-014.webp\" \/>\n\t<meta property=\"og:image:width\" content=\"2200\" \/>\n\t<meta property=\"og:image:height\" content=\"1257\" \/>\n\t<meta property=\"og:image:type\" content=\"image\/webp\" \/>\n<meta name=\"twitter:card\" content=\"summary_large_image\" \/>\n<meta name=\"twitter:label1\" content=\"Becs\u00fclt olvas\u00e1si id\u0151\" \/>\n\t<meta name=\"twitter:data1\" content=\"3 perc\" \/>\n<script type=\"application\/ld+json\" class=\"yoast-schema-graph\">{\"@context\":\"https:\/\/schema.org\",\"@graph\":[{\"@type\":\"WebPage\",\"@id\":\"https:\/\/in-memoriam.si\/hu\/fenykepek-elokeszitese\/\",\"url\":\"https:\/\/in-memoriam.si\/hu\/fenykepek-elokeszitese\/\",\"name\":\"F\u00e9nyk\u00e9pek el\u0151k\u00e9sz\u00edt\u00e9se - in memoriam\",\"isPartOf\":{\"@id\":\"https:\/\/in-memoriam.si\/hu\/#website\"},\"datePublished\":\"2024-04-28T10:00:20+00:00\",\"dateModified\":\"2024-05-11T21:24:59+00:00\",\"breadcrumb\":{\"@id\":\"https:\/\/in-memoriam.si\/hu\/fenykepek-elokeszitese\/#breadcrumb\"},\"inLanguage\":\"hu\",\"potentialAction\":[{\"@type\":\"ReadAction\",\"target\":[\"https:\/\/in-memoriam.si\/hu\/fenykepek-elokeszitese\/\"]}]},{\"@type\":\"BreadcrumbList\",\"@id\":\"https:\/\/in-memoriam.si\/hu\/fenykepek-elokeszitese\/#breadcrumb\",\"itemListElement\":[{\"@type\":\"ListItem\",\"position\":1,\"name\":\"Home\",\"item\":\"https:\/\/in-memoriam.si\/hu\/in-memoriam\/\"},{\"@type\":\"ListItem\",\"position\":2,\"name\":\"F\u00e9nyk\u00e9pek el\u0151k\u00e9sz\u00edt\u00e9se\"}]},{\"@type\":\"WebSite\",\"@id\":\"https:\/\/in-memoriam.si\/hu\/#website\",\"url\":\"https:\/\/in-memoriam.si\/hu\/\",\"name\":\"in memoriam - v spomin\",\"description\":\"spomini na na&scaron;e drage pokojne\",\"publisher\":{\"@id\":\"https:\/\/in-memoriam.si\/hu\/#organization\"},\"alternateName\":\"Plo\u0161\u010dice s QR kodo\",\"potentialAction\":[{\"@type\":\"SearchAction\",\"target\":{\"@type\":\"EntryPoint\",\"urlTemplate\":\"https:\/\/in-memoriam.si\/hu\/?s={search_term_string}\"},\"query-input\":{\"@type\":\"PropertyValueSpecification\",\"valueRequired\":true,\"valueName\":\"search_term_string\"}}],\"inLanguage\":\"hu\"},{\"@type\":\"Organization\",\"@id\":\"https:\/\/in-memoriam.si\/hu\/#organization\",\"name\":\"in memoriam\",\"url\":\"https:\/\/in-memoriam.si\/hu\/\",\"logo\":{\"@type\":\"ImageObject\",\"inLanguage\":\"hu\",\"@id\":\"https:\/\/in-memoriam.si\/hu\/#\/schema\/logo\/image\/\",\"url\":\"https:\/\/in-memoriam.si\/wp-content\/uploads\/2024\/04\/inmemoriam-web-logo.webp\",\"contentUrl\":\"https:\/\/in-memoriam.si\/wp-content\/uploads\/2024\/04\/inmemoriam-web-logo.webp\",\"width\":300,\"height\":50,\"caption\":\"in memoriam\"},\"image\":{\"@id\":\"https:\/\/in-memoriam.si\/hu\/#\/schema\/logo\/image\/\"},\"sameAs\":[\"https:\/\/www.facebook.com\/FotoSimonka\"]}]}<\/script>\n<!-- \/ Yoast SEO Premium plugin. -->","yoast_head_json":{"title":"F\u00e9nyk\u00e9pek el\u0151k\u00e9sz\u00edt\u00e9se - in memoriam","robots":{"index":"index","follow":"follow","max-snippet":"max-snippet:-1","max-image-preview":"max-image-preview:large","max-video-preview":"max-video-preview:-1"},"canonical":"https:\/\/in-memoriam.si\/hu\/fenykepek-elokeszitese\/","og_locale":"hu_HU","og_type":"article","og_title":"F\u00e9nyk\u00e9pek el\u0151k\u00e9sz\u00edt\u00e9se","og_description":"[vc_row][vc_column][vc_custom_heading text=&#8221;F\u00e9nyk\u00e9pek el\u0151k\u00e9sz\u00edt\u00e9se&#8221; font_container=&#8221;tag:h2|font_size:48|text_align:left&#8221; use_theme_fonts=&#8221;yes&#8221; css=&#8221;&#8221;][\/vc_column][\/vc_row][vc_row][vc_column][\/vc_column][\/vc_row]","og_url":"https:\/\/in-memoriam.si\/hu\/fenykepek-elokeszitese\/","og_site_name":"in memoriam","article_publisher":"https:\/\/www.facebook.com\/FotoSimonka","article_modified_time":"2024-05-11T21:24:59+00:00","og_image":[{"width":2200,"height":1257,"url":"https:\/\/in-memoriam.si\/wp-content\/uploads\/2024\/05\/inmemoriam-014.webp","type":"image\/webp"}],"twitter_card":"summary_large_image","twitter_misc":{"Becs\u00fclt olvas\u00e1si id\u0151":"3 perc"},"schema":{"@context":"https:\/\/schema.org","@graph":[{"@type":"WebPage","@id":"https:\/\/in-memoriam.si\/hu\/fenykepek-elokeszitese\/","url":"https:\/\/in-memoriam.si\/hu\/fenykepek-elokeszitese\/","name":"F\u00e9nyk\u00e9pek el\u0151k\u00e9sz\u00edt\u00e9se - in memoriam","isPartOf":{"@id":"https:\/\/in-memoriam.si\/hu\/#website"},"datePublished":"2024-04-28T10:00:20+00:00","dateModified":"2024-05-11T21:24:59+00:00","breadcrumb":{"@id":"https:\/\/in-memoriam.si\/hu\/fenykepek-elokeszitese\/#breadcrumb"},"inLanguage":"hu","potentialAction":[{"@type":"ReadAction","target":["https:\/\/in-memoriam.si\/hu\/fenykepek-elokeszitese\/"]}]},{"@type":"BreadcrumbList","@id":"https:\/\/in-memoriam.si\/hu\/fenykepek-elokeszitese\/#breadcrumb","itemListElement":[{"@type":"ListItem","position":1,"name":"Home","item":"https:\/\/in-memoriam.si\/hu\/in-memoriam\/"},{"@type":"ListItem","position":2,"name":"F\u00e9nyk\u00e9pek el\u0151k\u00e9sz\u00edt\u00e9se"}]},{"@type":"WebSite","@id":"https:\/\/in-memoriam.si\/hu\/#website","url":"https:\/\/in-memoriam.si\/hu\/","name":"in memoriam - v spomin","description":"spomini na na&scaron;e drage pokojne","publisher":{"@id":"https:\/\/in-memoriam.si\/hu\/#organization"},"alternateName":"Plo\u0161\u010dice s QR kodo","potentialAction":[{"@type":"SearchAction","target":{"@type":"EntryPoint","urlTemplate":"https:\/\/in-memoriam.si\/hu\/?s={search_term_string}"},"query-input":{"@type":"PropertyValueSpecification","valueRequired":true,"valueName":"search_term_string"}}],"inLanguage":"hu"},{"@type":"Organization","@id":"https:\/\/in-memoriam.si\/hu\/#organization","name":"in memoriam","url":"https:\/\/in-memoriam.si\/hu\/","logo":{"@type":"ImageObject","inLanguage":"hu","@id":"https:\/\/in-memoriam.si\/hu\/#\/schema\/logo\/image\/","url":"https:\/\/in-memoriam.si\/wp-content\/uploads\/2024\/04\/inmemoriam-web-logo.webp","contentUrl":"https:\/\/in-memoriam.si\/wp-content\/uploads\/2024\/04\/inmemoriam-web-logo.webp","width":300,"height":50,"caption":"in memoriam"},"image":{"@id":"https:\/\/in-memoriam.si\/hu\/#\/schema\/logo\/image\/"},"sameAs":["https:\/\/www.facebook.com\/FotoSimonka"]}]}},"_links":{"self":[{"href":"https:\/\/in-memoriam.si\/hu\/wp-json\/wp\/v2\/pages\/2146"}],"collection":[{"href":"https:\/\/in-memoriam.si\/hu\/wp-json\/wp\/v2\/pages"}],"about":[{"href":"https:\/\/in-memoriam.si\/hu\/wp-json\/wp\/v2\/types\/page"}],"author":[{"embeddable":true,"href":"https:\/\/in-memoriam.si\/hu\/wp-json\/wp\/v2\/users\/1"}],"replies":[{"embeddable":true,"href":"https:\/\/in-memoriam.si\/hu\/wp-json\/wp\/v2\/comments?post=2146"}],"version-history":[{"count":0,"href":"https:\/\/in-memoriam.si\/hu\/wp-json\/wp\/v2\/pages\/2146\/revisions"}],"wp:attachment":[{"href":"https:\/\/in-memoriam.si\/hu\/wp-json\/wp\/v2\/media?parent=2146"}],"curies":[{"name":"wp","href":"https:\/\/api.w.org\/{rel}","templated":true}]}}