{"id":2150,"date":"2024-04-28T10:14:04","date_gmt":"2024-04-28T10:14:04","guid":{"rendered":"https:\/\/in-memoriam.si\/hangfelvetel-ai-felolvasassal\/"},"modified":"2024-05-11T21:25:06","modified_gmt":"2024-05-11T21:25:06","slug":"hangfelvetel-ai-felolvasassal","status":"publish","type":"page","link":"https:\/\/in-memoriam.si\/hu\/hangfelvetel-ai-felolvasassal\/","title":{"rendered":"Hangfelv\u00e9tel Ai felolvas\u00e1ssal"},"content":{"rendered":"<div class=\"wpb-content-wrapper\"><p>[vc_row][vc_column][vc_custom_heading text=&#8221;Ai hangfelv\u00e9tel egy gy\u00e1szjelent\u00e9sr\u0151l&#8221; font_container=&#8221;tag:h2|font_size:48|text_align:left&#8221; use_theme_fonts=&#8221;yes&#8221; css=&#8221;&#8221;][\/vc_column][\/vc_row][vc_row][vc_column]\t\t<div id=\"wd-662e209edf7da\" class=\"wd-text-block wd-wpb reset-last-child wd-rs-662e209edf7da text-left wd-fontsize-l vc_custom_1714299091861\">\n\t\t\t<div class=\"flex flex-grow flex-col max-w-full\">\n<div class=\"min-h-[20px] text-message flex flex-col items-start gap-3 whitespace-pre-wrap break-words [.text-message+&amp;]:mt-5 overflow-x-auto\" dir=\"auto\" data-message-author-role=\"assistant\" data-message-id=\"2b388113-7d3f-482b-9d4a-5b2aa62f5b28\">\n<div class=\"markdown prose w-full break-words dark:prose-invert light\">\n<p>T\u00e1j\u00e9koztatjuk, hogy weboldalunkon a gy\u00e1szjelent\u00e9sek r\u00f6gz\u00edt\u00e9s\u00e9hez mesters\u00e9ges intelligencia technol\u00f3gi\u00e1t haszn\u00e1lunk. Meg\u00e9rtj\u00fck, hogy ez egy \u00e9rz\u00e9keny id\u0151szak mindenki sz\u00e1m\u00e1ra, aki megl\u00e1togatja a weboldalunkat, ez\u00e9rt ezt a megold\u00e1st az \u00d6n \u00e9rz\u00e9sei ir\u00e1nti legnagyobb gondoss\u00e1ggal \u00e9s tisztelettel v\u00e1lasztottuk.<\/p>\n<\/div>\n<\/div>\n<\/div>\n\t\t<\/div>\n\t\t\t\t<div id=\"wd-662e898a5fabc\" class=\"wd-text-block wd-wpb reset-last-child wd-rs-662e898a5fabc text-left wd-fontsize-m vc_custom_1714325905578\">\n\t\t\t<p>Az AI-olvas\u00f3k lehet\u0151v\u00e9 teszik, hogy a gy\u00e1szjelent\u00e9sek felolvas\u00e1sa egyenletes \u00e9s tiszteletteljes m\u00f3don t\u00f6rt\u00e9njen, an\u00e9lk\u00fcl, hogy \u00e9l\u0151 felolvas\u00f3ra lenne sz\u00fcks\u00e9g. B\u00e1r a technol\u00f3gia nem helyettes\u00edtheti az emberi melegs\u00e9get \u00e9s egy\u00fctt\u00e9rz\u00e9st, hisz\u00fcnk abban, hogy a mesters\u00e9ges intelligencia haszn\u00e1lata lehet\u0151v\u00e9 teszi, hogy az olvasottak \u00fczenete megfelel\u0151 \u00e9rt\u00e9ket k\u00e9pviseljen.<\/p>\n\t\t<\/div>\n\t\t\t\t<div id=\"wd-662e2092d27d4\" class=\"wd-text-block wd-wpb reset-last-child wd-rs-662e2092d27d4 text-left wd-fontsize-l vc_custom_1714299034349\">\n\t\t\t<div class=\"flex flex-grow flex-col max-w-full\">\n<div class=\"min-h-[20px] text-message flex flex-col items-start gap-3 whitespace-pre-wrap break-words [.text-message+&amp;]:mt-5 overflow-x-auto\" dir=\"auto\" data-message-author-role=\"assistant\" data-message-id=\"2b388113-7d3f-482b-9d4a-5b2aa62f5b28\">\n<div class=\"markdown prose w-full break-words dark:prose-invert light\">Ha b\u00e1rmilyen k\u00e9rd\u00e9se vagy agg\u00e1lya van a mesters\u00e9ges intelligencia gy\u00e1szjelent\u00e9sek olvas\u00e1s\u00e1val kapcsolatban, k\u00e9rj\u00fck, l\u00e9pjen kapcsolatba vel\u00fcnk. Az \u00d6n v\u00e9lem\u00e9nye fontos sz\u00e1munkra, \u00e9s sz\u00edvesen meghallgatjuk visszajelz\u00e9seit.<\/div>\n<\/div>\n<\/div>\n\t\t<\/div>\n\t\t[\/vc_column][\/vc_row][vc_row][vc_column][vc_empty_space height=&#8221;50px&#8221; woodmart_hide_large=&#8221;0&#8243; woodmart_hide_medium=&#8221;0&#8243; woodmart_hide_small=&#8221;0&#8243;][vc_custom_heading text=&#8221;Mire sz\u00e1m\u00edthat?&#8221; font_container=&#8221;tag:h2|font_size:36|text_align:left&#8221; use_theme_fonts=&#8221;yes&#8221; css=&#8221;&#8221;][\/vc_column][\/vc_row][vc_row][vc_column width=&#8221;1\/2&#8243;]\t\t<div id=\"wd-662e87ff9affb\" class=\"wd-text-block wd-wpb reset-last-child wd-rs-662e87ff9affb text-left wd-fontsize-m \">\n\t\t\t<ul>\n<li><strong>K\u00f6vetkezetess\u00e9g<\/strong>: a mesters\u00e9ges intelligencia biztos\u00edtja a k\u00f6vetkezetes felolvas\u00e1si teljes\u00edtm\u00e9nyt a hangsz\u00edn vagy a kiejt\u00e9s ingadoz\u00e1sa n\u00e9lk\u00fcl, ami egys\u00e9ges \u00e9lm\u00e9nyt ny\u00fajt a weboldal l\u00e1togat\u00f3inak.<\/li>\n<li><strong>Hozz\u00e1f\u00e9rhet\u0151s\u00e9g<\/strong>: a mesters\u00e9ges intelligenci\u00e1val t\u00e1mogatott hang lehet\u0151v\u00e9 teszi a hangos inform\u00e1ci\u00f3hoz val\u00f3 hozz\u00e1f\u00e9r\u00e9st azok sz\u00e1m\u00e1ra, akik esetleg nem tudj\u00e1k elolvasni a sz\u00f6veget, p\u00e9ld\u00e1ul vak vagy gyeng\u00e9nl\u00e1t\u00f3 felhaszn\u00e1l\u00f3k sz\u00e1m\u00e1ra.<\/li>\n<\/ul>\n\t\t<\/div>\n\t\t[\/vc_column][vc_column width=&#8221;1\/2&#8243;]\t\t<div id=\"wd-662e8acce4893\" class=\"wd-text-block wd-wpb reset-last-child wd-rs-662e8acce4893 text-left wd-fontsize-m \">\n\t\t\t<ul>\n<li><strong>Korl\u00e1tozott inton\u00e1ci\u00f3 \u00e9s kifejez\u0151k\u00e9szs\u00e9g<\/strong>: a hangszintetiz\u00e1l\u00f3 technol\u00f3gia fejl\u0151d\u00e9se ellen\u00e9re az AI-olvas\u00f3k m\u00e9g mindig korl\u00e1tozott inton\u00e1ci\u00f3val \u00e9s kifejez\u0151k\u00e9szs\u00e9ggel rendelkeznek, ami befoly\u00e1solhatja a gy\u00e1szjelent\u00e9s olvas\u00e1s\u00e1nak \u00e9s hallgat\u00e1s\u00e1nak \u00e9lm\u00e9ny\u00e9t.<\/li>\n<li><strong>Hib\u00e1k \u00e9s pontatlans\u00e1gok lehet\u0151s\u00e9ge<\/strong>: mint minden automatiz\u00e1lt rendszer, az AI-olvas\u00f3k sem t\u00f6k\u00e9letesek, \u00e9s el\u0151fordulhatnak hib\u00e1k a szavak kiejt\u00e9s\u00e9ben vagy a sz\u00f6veg \u00e9rtelmez\u00e9s\u00e9ben, k\u00fcl\u00f6n\u00f6sen bizonyos szavak hangs\u00falyoz\u00e1s\u00e1ban.<\/li>\n<\/ul>\n\t\t<\/div>\n\t\t[\/vc_column][\/vc_row][vc_row][vc_column]\t\t<div id=\"wd-6631138b56b2a\" class=\"wd-text-block wd-wpb reset-last-child wd-rs-6631138b56b2a text-left wd-fontsize-l vc_custom_1714492307456\">\n\t\t\t<div class=\"flex flex-grow flex-col max-w-full\">\n<div class=\"min-h-[20px] text-message flex flex-col items-start gap-3 whitespace-pre-wrap break-words [.text-message+&amp;]:mt-5 overflow-x-auto\" dir=\"auto\" data-message-author-role=\"assistant\" data-message-id=\"2b388113-7d3f-482b-9d4a-5b2aa62f5b28\">\n<div class=\"markdown prose w-full break-words dark:prose-invert light\">\n<p>A hangfelv\u00e9tel a fogyat\u00e9kkal \u00e9l\u0151k, p\u00e9ld\u00e1ul vakok \u00e9s gyeng\u00e9nl\u00e1t\u00f3k sz\u00e1m\u00e1ra is hozz\u00e1f\u00e9rhet\u0151v\u00e9 teszi az inform\u00e1ci\u00f3kat, \u00edgy a weboldal minden felhaszn\u00e1l\u00f3ja sz\u00e1m\u00e1ra egyform\u00e1n hozz\u00e1f\u00e9rhet\u0151v\u00e9 v\u00e1lik. Emellett a hangsz\u00edn hozz\u00e1j\u00e1rulhat a nagyobb soksz\u00edn\u0171s\u00e9ghez \u00e9s elk\u00f6telezetts\u00e9ghez az interneten, \u00e9s jav\u00edthatja az \u00e1ltal\u00e1nos felhaszn\u00e1l\u00f3i \u00e9lm\u00e9nyt.<\/p>\n<\/div>\n<\/div>\n<\/div>\n\t\t<\/div>\n\t\t[\/vc_column][\/vc_row]<\/p>\n<\/div>","protected":false},"excerpt":{"rendered":"<p>[vc_row][vc_column][vc_custom_heading text=&#8221;Ai hangfelv\u00e9tel egy gy\u00e1szjelent\u00e9sr\u0151l&#8221; font_container=&#8221;tag:h2|font_size:48|text_align:left&#8221; use_theme_fonts=&#8221;yes&#8221; css=&#8221;&#8221;][\/vc_column][\/vc_row][vc_row][vc_column][\/vc_column][\/vc_row][vc_row][vc_column][vc_empty_space height=&#8221;50px&#8221; woodmart_hide_large=&#8221;0&#8243; woodmart_hide_medium=&#8221;0&#8243; woodmart_hide_small=&#8221;0&#8243;][vc_custom_heading text=&#8221;Mire sz\u00e1m\u00edthat?&#8221; font_container=&#8221;tag:h2|font_size:36|text_align:left&#8221; use_theme_fonts=&#8221;yes&#8221; css=&#8221;&#8221;][\/vc_column][\/vc_row][vc_row][vc_column width=&#8221;1\/2&#8243;][\/vc_column][vc_column width=&#8221;1\/2&#8243;][\/vc_column][\/vc_row][vc_row][vc_column][\/vc_column][\/vc_row]<\/p>\n","protected":false},"author":1,"featured_media":0,"parent":0,"menu_order":0,"comment_status":"closed","ping_status":"closed","template":"","meta":{"footnotes":""},"yoast_head":"<!-- This site is optimized with the Yoast SEO Premium plugin v23.5 (Yoast SEO v24.5) - https:\/\/yoast.com\/wordpress\/plugins\/seo\/ -->\n<title>Hangfelv\u00e9tel Ai felolvas\u00e1ssal - in memoriam<\/title>\n<meta name=\"robots\" content=\"index, follow, max-snippet:-1, max-image-preview:large, max-video-preview:-1\" \/>\n<link rel=\"canonical\" href=\"https:\/\/in-memoriam.si\/hu\/hangfelvetel-ai-felolvasassal\/\" \/>\n<meta property=\"og:locale\" content=\"hu_HU\" \/>\n<meta property=\"og:type\" content=\"article\" \/>\n<meta property=\"og:title\" content=\"Hangfelv\u00e9tel Ai felolvas\u00e1ssal\" \/>\n<meta property=\"og:description\" content=\"[vc_row][vc_column][vc_custom_heading text=&#8221;Ai hangfelv\u00e9tel egy gy\u00e1szjelent\u00e9sr\u0151l&#8221; font_container=&#8221;tag:h2|font_size:48|text_align:left&#8221; use_theme_fonts=&#8221;yes&#8221; css=&#8221;&#8221;][\/vc_column][\/vc_row][vc_row][vc_column][\/vc_column][\/vc_row][vc_row][vc_column][vc_empty_space height=&#8221;50px&#8221; woodmart_hide_large=&#8221;0&#8243; woodmart_hide_medium=&#8221;0&#8243; woodmart_hide_small=&#8221;0&#8243;][vc_custom_heading text=&#8221;Mire sz\u00e1m\u00edthat?&#8221; font_container=&#8221;tag:h2|font_size:36|text_align:left&#8221; use_theme_fonts=&#8221;yes&#8221; css=&#8221;&#8221;][\/vc_column][\/vc_row][vc_row][vc_column width=&#8221;1\/2&#8243;][\/vc_column][vc_column width=&#8221;1\/2&#8243;][\/vc_column][\/vc_row][vc_row][vc_column][\/vc_column][\/vc_row]\" \/>\n<meta property=\"og:url\" content=\"https:\/\/in-memoriam.si\/hu\/hangfelvetel-ai-felolvasassal\/\" \/>\n<meta property=\"og:site_name\" content=\"in memoriam\" \/>\n<meta property=\"article:publisher\" content=\"https:\/\/www.facebook.com\/FotoSimonka\" \/>\n<meta property=\"article:modified_time\" content=\"2024-05-11T21:25:06+00:00\" \/>\n<meta property=\"og:image\" content=\"https:\/\/in-memoriam.si\/wp-content\/uploads\/2024\/05\/inmemoriam-014.webp\" \/>\n\t<meta property=\"og:image:width\" content=\"2200\" \/>\n\t<meta property=\"og:image:height\" content=\"1257\" \/>\n\t<meta property=\"og:image:type\" content=\"image\/webp\" \/>\n<meta name=\"twitter:card\" content=\"summary_large_image\" \/>\n<meta name=\"twitter:label1\" content=\"Becs\u00fclt olvas\u00e1si id\u0151\" \/>\n\t<meta name=\"twitter:data1\" content=\"5 perc\" \/>\n<script type=\"application\/ld+json\" class=\"yoast-schema-graph\">{\"@context\":\"https:\/\/schema.org\",\"@graph\":[{\"@type\":\"WebPage\",\"@id\":\"https:\/\/in-memoriam.si\/hu\/hangfelvetel-ai-felolvasassal\/\",\"url\":\"https:\/\/in-memoriam.si\/hu\/hangfelvetel-ai-felolvasassal\/\",\"name\":\"Hangfelv\u00e9tel Ai felolvas\u00e1ssal - in memoriam\",\"isPartOf\":{\"@id\":\"https:\/\/in-memoriam.si\/hu\/#website\"},\"datePublished\":\"2024-04-28T10:14:04+00:00\",\"dateModified\":\"2024-05-11T21:25:06+00:00\",\"breadcrumb\":{\"@id\":\"https:\/\/in-memoriam.si\/hu\/hangfelvetel-ai-felolvasassal\/#breadcrumb\"},\"inLanguage\":\"hu\",\"potentialAction\":[{\"@type\":\"ReadAction\",\"target\":[\"https:\/\/in-memoriam.si\/hu\/hangfelvetel-ai-felolvasassal\/\"]}]},{\"@type\":\"BreadcrumbList\",\"@id\":\"https:\/\/in-memoriam.si\/hu\/hangfelvetel-ai-felolvasassal\/#breadcrumb\",\"itemListElement\":[{\"@type\":\"ListItem\",\"position\":1,\"name\":\"Home\",\"item\":\"https:\/\/in-memoriam.si\/hu\/in-memoriam\/\"},{\"@type\":\"ListItem\",\"position\":2,\"name\":\"Hangfelv\u00e9tel Ai felolvas\u00e1ssal\"}]},{\"@type\":\"WebSite\",\"@id\":\"https:\/\/in-memoriam.si\/hu\/#website\",\"url\":\"https:\/\/in-memoriam.si\/hu\/\",\"name\":\"in memoriam - v spomin\",\"description\":\"spomini na na&scaron;e drage pokojne\",\"publisher\":{\"@id\":\"https:\/\/in-memoriam.si\/hu\/#organization\"},\"alternateName\":\"Plo\u0161\u010dice s QR kodo\",\"potentialAction\":[{\"@type\":\"SearchAction\",\"target\":{\"@type\":\"EntryPoint\",\"urlTemplate\":\"https:\/\/in-memoriam.si\/hu\/?s={search_term_string}\"},\"query-input\":{\"@type\":\"PropertyValueSpecification\",\"valueRequired\":true,\"valueName\":\"search_term_string\"}}],\"inLanguage\":\"hu\"},{\"@type\":\"Organization\",\"@id\":\"https:\/\/in-memoriam.si\/hu\/#organization\",\"name\":\"in memoriam\",\"url\":\"https:\/\/in-memoriam.si\/hu\/\",\"logo\":{\"@type\":\"ImageObject\",\"inLanguage\":\"hu\",\"@id\":\"https:\/\/in-memoriam.si\/hu\/#\/schema\/logo\/image\/\",\"url\":\"https:\/\/in-memoriam.si\/wp-content\/uploads\/2024\/04\/inmemoriam-web-logo.webp\",\"contentUrl\":\"https:\/\/in-memoriam.si\/wp-content\/uploads\/2024\/04\/inmemoriam-web-logo.webp\",\"width\":300,\"height\":50,\"caption\":\"in memoriam\"},\"image\":{\"@id\":\"https:\/\/in-memoriam.si\/hu\/#\/schema\/logo\/image\/\"},\"sameAs\":[\"https:\/\/www.facebook.com\/FotoSimonka\"]}]}<\/script>\n<!-- \/ Yoast SEO Premium plugin. -->","yoast_head_json":{"title":"Hangfelv\u00e9tel Ai felolvas\u00e1ssal - in memoriam","robots":{"index":"index","follow":"follow","max-snippet":"max-snippet:-1","max-image-preview":"max-image-preview:large","max-video-preview":"max-video-preview:-1"},"canonical":"https:\/\/in-memoriam.si\/hu\/hangfelvetel-ai-felolvasassal\/","og_locale":"hu_HU","og_type":"article","og_title":"Hangfelv\u00e9tel Ai felolvas\u00e1ssal","og_description":"[vc_row][vc_column][vc_custom_heading text=&#8221;Ai hangfelv\u00e9tel egy gy\u00e1szjelent\u00e9sr\u0151l&#8221; font_container=&#8221;tag:h2|font_size:48|text_align:left&#8221; use_theme_fonts=&#8221;yes&#8221; css=&#8221;&#8221;][\/vc_column][\/vc_row][vc_row][vc_column][\/vc_column][\/vc_row][vc_row][vc_column][vc_empty_space height=&#8221;50px&#8221; woodmart_hide_large=&#8221;0&#8243; woodmart_hide_medium=&#8221;0&#8243; woodmart_hide_small=&#8221;0&#8243;][vc_custom_heading text=&#8221;Mire sz\u00e1m\u00edthat?&#8221; font_container=&#8221;tag:h2|font_size:36|text_align:left&#8221; use_theme_fonts=&#8221;yes&#8221; css=&#8221;&#8221;][\/vc_column][\/vc_row][vc_row][vc_column width=&#8221;1\/2&#8243;][\/vc_column][vc_column width=&#8221;1\/2&#8243;][\/vc_column][\/vc_row][vc_row][vc_column][\/vc_column][\/vc_row]","og_url":"https:\/\/in-memoriam.si\/hu\/hangfelvetel-ai-felolvasassal\/","og_site_name":"in memoriam","article_publisher":"https:\/\/www.facebook.com\/FotoSimonka","article_modified_time":"2024-05-11T21:25:06+00:00","og_image":[{"width":2200,"height":1257,"url":"https:\/\/in-memoriam.si\/wp-content\/uploads\/2024\/05\/inmemoriam-014.webp","type":"image\/webp"}],"twitter_card":"summary_large_image","twitter_misc":{"Becs\u00fclt olvas\u00e1si id\u0151":"5 perc"},"schema":{"@context":"https:\/\/schema.org","@graph":[{"@type":"WebPage","@id":"https:\/\/in-memoriam.si\/hu\/hangfelvetel-ai-felolvasassal\/","url":"https:\/\/in-memoriam.si\/hu\/hangfelvetel-ai-felolvasassal\/","name":"Hangfelv\u00e9tel Ai felolvas\u00e1ssal - in memoriam","isPartOf":{"@id":"https:\/\/in-memoriam.si\/hu\/#website"},"datePublished":"2024-04-28T10:14:04+00:00","dateModified":"2024-05-11T21:25:06+00:00","breadcrumb":{"@id":"https:\/\/in-memoriam.si\/hu\/hangfelvetel-ai-felolvasassal\/#breadcrumb"},"inLanguage":"hu","potentialAction":[{"@type":"ReadAction","target":["https:\/\/in-memoriam.si\/hu\/hangfelvetel-ai-felolvasassal\/"]}]},{"@type":"BreadcrumbList","@id":"https:\/\/in-memoriam.si\/hu\/hangfelvetel-ai-felolvasassal\/#breadcrumb","itemListElement":[{"@type":"ListItem","position":1,"name":"Home","item":"https:\/\/in-memoriam.si\/hu\/in-memoriam\/"},{"@type":"ListItem","position":2,"name":"Hangfelv\u00e9tel Ai felolvas\u00e1ssal"}]},{"@type":"WebSite","@id":"https:\/\/in-memoriam.si\/hu\/#website","url":"https:\/\/in-memoriam.si\/hu\/","name":"in memoriam - v spomin","description":"spomini na na&scaron;e drage pokojne","publisher":{"@id":"https:\/\/in-memoriam.si\/hu\/#organization"},"alternateName":"Plo\u0161\u010dice s QR kodo","potentialAction":[{"@type":"SearchAction","target":{"@type":"EntryPoint","urlTemplate":"https:\/\/in-memoriam.si\/hu\/?s={search_term_string}"},"query-input":{"@type":"PropertyValueSpecification","valueRequired":true,"valueName":"search_term_string"}}],"inLanguage":"hu"},{"@type":"Organization","@id":"https:\/\/in-memoriam.si\/hu\/#organization","name":"in memoriam","url":"https:\/\/in-memoriam.si\/hu\/","logo":{"@type":"ImageObject","inLanguage":"hu","@id":"https:\/\/in-memoriam.si\/hu\/#\/schema\/logo\/image\/","url":"https:\/\/in-memoriam.si\/wp-content\/uploads\/2024\/04\/inmemoriam-web-logo.webp","contentUrl":"https:\/\/in-memoriam.si\/wp-content\/uploads\/2024\/04\/inmemoriam-web-logo.webp","width":300,"height":50,"caption":"in memoriam"},"image":{"@id":"https:\/\/in-memoriam.si\/hu\/#\/schema\/logo\/image\/"},"sameAs":["https:\/\/www.facebook.com\/FotoSimonka"]}]}},"_links":{"self":[{"href":"https:\/\/in-memoriam.si\/hu\/wp-json\/wp\/v2\/pages\/2150"}],"collection":[{"href":"https:\/\/in-memoriam.si\/hu\/wp-json\/wp\/v2\/pages"}],"about":[{"href":"https:\/\/in-memoriam.si\/hu\/wp-json\/wp\/v2\/types\/page"}],"author":[{"embeddable":true,"href":"https:\/\/in-memoriam.si\/hu\/wp-json\/wp\/v2\/users\/1"}],"replies":[{"embeddable":true,"href":"https:\/\/in-memoriam.si\/hu\/wp-json\/wp\/v2\/comments?post=2150"}],"version-history":[{"count":0,"href":"https:\/\/in-memoriam.si\/hu\/wp-json\/wp\/v2\/pages\/2150\/revisions"}],"wp:attachment":[{"href":"https:\/\/in-memoriam.si\/hu\/wp-json\/wp\/v2\/media?parent=2150"}],"curies":[{"name":"wp","href":"https:\/\/api.w.org\/{rel}","templated":true}]}}