{"id":2189,"date":"2024-04-09T19:13:28","date_gmt":"2024-04-09T19:13:28","guid":{"rendered":"https:\/\/in-memoriam.si\/a-felelosseg-korlatozasa\/"},"modified":"2024-05-11T21:25:42","modified_gmt":"2024-05-11T21:25:42","slug":"a-felelosseg-korlatozasa","status":"publish","type":"page","link":"https:\/\/in-memoriam.si\/hu\/a-felelosseg-korlatozasa\/","title":{"rendered":"A felel\u0151ss\u00e9g korl\u00e1toz\u00e1sa"},"content":{"rendered":"<div class=\"wpb-content-wrapper\"><p>[vc_row][vc_column][vc_custom_heading text=&#8221;A FELEL\u0150SS\u00c9G KORL\u00c1TOZ\u00c1SA&#8221; use_theme_fonts=&#8221;yes&#8221;][vc_separator wd_hide_on_desktop=&#8221;no&#8221; wd_hide_on_tablet=&#8221;no&#8221; wd_hide_on_mobile=&#8221;no&#8221;][\/vc_column][\/vc_row][vc_row][vc_column]\t\t<div id=\"wd-663b24900a5f8\" class=\"wd-text-block wd-wpb reset-last-child wd-rs-663b24900a5f8 text-left wd-fontsize-m \">\n\t\t\t<div class=\"vc_row wpb_row vc_row-fluid\">\n<div class=\"wpb_column vc_column_container vc_col-sm-12\">\n<div class=\"vc_column-inner\">\n<div class=\"wpb_wrapper\">\n<div class=\"vc_separator wpb_content_element vc_separator_align_center vc_sep_width_100 vc_sep_pos_align_center vc_separator_no_text vc_sep_color_green\"><\/div>\n<\/div>\n<\/div>\n<\/div>\n<\/div>\n<div class=\"vc_row wpb_row vc_row-fluid\">\n<div class=\"wpb_column vc_column_container vc_col-sm-12\">\n<div class=\"vc_column-inner\">\n<div class=\"wpb_wrapper\">\n<div class=\"wpb_text_column wpb_content_element\">\n<div class=\"wpb_wrapper\">\n<p>A Foto \u0160imonka, Jolanda \u0160imonka Mili\u010d s.p. nem v\u00e1llal felel\u0151ss\u00e9get az \u00e1ruk\/szolg\u00e1ltat\u00e1sok nem megfelel\u0151 haszn\u00e1lat\u00e1b\u00f3l ered\u0151 esetleges komplik\u00e1ci\u00f3k\u00e9rt vagy probl\u00e9m\u00e1k\u00e9rt.<\/p>\n<p>A Foto \u0160imonka, Jolanda \u0160imonka Mili\u010d s.p. nem v\u00e1llal felel\u0151ss\u00e9get a www.in-memoriam.si weboldal m\u0171k\u00f6d\u00e9s\u00e9vel kapcsolatos esetleges probl\u00e9m\u00e1k\u00e9rt, az inform\u00e1ci\u00f3k pontatlans\u00e1g\u00e1\u00e9rt, sem a pontatlan vagy hi\u00e1nyos inform\u00e1ci\u00f3k haszn\u00e1lata \u00e1ltal okozott k\u00e1rok\u00e9rt.<\/p>\n<p>A Foto \u0160imonka, Jolanda \u0160imonka Mili\u010d s.p. mindent megtesz annak \u00e9rdek\u00e9ben, hogy a weboldalon k\u00f6zz\u00e9tett inform\u00e1ci\u00f3k naprak\u00e9szek \u00e9s helyesek legyenek. A t\u00e9telek jellemz\u0151i, a sz\u00e1ll\u00edt\u00e1si hat\u00e1rid\u0151 vagy az \u00e1r azonban olyan gyorsan v\u00e1ltozhat, hogy a v\u00e1llalat nem tudja korrig\u00e1lni a k\u00f6zz\u00e9tett inform\u00e1ci\u00f3kat. Ilyen esetben t\u00e1j\u00e9koztatjuk a v\u00e1s\u00e1rl\u00f3t a v\u00e1ltoz\u00e1sokr\u00f3l, \u00e9s lehet\u0151s\u00e9get adunk neki a szerz\u0151d\u00e9st\u0151l val\u00f3 el\u00e1ll\u00e1sra vagy a megrendelt term\u00e9k kicser\u00e9l\u00e9s\u00e9re. A term\u00e9kfot\u00f3k szimbolikusak, \u00e9s nem garant\u00e1lj\u00e1k a term\u00e9k jellemz\u0151it.<\/p>\n<p>A Foto \u0160imonka s.p. fenntartja a jogot, hogy el\u00e1lljon a szerz\u0151d\u00e9st\u0151l vagy. a szerz\u0151d\u00e9s teljes\u00edt\u00e9se, ha nyilv\u00e1nval\u00f3 hiba meg\u00e1llap\u00edt\u00e1s\u00e1ra ker\u00fcl sor (a Polg\u00e1ri T\u00f6rv\u00e9nyk\u00f6nyv 46. cikke). Nyilv\u00e1nval\u00f3 hib\u00e1nak min\u0151s\u00fcl az \u00e1ru l\u00e9nyeges jellemz\u0151inek hib\u00e1ja, valamint minden olyan hiba, amely a kereskedelmi szok\u00e1sok vagy a felek sz\u00e1nd\u00e9ka szerint d\u00f6nt\u0151nek min\u0151s\u00fcl, \u00e9s amelyet a Foto \u0160imonka s.p. nem ismert volna el, illetve nem k\u00f6t\u00f6tt volna szerz\u0151d\u00e9st, ha tudott volna r\u00f3la. Ez mag\u00e1ban foglalja a nyilv\u00e1nval\u00f3 \u00e1rk\u00e9pz\u00e9si hib\u00e1kat, amelyek technikai vagy egy\u00e9b probl\u00e9m\u00e1kb\u00f3l ad\u00f3dhatnak.<\/p>\n<p>A Foto \u0160imonka s.p. nem v\u00e1llal felel\u0151ss\u00e9get a bek\u00fcld\u00f6tt sz\u00f6vegek szerz\u0151i jogai\u00e9rt, azok helyess\u00e9g\u00e9\u00e9rt, illetve a sz\u00f6vegben tal\u00e1lhat\u00f3 nyelvtani vagy egy\u00e9b hib\u00e1k\u00e9rt. Ez\u00e9rt az \u00dcgyf\u00e9l a k\u00f6zz\u00e9t\u00e9tel el\u0151tt ellen\u0151rzi az oldalak minden elem\u00e9t, \u00e9s j\u00f3v\u00e1hagyja vagy elutas\u00edtja azok k\u00f6zz\u00e9t\u00e9tel\u00e9t.<\/p>\n<p>&nbsp;<\/p>\n<\/div>\n<\/div>\n<\/div>\n<\/div>\n<\/div>\n<\/div>\n\t\t<\/div>\n\t\t[\/vc_column][\/vc_row]<\/p>\n<\/div>","protected":false},"excerpt":{"rendered":"<p>[vc_row][vc_column][vc_custom_heading text=&#8221;A FELEL\u0150SS\u00c9G KORL\u00c1TOZ\u00c1SA&#8221; use_theme_fonts=&#8221;yes&#8221;][vc_separator wd_hide_on_desktop=&#8221;no&#8221; wd_hide_on_tablet=&#8221;no&#8221; wd_hide_on_mobile=&#8221;no&#8221;][\/vc_column][\/vc_row][vc_row][vc_column][\/vc_column][\/vc_row]<\/p>\n","protected":false},"author":1,"featured_media":0,"parent":0,"menu_order":0,"comment_status":"closed","ping_status":"closed","template":"","meta":{"footnotes":""},"yoast_head":"<!-- This site is optimized with the Yoast SEO Premium plugin v23.5 (Yoast SEO v24.5) - https:\/\/yoast.com\/wordpress\/plugins\/seo\/ -->\n<title>A felel\u0151ss\u00e9g korl\u00e1toz\u00e1sa - in memoriam<\/title>\n<meta name=\"robots\" content=\"index, follow, max-snippet:-1, max-image-preview:large, max-video-preview:-1\" \/>\n<link rel=\"canonical\" href=\"https:\/\/in-memoriam.si\/hu\/a-felelosseg-korlatozasa\/\" \/>\n<meta property=\"og:locale\" content=\"hu_HU\" \/>\n<meta property=\"og:type\" content=\"article\" \/>\n<meta property=\"og:title\" content=\"A felel\u0151ss\u00e9g korl\u00e1toz\u00e1sa\" \/>\n<meta property=\"og:description\" content=\"[vc_row][vc_column][vc_custom_heading text=&#8221;A FELEL\u0150SS\u00c9G KORL\u00c1TOZ\u00c1SA&#8221; use_theme_fonts=&#8221;yes&#8221;][vc_separator wd_hide_on_desktop=&#8221;no&#8221; wd_hide_on_tablet=&#8221;no&#8221; wd_hide_on_mobile=&#8221;no&#8221;][\/vc_column][\/vc_row][vc_row][vc_column][\/vc_column][\/vc_row]\" \/>\n<meta property=\"og:url\" content=\"https:\/\/in-memoriam.si\/hu\/a-felelosseg-korlatozasa\/\" \/>\n<meta property=\"og:site_name\" content=\"in memoriam\" \/>\n<meta property=\"article:publisher\" content=\"https:\/\/www.facebook.com\/FotoSimonka\" \/>\n<meta property=\"article:modified_time\" content=\"2024-05-11T21:25:42+00:00\" \/>\n<meta property=\"og:image\" content=\"https:\/\/in-memoriam.si\/wp-content\/uploads\/2024\/05\/inmemoriam-014.webp\" \/>\n\t<meta property=\"og:image:width\" content=\"2200\" \/>\n\t<meta property=\"og:image:height\" content=\"1257\" \/>\n\t<meta property=\"og:image:type\" content=\"image\/webp\" \/>\n<meta name=\"twitter:card\" content=\"summary_large_image\" \/>\n<meta name=\"twitter:label1\" content=\"Becs\u00fclt olvas\u00e1si id\u0151\" \/>\n\t<meta name=\"twitter:data1\" content=\"3 perc\" \/>\n<script type=\"application\/ld+json\" class=\"yoast-schema-graph\">{\"@context\":\"https:\/\/schema.org\",\"@graph\":[{\"@type\":\"WebPage\",\"@id\":\"https:\/\/in-memoriam.si\/hu\/a-felelosseg-korlatozasa\/\",\"url\":\"https:\/\/in-memoriam.si\/hu\/a-felelosseg-korlatozasa\/\",\"name\":\"A felel\u0151ss\u00e9g korl\u00e1toz\u00e1sa - in memoriam\",\"isPartOf\":{\"@id\":\"https:\/\/in-memoriam.si\/hu\/#website\"},\"datePublished\":\"2024-04-09T19:13:28+00:00\",\"dateModified\":\"2024-05-11T21:25:42+00:00\",\"breadcrumb\":{\"@id\":\"https:\/\/in-memoriam.si\/hu\/a-felelosseg-korlatozasa\/#breadcrumb\"},\"inLanguage\":\"hu\",\"potentialAction\":[{\"@type\":\"ReadAction\",\"target\":[\"https:\/\/in-memoriam.si\/hu\/a-felelosseg-korlatozasa\/\"]}]},{\"@type\":\"BreadcrumbList\",\"@id\":\"https:\/\/in-memoriam.si\/hu\/a-felelosseg-korlatozasa\/#breadcrumb\",\"itemListElement\":[{\"@type\":\"ListItem\",\"position\":1,\"name\":\"Home\",\"item\":\"https:\/\/in-memoriam.si\/hu\/in-memoriam\/\"},{\"@type\":\"ListItem\",\"position\":2,\"name\":\"A felel\u0151ss\u00e9g korl\u00e1toz\u00e1sa\"}]},{\"@type\":\"WebSite\",\"@id\":\"https:\/\/in-memoriam.si\/hu\/#website\",\"url\":\"https:\/\/in-memoriam.si\/hu\/\",\"name\":\"in memoriam - v spomin\",\"description\":\"spomini na na&scaron;e drage pokojne\",\"publisher\":{\"@id\":\"https:\/\/in-memoriam.si\/hu\/#organization\"},\"alternateName\":\"Plo\u0161\u010dice s QR kodo\",\"potentialAction\":[{\"@type\":\"SearchAction\",\"target\":{\"@type\":\"EntryPoint\",\"urlTemplate\":\"https:\/\/in-memoriam.si\/hu\/?s={search_term_string}\"},\"query-input\":{\"@type\":\"PropertyValueSpecification\",\"valueRequired\":true,\"valueName\":\"search_term_string\"}}],\"inLanguage\":\"hu\"},{\"@type\":\"Organization\",\"@id\":\"https:\/\/in-memoriam.si\/hu\/#organization\",\"name\":\"in memoriam\",\"url\":\"https:\/\/in-memoriam.si\/hu\/\",\"logo\":{\"@type\":\"ImageObject\",\"inLanguage\":\"hu\",\"@id\":\"https:\/\/in-memoriam.si\/hu\/#\/schema\/logo\/image\/\",\"url\":\"https:\/\/in-memoriam.si\/wp-content\/uploads\/2024\/04\/inmemoriam-web-logo.webp\",\"contentUrl\":\"https:\/\/in-memoriam.si\/wp-content\/uploads\/2024\/04\/inmemoriam-web-logo.webp\",\"width\":300,\"height\":50,\"caption\":\"in memoriam\"},\"image\":{\"@id\":\"https:\/\/in-memoriam.si\/hu\/#\/schema\/logo\/image\/\"},\"sameAs\":[\"https:\/\/www.facebook.com\/FotoSimonka\"]}]}<\/script>\n<!-- \/ Yoast SEO Premium plugin. -->","yoast_head_json":{"title":"A felel\u0151ss\u00e9g korl\u00e1toz\u00e1sa - in memoriam","robots":{"index":"index","follow":"follow","max-snippet":"max-snippet:-1","max-image-preview":"max-image-preview:large","max-video-preview":"max-video-preview:-1"},"canonical":"https:\/\/in-memoriam.si\/hu\/a-felelosseg-korlatozasa\/","og_locale":"hu_HU","og_type":"article","og_title":"A felel\u0151ss\u00e9g korl\u00e1toz\u00e1sa","og_description":"[vc_row][vc_column][vc_custom_heading text=&#8221;A FELEL\u0150SS\u00c9G KORL\u00c1TOZ\u00c1SA&#8221; use_theme_fonts=&#8221;yes&#8221;][vc_separator wd_hide_on_desktop=&#8221;no&#8221; wd_hide_on_tablet=&#8221;no&#8221; wd_hide_on_mobile=&#8221;no&#8221;][\/vc_column][\/vc_row][vc_row][vc_column][\/vc_column][\/vc_row]","og_url":"https:\/\/in-memoriam.si\/hu\/a-felelosseg-korlatozasa\/","og_site_name":"in memoriam","article_publisher":"https:\/\/www.facebook.com\/FotoSimonka","article_modified_time":"2024-05-11T21:25:42+00:00","og_image":[{"width":2200,"height":1257,"url":"https:\/\/in-memoriam.si\/wp-content\/uploads\/2024\/05\/inmemoriam-014.webp","type":"image\/webp"}],"twitter_card":"summary_large_image","twitter_misc":{"Becs\u00fclt olvas\u00e1si id\u0151":"3 perc"},"schema":{"@context":"https:\/\/schema.org","@graph":[{"@type":"WebPage","@id":"https:\/\/in-memoriam.si\/hu\/a-felelosseg-korlatozasa\/","url":"https:\/\/in-memoriam.si\/hu\/a-felelosseg-korlatozasa\/","name":"A felel\u0151ss\u00e9g korl\u00e1toz\u00e1sa - in memoriam","isPartOf":{"@id":"https:\/\/in-memoriam.si\/hu\/#website"},"datePublished":"2024-04-09T19:13:28+00:00","dateModified":"2024-05-11T21:25:42+00:00","breadcrumb":{"@id":"https:\/\/in-memoriam.si\/hu\/a-felelosseg-korlatozasa\/#breadcrumb"},"inLanguage":"hu","potentialAction":[{"@type":"ReadAction","target":["https:\/\/in-memoriam.si\/hu\/a-felelosseg-korlatozasa\/"]}]},{"@type":"BreadcrumbList","@id":"https:\/\/in-memoriam.si\/hu\/a-felelosseg-korlatozasa\/#breadcrumb","itemListElement":[{"@type":"ListItem","position":1,"name":"Home","item":"https:\/\/in-memoriam.si\/hu\/in-memoriam\/"},{"@type":"ListItem","position":2,"name":"A felel\u0151ss\u00e9g korl\u00e1toz\u00e1sa"}]},{"@type":"WebSite","@id":"https:\/\/in-memoriam.si\/hu\/#website","url":"https:\/\/in-memoriam.si\/hu\/","name":"in memoriam - v spomin","description":"spomini na na&scaron;e drage pokojne","publisher":{"@id":"https:\/\/in-memoriam.si\/hu\/#organization"},"alternateName":"Plo\u0161\u010dice s QR kodo","potentialAction":[{"@type":"SearchAction","target":{"@type":"EntryPoint","urlTemplate":"https:\/\/in-memoriam.si\/hu\/?s={search_term_string}"},"query-input":{"@type":"PropertyValueSpecification","valueRequired":true,"valueName":"search_term_string"}}],"inLanguage":"hu"},{"@type":"Organization","@id":"https:\/\/in-memoriam.si\/hu\/#organization","name":"in memoriam","url":"https:\/\/in-memoriam.si\/hu\/","logo":{"@type":"ImageObject","inLanguage":"hu","@id":"https:\/\/in-memoriam.si\/hu\/#\/schema\/logo\/image\/","url":"https:\/\/in-memoriam.si\/wp-content\/uploads\/2024\/04\/inmemoriam-web-logo.webp","contentUrl":"https:\/\/in-memoriam.si\/wp-content\/uploads\/2024\/04\/inmemoriam-web-logo.webp","width":300,"height":50,"caption":"in memoriam"},"image":{"@id":"https:\/\/in-memoriam.si\/hu\/#\/schema\/logo\/image\/"},"sameAs":["https:\/\/www.facebook.com\/FotoSimonka"]}]}},"_links":{"self":[{"href":"https:\/\/in-memoriam.si\/hu\/wp-json\/wp\/v2\/pages\/2189"}],"collection":[{"href":"https:\/\/in-memoriam.si\/hu\/wp-json\/wp\/v2\/pages"}],"about":[{"href":"https:\/\/in-memoriam.si\/hu\/wp-json\/wp\/v2\/types\/page"}],"author":[{"embeddable":true,"href":"https:\/\/in-memoriam.si\/hu\/wp-json\/wp\/v2\/users\/1"}],"replies":[{"embeddable":true,"href":"https:\/\/in-memoriam.si\/hu\/wp-json\/wp\/v2\/comments?post=2189"}],"version-history":[{"count":0,"href":"https:\/\/in-memoriam.si\/hu\/wp-json\/wp\/v2\/pages\/2189\/revisions"}],"wp:attachment":[{"href":"https:\/\/in-memoriam.si\/hu\/wp-json\/wp\/v2\/media?parent=2189"}],"curies":[{"name":"wp","href":"https:\/\/api.w.org\/{rel}","templated":true}]}}