{"id":2215,"date":"2024-04-09T17:15:33","date_gmt":"2024-04-09T17:15:33","guid":{"rendered":"https:\/\/in-memoriam.si\/szolgaltatasi-rate\/"},"modified":"2024-05-17T19:20:32","modified_gmt":"2024-05-17T19:20:32","slug":"szolgaltatasi-rate","status":"publish","type":"page","link":"https:\/\/in-memoriam.si\/hu\/szolgaltatasi-rate\/","title":{"rendered":"SZOLG\u00c1LTAT\u00c1SI R\u00c1TE"},"content":{"rendered":"<div class=\"wpb-content-wrapper\"><p>[vc_row][vc_column][vc_custom_heading text=&#8221;a szolg\u00e1ltat\u00e1sok \u00e1rlist\u00e1ja&#8221; font_container=&#8221;tag:h2|font_size:36|text_align:center&#8221; use_theme_fonts=&#8221;yes&#8221; css=&#8221;&#8221;]\t\t<div id=\"wd-66446429e1772\" class=\"wd-text-block wd-wpb reset-last-child wd-rs-66446429e1772 text-left wd-fontsize-l vc_custom_1715758134041\">\n\t\t\t<p style=\"text-align: center;\">\u00c1rlista. Fedezze fel megfizethet\u0151 szolg\u00e1ltat\u00e1si csomagjainkat az in-memoriam.si oldalon, amelyek lehet\u0151v\u00e9 teszik, hogy a s\u00edrk\u00f6veken tal\u00e1lhat\u00f3 QR-k\u00f3d beolvas\u00e1s\u00e1val tiszteletteljesen hozz\u00e1f\u00e9rjen az elhunytak eml\u00e9keihez. N\u00e9zze meg \u00e1rlist\u00e1nkat, \u00e9s v\u00e1lassza ki az ig\u00e9nyeinek legink\u00e1bb megfelel\u0151 csomagot.<\/p>\n\t\t<\/div>\n\t\t[\/vc_column][\/vc_row][vc_row][vc_column width=&#8221;1\/3&#8243;]\t\t\t<div class=\"pricing-tables-wrapper wd-wpb\">\n\t\t\t\t<div class=\"pricing-tables wd-grid-f-stretch\" style=\"--wd-gap-lg:20px;--wd-gap-md:20px;--wd-gap-sm:20px;\">\n\t\t\t\t\t\t\t\t<div class=\"wd-price-table wd-col  price-highlighted price-style-default\" >\n\t\t\t\t<div class=\"wd-plan\">\n\t\t\t\t\t<div class=\"wd-plan-name\">\n\t\t\t\t\t\t<span class=\"wd-plan-title title\">IN MEMORIAM STANDARD<\/span>\n\t\t\t\t\t<\/div>\n\t\t\t\t<\/div>\n\t\t\t\t<div class=\"wd-plan-inner\">\n\t\t\t\t\t\t\t\t\t\t<div class=\"wd-plan-price\" style=\"\">\n\t\t\t\t\t\t\n\t\t\t\t\t\t\t\t\t\t\t\t\t<span class=\"wd-price-value\">\n\t\t\t\t\t\t\t\t210\u20ac\t\t\t\t\t\t\t<\/span>\n\t\t\t\t\t\t\n\t\t\t\t\t\t\t\t\t\t\t<\/div>\n\t\t\t\t\t\t\t\t\t\t\t<div class=\"wd-plan-features\">\n\t\t\t\t\t\t\t\t\t\t\t\t\t\t\t<div class=\"wd-plan-feature\">\n\t\t\t\t\t\t\t\t\t1x QR-k\u00f3d \/ fekete feh\u00e9r h\u00e1tt\u00e9rrel\t\t\t\t\t\t\t\t<\/div>\n\t\t\t\t\t\t\t\t\t\t\t\t\t\t\t<div class=\"wd-plan-feature\">\n\t\t\t\t\t\t\t\t\tForm\u00e1tum: 62 x 70 mm\t\t\t\t\t\t\t\t<\/div>\n\t\t\t\t\t\t\t\t\t\t\t\t\t\t\t<div class=\"wd-plan-feature\">\n\t\t\t\t\t\t\t\t\t1x eml\u00e9koldal gy\u00e1szjelent\u00e9ssel\t\t\t\t\t\t\t\t<\/div>\n\t\t\t\t\t\t\t\t\t\t\t\t\t\t\t<div class=\"wd-plan-feature\">\n\t\t\t\t\t\t\t\t\t-\t\t\t\t\t\t\t\t<\/div>\n\t\t\t\t\t\t\t\t\t\t\t\t\t\t\t<div class=\"wd-plan-feature\">\n\t\t\t\t\t\t\t\t\tlegfeljebb 50 fot\u00f3 \/ gal\u00e9ria\t\t\t\t\t\t\t\t<\/div>\n\t\t\t\t\t\t\t\t\t\t\t\t\t\t\t<div class=\"wd-plan-feature\">\n\t\t\t\t\t\t\t\t\t1x PDF QR-k\u00f3ddal\t\t\t\t\t\t\t\t<\/div>\n\t\t\t\t\t\t\t\t\t\t\t\t\t\t\t<div class=\"wd-plan-feature\">\n\t\t\t\t\t\t\t\t\t\u00d6sszeszerel\u00e9s n\u00e9lk\u00fcl\t\t\t\t\t\t\t\t<\/div>\n\t\t\t\t\t\t\t\t\t\t\t\t\t\t\t<div class=\"wd-plan-feature\">\n\t\t\t\t\t\t\t\t\t10 \u00e9ves id\u0151tartamra\t\t\t\t\t\t\t\t<\/div>\n\t\t\t\t\t\t\t\t\t\t\t\t\t<\/div>\n\t\t\t\t\t\t\t\t\t\t<div class=\"wd-plan-footer\">\n\t\t\t\t\t\t\t\t\t\t\t\t\t\t\t\t\t\t\t\t\t<a href=\"https:\/\/in-memoriam.si\/hu\/izdelek\/in-memoriam-qr-szabvany\/\" title=\"STANDARD csomag\" class=\"button price-plan-btn\">\n\t\t\t\t\t\t\t\t\tRENDEL\u00c9S\t\t\t\t\t\t\t\t<\/a>\n\t\t\t\t\t\t\t\t\t\t\t\t\t\t\t\t\t\t<\/div>\n\t\t\t\t<\/div>\n\t\t\t<\/div>\n\n\t\t\t\t\t\t<\/div>\n\t\t\t<\/div>\n\t\t[\/vc_column][vc_column width=&#8221;1\/3&#8243;]\t\t\t<div class=\"pricing-tables-wrapper wd-wpb\">\n\t\t\t\t<div class=\"pricing-tables wd-grid-f-stretch\" style=\"--wd-gap-lg:20px;--wd-gap-md:20px;--wd-gap-sm:20px;\">\n\t\t\t\t\t\t\t\t<div class=\"wd-price-table wd-col  price-highlighted price-style-default\" >\n\t\t\t\t<div class=\"wd-plan\">\n\t\t\t\t\t<div class=\"wd-plan-name\">\n\t\t\t\t\t\t<span class=\"wd-plan-title title\">IN MEMORIAM PR\u00c9MIUM<\/span>\n\t\t\t\t\t<\/div>\n\t\t\t\t<\/div>\n\t\t\t\t<div class=\"wd-plan-inner\">\n\t\t\t\t\t\t\t\t\t\t<div class=\"wd-plan-price\" style=\"\">\n\t\t\t\t\t\t\n\t\t\t\t\t\t\t\t\t\t\t\t\t<span class=\"wd-price-value\">\n\t\t\t\t\t\t\t\t250\u20ac\t\t\t\t\t\t\t<\/span>\n\t\t\t\t\t\t\n\t\t\t\t\t\t\t\t\t\t\t<\/div>\n\t\t\t\t\t\t\t\t\t\t\t<div class=\"wd-plan-features\">\n\t\t\t\t\t\t\t\t\t\t\t\t\t\t\t<div class=\"wd-plan-feature\">\n\t\t\t\t\t\t\t\t\t1x QR-k\u00f3d \/ fekete feh\u00e9r h\u00e1tt\u00e9rrel\t\t\t\t\t\t\t\t<\/div>\n\t\t\t\t\t\t\t\t\t\t\t\t\t\t\t<div class=\"wd-plan-feature\">\n\t\t\t\t\t\t\t\t\tForm\u00e1tum: 62 x 70 mm\t\t\t\t\t\t\t\t<\/div>\n\t\t\t\t\t\t\t\t\t\t\t\t\t\t\t<div class=\"wd-plan-feature\">\n\t\t\t\t\t\t\t\t\t1x eml\u00e9koldal gy\u00e1szjelent\u00e9ssel\t\t\t\t\t\t\t\t<\/div>\n\t\t\t\t\t\t\t\t\t\t\t\t\t\t\t<div class=\"wd-plan-feature\">\n\t\t\t\t\t\t\t\t\t1x hangfelolvas\u00e1s \/ Ai olvas\u00f3\t\t\t\t\t\t\t\t<\/div>\n\t\t\t\t\t\t\t\t\t\t\t\t\t\t\t<div class=\"wd-plan-feature\">\n\t\t\t\t\t\t\t\t\tlegfeljebb 50 fot\u00f3 \/ gal\u00e9ria\t\t\t\t\t\t\t\t<\/div>\n\t\t\t\t\t\t\t\t\t\t\t\t\t\t\t<div class=\"wd-plan-feature\">\n\t\t\t\t\t\t\t\t\t1x PDF QR-k\u00f3ddal\t\t\t\t\t\t\t\t<\/div>\n\t\t\t\t\t\t\t\t\t\t\t\t\t\t\t<div class=\"wd-plan-feature\">\n\t\t\t\t\t\t\t\t\t\u00d6sszeszerel\u00e9s n\u00e9lk\u00fcl\t\t\t\t\t\t\t\t<\/div>\n\t\t\t\t\t\t\t\t\t\t\t\t\t\t\t<div class=\"wd-plan-feature\">\n\t\t\t\t\t\t\t\t\t10 \u00e9ves id\u0151tartamra\t\t\t\t\t\t\t\t<\/div>\n\t\t\t\t\t\t\t\t\t\t\t\t\t<\/div>\n\t\t\t\t\t\t\t\t\t\t<div class=\"wd-plan-footer\">\n\t\t\t\t\t\t\t\t\t\t\t\t\t\t\t\t\t\t\t\t\t<a href=\"https:\/\/in-memoriam.si\/hu\/izdelek\/in-memoriam-qr-premium-csomag\/\" title=\"PREMIUM csomag\" class=\"button price-plan-btn\">\n\t\t\t\t\t\t\t\t\tRENDEL\u00c9S\t\t\t\t\t\t\t\t<\/a>\n\t\t\t\t\t\t\t\t\t\t\t\t\t\t\t\t\t\t<\/div>\n\t\t\t\t<\/div>\n\t\t\t<\/div>\n\n\t\t\t\t\t\t<\/div>\n\t\t\t<\/div>\n\t\t[\/vc_column][vc_column width=&#8221;1\/3&#8243;]\t\t\t<div class=\"pricing-tables-wrapper wd-wpb\">\n\t\t\t\t<div class=\"pricing-tables wd-grid-f-stretch\" style=\"--wd-gap-lg:20px;--wd-gap-md:20px;--wd-gap-sm:20px;\">\n\t\t\t\t\t\t\t\t<div class=\"wd-price-table wd-col  price-highlighted price-style-default\" >\n\t\t\t\t<div class=\"wd-plan\">\n\t\t\t\t\t<div class=\"wd-plan-name\">\n\t\t\t\t\t\t<span class=\"wd-plan-title title\">IN MEMORIAM - ALAP<\/span>\n\t\t\t\t\t<\/div>\n\t\t\t\t<\/div>\n\t\t\t\t<div class=\"wd-plan-inner\">\n\t\t\t\t\t\t\t\t\t\t<div class=\"wd-plan-price\" style=\"\">\n\t\t\t\t\t\t\n\t\t\t\t\t\t\t\t\t\t\t\t\t<span class=\"wd-price-value\">\n\t\t\t\t\t\t\t\t170\u20ac\t\t\t\t\t\t\t<\/span>\n\t\t\t\t\t\t\n\t\t\t\t\t\t\t\t\t\t\t<\/div>\n\t\t\t\t\t\t\t\t\t\t\t<div class=\"wd-plan-features\">\n\t\t\t\t\t\t\t\t\t\t\t\t\t\t\t<div class=\"wd-plan-feature\">\n\t\t\t\t\t\t\t\t\t-\t\t\t\t\t\t\t\t<\/div>\n\t\t\t\t\t\t\t\t\t\t\t\t\t\t\t<div class=\"wd-plan-feature\">\n\t\t\t\t\t\t\t\t\t-\t\t\t\t\t\t\t\t<\/div>\n\t\t\t\t\t\t\t\t\t\t\t\t\t\t\t<div class=\"wd-plan-feature\">\n\t\t\t\t\t\t\t\t\t1x spominska stran z nekrologom\t\t\t\t\t\t\t\t<\/div>\n\t\t\t\t\t\t\t\t\t\t\t\t\t\t\t<div class=\"wd-plan-feature\">\n\t\t\t\t\t\t\t\t\t-\t\t\t\t\t\t\t\t<\/div>\n\t\t\t\t\t\t\t\t\t\t\t\t\t\t\t<div class=\"wd-plan-feature\">\n\t\t\t\t\t\t\t\t\tdo 50 fotografij \/ galerija\t\t\t\t\t\t\t\t<\/div>\n\t\t\t\t\t\t\t\t\t\t\t\t\t\t\t<div class=\"wd-plan-feature\">\n\t\t\t\t\t\t\t\t\t1x PDF z izrisano QR kodo\t\t\t\t\t\t\t\t<\/div>\n\t\t\t\t\t\t\t\t\t\t\t\t\t\t\t<div class=\"wd-plan-feature\">\n\t\t\t\t\t\t\t\t\tBrez monta\u017ee\t\t\t\t\t\t\t\t<\/div>\n\t\t\t\t\t\t\t\t\t\t\t\t\t\t\t<div class=\"wd-plan-feature\">\n\t\t\t\t\t\t\t\t\tZa obdobje: 10 let\t\t\t\t\t\t\t\t<\/div>\n\t\t\t\t\t\t\t\t\t\t\t\t\t<\/div>\n\t\t\t\t\t\t\t\t\t\t<div class=\"wd-plan-footer\">\n\t\t\t\t\t\t\t\t\t\t\t\t\t\t\t\t\t\t\t\t\t<a href=\"https:\/\/in-memoriam.si\/izdelek\/in-memoriam-qr-mini\/\" title=\"MINI csomag\" class=\"button price-plan-btn\">\n\t\t\t\t\t\t\t\t\tRENDEL\u00c9S\t\t\t\t\t\t\t\t<\/a>\n\t\t\t\t\t\t\t\t\t\t\t\t\t\t\t\t\t\t<\/div>\n\t\t\t\t<\/div>\n\t\t\t<\/div>\n\n\t\t\t\t\t\t<\/div>\n\t\t\t<\/div>\n\t\t[\/vc_column][\/vc_row][vc_row][vc_column]\t\t\t<div class=\"wd-menu-price wd-wpb   wd-rs-661f8c9218d65 vc_custom_1713343653956\">\n\t\t\t\t\t\t\t\t<div class=\"menu-price-desc-wrapp\">\n\t\t\t\t\t<div class=\"menu-price-heading\">\n\t\t\t\t\t\t\t\t\t\t\t\t\t<h3 class=\"menu-price-title wd-entities-title\"><span>Tov\u00e1bbi lemez<\/span><\/h3>\n\t\t\t\t\t\t\t\t\t\t\t\t<div class=\"menu-price-price amount\">60.00\u20ac<\/div>\n\t\t\t\t\t<\/div>\n\t\t\t\t\t\t\t\t\t\t\t<div class=\"menu-price-details\">1,8mm alum\u00ednium 80x90mm<\/div>\n\t\t\t\t\t\t\t\t\t<\/div>\n\n\t\t\t\t\t\t\t<\/div>\n\t\t\t\t\t<div class=\"wd-menu-price wd-wpb   wd-rs-6626362edef73 vc_custom_1713780338813\">\n\t\t\t\t\t\t\t\t<div class=\"menu-price-desc-wrapp\">\n\t\t\t\t\t<div class=\"menu-price-heading\">\n\t\t\t\t\t\t\t\t\t\t\t\t\t<h3 class=\"menu-price-title wd-entities-title\"><span>Tov\u00e1bbi lemez<\/span><\/h3>\n\t\t\t\t\t\t\t\t\t\t\t\t<div class=\"menu-price-price amount\">30.00\u20ac<\/div>\n\t\t\t\t\t<\/div>\n\t\t\t\t\t\t\t\t\t\t\t<div class=\"menu-price-details\">Ez\u00fcst vagy arany elox\u00e1lt alap fekete QR-k\u00f3ddal<\/div>\n\t\t\t\t\t\t\t\t\t<\/div>\n\n\t\t\t\t\t\t\t<\/div>\n\t\t[\/vc_column][\/vc_row][vc_row][vc_column width=&#8221;1\/2&#8243;]\t\t<div id=\"wd-664463855421f\" class=\"wd-text-block wd-wpb reset-last-child wd-rs-664463855421f text-left wd-fontsize-l \">\n\t\t\t<p style=\"text-align: center;\"><strong>QR szolg\u00e1ltat\u00e1sok \u00e9s eml\u00e9kt\u00e1rgyak \u00e1rlist\u00e1ja.<\/strong><\/p>\n<p>Itt tal\u00e1lhat\u00f3 a QR-lapok gy\u00e1rt\u00e1s\u00e1ra vonatkoz\u00f3 \u00e1rlist\u00e1nk a s\u00edrk\u00f6vekhez. Szolg\u00e1ltat\u00e1sunk lehet\u0151v\u00e9 teszi, hogy modern \u00e9s szem\u00e9lyes m\u00f3don maradand\u00f3 eml\u00e9keket teremtsen szeretteir\u0151l.<\/p>\n<p>Mi\u00e9rt v\u00e1lassza szolg\u00e1ltat\u00e1sainkat:<\/p>\n<ul>\n<li>Egy egyszer\u0171 szkennel\u00e9s az okostelefonj\u00e1val hozz\u00e1f\u00e9r\u00e9st biztos\u00edt az elhunyt szem\u00e9ly online profilj\u00e1hoz.<\/li>\n<li>Rengeteg tartalom, k\u00f6zt\u00fck f\u00e9nyk\u00e9pek, vide\u00f3k, eml\u00e9kek \u00e9s egy\u00e9b \u00e9rt\u00e9kes inform\u00e1ci\u00f3k.<\/li>\n<li>Egy \u00e1lland\u00f3 mem\u00f3ria, amely b\u00e1rmikor el\u00e9rhet\u0151 marad.<\/li>\n<\/ul>\n<p><a href=\"https:\/\/in-memoriam.si\/hu\/kapcsolat\/\">Tov\u00e1bbi inform\u00e1ci\u00f3\u00e9rt szolg\u00e1ltat\u00e1sainkr\u00f3l \u00e9s \u00e1rainkr\u00f3l, k\u00e9rj\u00fck, vegye fel vel\u00fcnk a kapcsolatot.<\/a><\/p>\n\t\t<\/div>\n\t\t[\/vc_column][vc_column width=&#8221;1\/2&#8243;][vc_single_image image=&#8221;1639&#8243; img_size=&#8221;full&#8221; css=&#8221;&#8221; parallax_scroll=&#8221;no&#8221; woodmart_inline=&#8221;no&#8221;][\/vc_column][\/vc_row][vc_row][vc_column][\/vc_column][\/vc_row]<\/p>\n<\/div>","protected":false},"excerpt":{"rendered":"<p>[vc_row][vc_column][vc_custom_heading text=&#8221;a szolg\u00e1ltat\u00e1sok \u00e1rlist\u00e1ja&#8221; font_container=&#8221;tag:h2|font_size:36|text_align:center&#8221; use_theme_fonts=&#8221;yes&#8221; css=&#8221;&#8221;][\/vc_column][\/vc_row][vc_row][vc_column width=&#8221;1\/3&#8243;][\/vc_column][vc_column width=&#8221;1\/3&#8243;][\/vc_column][vc_column width=&#8221;1\/3&#8243;][\/vc_column][\/vc_row][vc_row][vc_column][\/vc_column][\/vc_row][vc_row][vc_column width=&#8221;1\/2&#8243;][\/vc_column][vc_column width=&#8221;1\/2&#8243;][vc_single_image image=&#8221;1639&#8243; img_size=&#8221;full&#8221; css=&#8221;&#8221; parallax_scroll=&#8221;no&#8221; woodmart_inline=&#8221;no&#8221;][\/vc_column][\/vc_row][vc_row][vc_column][\/vc_column][\/vc_row]<\/p>\n","protected":false},"author":1,"featured_media":0,"parent":0,"menu_order":0,"comment_status":"closed","ping_status":"closed","template":"","meta":{"footnotes":""},"yoast_head":"<!-- This site is optimized with the Yoast SEO Premium plugin v23.5 (Yoast SEO v24.5) - https:\/\/yoast.com\/wordpress\/plugins\/seo\/ -->\n<title>A szolg\u00e1ltat\u00e1sok \u00e1rlist\u00e1ja az in-memoriam.si - in memoriam<\/title>\n<meta name=\"description\" content=\"A s\u00edrk\u00f6veken elhelyezett QR-k\u00f3dok beolvas\u00e1s\u00e1val az elhunytak eml\u00e9keihez val\u00f3 tiszteletteljes hozz\u00e1f\u00e9r\u00e9s szolg\u00e1ltat\u00e1sainak \u00e1rlist\u00e1ja. N\u00e9zze meg \u00e1rlist\u00e1nkat, \u00e9s v\u00e1lassza ki az \u00d6nnek legmegfelel\u0151bb csomagot.\" \/>\n<meta name=\"robots\" content=\"index, follow, max-snippet:-1, max-image-preview:large, max-video-preview:-1\" \/>\n<link rel=\"canonical\" href=\"https:\/\/in-memoriam.si\/hu\/szolgaltatasi-rate\/\" \/>\n<meta property=\"og:locale\" content=\"hu_HU\" \/>\n<meta property=\"og:type\" content=\"article\" \/>\n<meta property=\"og:title\" content=\"SZOLG\u00c1LTAT\u00c1SI R\u00c1TE\" \/>\n<meta property=\"og:description\" content=\"A s\u00edrk\u00f6veken elhelyezett QR-k\u00f3dok beolvas\u00e1s\u00e1val az elhunytak eml\u00e9keihez val\u00f3 tiszteletteljes hozz\u00e1f\u00e9r\u00e9s szolg\u00e1ltat\u00e1sainak \u00e1rlist\u00e1ja. N\u00e9zze meg \u00e1rlist\u00e1nkat, \u00e9s v\u00e1lassza ki az \u00d6nnek legmegfelel\u0151bb csomagot.\" \/>\n<meta property=\"og:url\" content=\"https:\/\/in-memoriam.si\/hu\/szolgaltatasi-rate\/\" \/>\n<meta property=\"og:site_name\" content=\"in memoriam\" \/>\n<meta property=\"article:publisher\" content=\"https:\/\/www.facebook.com\/FotoSimonka\" \/>\n<meta property=\"article:modified_time\" content=\"2024-05-17T19:20:32+00:00\" \/>\n<meta property=\"og:image\" content=\"https:\/\/in-memoriam.si\/wp-content\/uploads\/2024\/05\/inmemoriam-014.webp\" \/>\n\t<meta property=\"og:image:width\" content=\"2200\" \/>\n\t<meta property=\"og:image:height\" content=\"1257\" \/>\n\t<meta property=\"og:image:type\" content=\"image\/webp\" \/>\n<meta name=\"twitter:card\" content=\"summary_large_image\" \/>\n<meta name=\"twitter:label1\" content=\"Becs\u00fclt olvas\u00e1si id\u0151\" \/>\n\t<meta name=\"twitter:data1\" content=\"4 perc\" \/>\n<script type=\"application\/ld+json\" class=\"yoast-schema-graph\">{\"@context\":\"https:\/\/schema.org\",\"@graph\":[{\"@type\":\"WebPage\",\"@id\":\"https:\/\/in-memoriam.si\/hu\/szolgaltatasi-rate\/\",\"url\":\"https:\/\/in-memoriam.si\/hu\/szolgaltatasi-rate\/\",\"name\":\"A szolg\u00e1ltat\u00e1sok \u00e1rlist\u00e1ja az in-memoriam.si - in memoriam\",\"isPartOf\":{\"@id\":\"https:\/\/in-memoriam.si\/hu\/#website\"},\"datePublished\":\"2024-04-09T17:15:33+00:00\",\"dateModified\":\"2024-05-17T19:20:32+00:00\",\"description\":\"A s\u00edrk\u00f6veken elhelyezett QR-k\u00f3dok beolvas\u00e1s\u00e1val az elhunytak eml\u00e9keihez val\u00f3 tiszteletteljes hozz\u00e1f\u00e9r\u00e9s szolg\u00e1ltat\u00e1sainak \u00e1rlist\u00e1ja. N\u00e9zze meg \u00e1rlist\u00e1nkat, \u00e9s v\u00e1lassza ki az \u00d6nnek legmegfelel\u0151bb csomagot.\",\"breadcrumb\":{\"@id\":\"https:\/\/in-memoriam.si\/hu\/szolgaltatasi-rate\/#breadcrumb\"},\"inLanguage\":\"hu\",\"potentialAction\":[{\"@type\":\"ReadAction\",\"target\":[\"https:\/\/in-memoriam.si\/hu\/szolgaltatasi-rate\/\"]}]},{\"@type\":\"BreadcrumbList\",\"@id\":\"https:\/\/in-memoriam.si\/hu\/szolgaltatasi-rate\/#breadcrumb\",\"itemListElement\":[{\"@type\":\"ListItem\",\"position\":1,\"name\":\"Home\",\"item\":\"https:\/\/in-memoriam.si\/hu\/in-memoriam\/\"},{\"@type\":\"ListItem\",\"position\":2,\"name\":\"SZOLG\u00c1LTAT\u00c1SI R\u00c1TE\"}]},{\"@type\":\"WebSite\",\"@id\":\"https:\/\/in-memoriam.si\/hu\/#website\",\"url\":\"https:\/\/in-memoriam.si\/hu\/\",\"name\":\"in memoriam - v spomin\",\"description\":\"spomini na na&scaron;e drage pokojne\",\"publisher\":{\"@id\":\"https:\/\/in-memoriam.si\/hu\/#organization\"},\"alternateName\":\"Plo\u0161\u010dice s QR kodo\",\"potentialAction\":[{\"@type\":\"SearchAction\",\"target\":{\"@type\":\"EntryPoint\",\"urlTemplate\":\"https:\/\/in-memoriam.si\/hu\/?s={search_term_string}\"},\"query-input\":{\"@type\":\"PropertyValueSpecification\",\"valueRequired\":true,\"valueName\":\"search_term_string\"}}],\"inLanguage\":\"hu\"},{\"@type\":\"Organization\",\"@id\":\"https:\/\/in-memoriam.si\/hu\/#organization\",\"name\":\"in memoriam\",\"url\":\"https:\/\/in-memoriam.si\/hu\/\",\"logo\":{\"@type\":\"ImageObject\",\"inLanguage\":\"hu\",\"@id\":\"https:\/\/in-memoriam.si\/hu\/#\/schema\/logo\/image\/\",\"url\":\"https:\/\/in-memoriam.si\/wp-content\/uploads\/2024\/04\/inmemoriam-web-logo.webp\",\"contentUrl\":\"https:\/\/in-memoriam.si\/wp-content\/uploads\/2024\/04\/inmemoriam-web-logo.webp\",\"width\":300,\"height\":50,\"caption\":\"in memoriam\"},\"image\":{\"@id\":\"https:\/\/in-memoriam.si\/hu\/#\/schema\/logo\/image\/\"},\"sameAs\":[\"https:\/\/www.facebook.com\/FotoSimonka\"]}]}<\/script>\n<!-- \/ Yoast SEO Premium plugin. -->","yoast_head_json":{"title":"A szolg\u00e1ltat\u00e1sok \u00e1rlist\u00e1ja az in-memoriam.si - in memoriam","description":"A s\u00edrk\u00f6veken elhelyezett QR-k\u00f3dok beolvas\u00e1s\u00e1val az elhunytak eml\u00e9keihez val\u00f3 tiszteletteljes hozz\u00e1f\u00e9r\u00e9s szolg\u00e1ltat\u00e1sainak \u00e1rlist\u00e1ja. N\u00e9zze meg \u00e1rlist\u00e1nkat, \u00e9s v\u00e1lassza ki az \u00d6nnek legmegfelel\u0151bb csomagot.","robots":{"index":"index","follow":"follow","max-snippet":"max-snippet:-1","max-image-preview":"max-image-preview:large","max-video-preview":"max-video-preview:-1"},"canonical":"https:\/\/in-memoriam.si\/hu\/szolgaltatasi-rate\/","og_locale":"hu_HU","og_type":"article","og_title":"SZOLG\u00c1LTAT\u00c1SI R\u00c1TE","og_description":"A s\u00edrk\u00f6veken elhelyezett QR-k\u00f3dok beolvas\u00e1s\u00e1val az elhunytak eml\u00e9keihez val\u00f3 tiszteletteljes hozz\u00e1f\u00e9r\u00e9s szolg\u00e1ltat\u00e1sainak \u00e1rlist\u00e1ja. N\u00e9zze meg \u00e1rlist\u00e1nkat, \u00e9s v\u00e1lassza ki az \u00d6nnek legmegfelel\u0151bb csomagot.","og_url":"https:\/\/in-memoriam.si\/hu\/szolgaltatasi-rate\/","og_site_name":"in memoriam","article_publisher":"https:\/\/www.facebook.com\/FotoSimonka","article_modified_time":"2024-05-17T19:20:32+00:00","og_image":[{"width":2200,"height":1257,"url":"https:\/\/in-memoriam.si\/wp-content\/uploads\/2024\/05\/inmemoriam-014.webp","type":"image\/webp"}],"twitter_card":"summary_large_image","twitter_misc":{"Becs\u00fclt olvas\u00e1si id\u0151":"4 perc"},"schema":{"@context":"https:\/\/schema.org","@graph":[{"@type":"WebPage","@id":"https:\/\/in-memoriam.si\/hu\/szolgaltatasi-rate\/","url":"https:\/\/in-memoriam.si\/hu\/szolgaltatasi-rate\/","name":"A szolg\u00e1ltat\u00e1sok \u00e1rlist\u00e1ja az in-memoriam.si - in memoriam","isPartOf":{"@id":"https:\/\/in-memoriam.si\/hu\/#website"},"datePublished":"2024-04-09T17:15:33+00:00","dateModified":"2024-05-17T19:20:32+00:00","description":"A s\u00edrk\u00f6veken elhelyezett QR-k\u00f3dok beolvas\u00e1s\u00e1val az elhunytak eml\u00e9keihez val\u00f3 tiszteletteljes hozz\u00e1f\u00e9r\u00e9s szolg\u00e1ltat\u00e1sainak \u00e1rlist\u00e1ja. N\u00e9zze meg \u00e1rlist\u00e1nkat, \u00e9s v\u00e1lassza ki az \u00d6nnek legmegfelel\u0151bb csomagot.","breadcrumb":{"@id":"https:\/\/in-memoriam.si\/hu\/szolgaltatasi-rate\/#breadcrumb"},"inLanguage":"hu","potentialAction":[{"@type":"ReadAction","target":["https:\/\/in-memoriam.si\/hu\/szolgaltatasi-rate\/"]}]},{"@type":"BreadcrumbList","@id":"https:\/\/in-memoriam.si\/hu\/szolgaltatasi-rate\/#breadcrumb","itemListElement":[{"@type":"ListItem","position":1,"name":"Home","item":"https:\/\/in-memoriam.si\/hu\/in-memoriam\/"},{"@type":"ListItem","position":2,"name":"SZOLG\u00c1LTAT\u00c1SI R\u00c1TE"}]},{"@type":"WebSite","@id":"https:\/\/in-memoriam.si\/hu\/#website","url":"https:\/\/in-memoriam.si\/hu\/","name":"in memoriam - v spomin","description":"spomini na na&scaron;e drage pokojne","publisher":{"@id":"https:\/\/in-memoriam.si\/hu\/#organization"},"alternateName":"Plo\u0161\u010dice s QR kodo","potentialAction":[{"@type":"SearchAction","target":{"@type":"EntryPoint","urlTemplate":"https:\/\/in-memoriam.si\/hu\/?s={search_term_string}"},"query-input":{"@type":"PropertyValueSpecification","valueRequired":true,"valueName":"search_term_string"}}],"inLanguage":"hu"},{"@type":"Organization","@id":"https:\/\/in-memoriam.si\/hu\/#organization","name":"in memoriam","url":"https:\/\/in-memoriam.si\/hu\/","logo":{"@type":"ImageObject","inLanguage":"hu","@id":"https:\/\/in-memoriam.si\/hu\/#\/schema\/logo\/image\/","url":"https:\/\/in-memoriam.si\/wp-content\/uploads\/2024\/04\/inmemoriam-web-logo.webp","contentUrl":"https:\/\/in-memoriam.si\/wp-content\/uploads\/2024\/04\/inmemoriam-web-logo.webp","width":300,"height":50,"caption":"in memoriam"},"image":{"@id":"https:\/\/in-memoriam.si\/hu\/#\/schema\/logo\/image\/"},"sameAs":["https:\/\/www.facebook.com\/FotoSimonka"]}]}},"_links":{"self":[{"href":"https:\/\/in-memoriam.si\/hu\/wp-json\/wp\/v2\/pages\/2215"}],"collection":[{"href":"https:\/\/in-memoriam.si\/hu\/wp-json\/wp\/v2\/pages"}],"about":[{"href":"https:\/\/in-memoriam.si\/hu\/wp-json\/wp\/v2\/types\/page"}],"author":[{"embeddable":true,"href":"https:\/\/in-memoriam.si\/hu\/wp-json\/wp\/v2\/users\/1"}],"replies":[{"embeddable":true,"href":"https:\/\/in-memoriam.si\/hu\/wp-json\/wp\/v2\/comments?post=2215"}],"version-history":[{"count":5,"href":"https:\/\/in-memoriam.si\/hu\/wp-json\/wp\/v2\/pages\/2215\/revisions"}],"predecessor-version":[{"id":2585,"href":"https:\/\/in-memoriam.si\/hu\/wp-json\/wp\/v2\/pages\/2215\/revisions\/2585"}],"wp:attachment":[{"href":"https:\/\/in-memoriam.si\/hu\/wp-json\/wp\/v2\/media?parent=2215"}],"curies":[{"name":"wp","href":"https:\/\/api.w.org\/{rel}","templated":true}]}}