{"id":2254,"date":"2024-04-09T19:42:49","date_gmt":"2024-04-09T19:42:49","guid":{"rendered":"https:\/\/in-memoriam.si\/szemelyes-adatok\/"},"modified":"2024-05-11T21:25:50","modified_gmt":"2024-05-11T21:25:50","slug":"szemelyes-adatok","status":"publish","type":"page","link":"https:\/\/in-memoriam.si\/hu\/szemelyes-adatok\/","title":{"rendered":"Szem\u00e9lyes adatok"},"content":{"rendered":"<div class=\"wpb-content-wrapper\"><p>[vc_row][vc_column][vc_custom_heading text=&#8221;A SZEM\u00c9LYES ADATOK V\u00c9DELME&#8221; use_theme_fonts=&#8221;yes&#8221;][vc_separator wd_hide_on_desktop=&#8221;no&#8221; wd_hide_on_tablet=&#8221;no&#8221; wd_hide_on_mobile=&#8221;no&#8221;][\/vc_column][\/vc_row][vc_row][vc_column]\t\t<div id=\"wd-663b21218cb47\" class=\"wd-text-block wd-wpb reset-last-child wd-rs-663b21218cb47 text-left wd-fontsize-m \">\n\t\t\t<div class=\"vc_row wpb_row vc_row-fluid\">\n<div class=\"wpb_column vc_column_container vc_col-sm-12\">\n<div class=\"vc_column-inner\">\n<div class=\"wpb_wrapper\">\n<div class=\"wpb_text_column wpb_content_element\">\n<div class=\"wpb_wrapper\">\n<p>A v\u00e1llalat v\u00e1llalja, hogy v\u00e9di a szem\u00e9lyes adatok bizalmas kezel\u00e9s\u00e9t \u00e9s az online \u00e1ruh\u00e1z felhaszn\u00e1l\u00f3inak mag\u00e1n\u00e9let\u00e9t. A T\u00e1rsas\u00e1g az \u00f6sszegy\u0171jt\u00f6tt szem\u00e9lyes adatokat kiz\u00e1r\u00f3lag az \u00e1ltala k\u00edn\u00e1lt szolg\u00e1ltat\u00e1sok ny\u00fajt\u00e1sa c\u00e9lj\u00e1b\u00f3l haszn\u00e1lja fel. A v\u00e1llalat tiszteletben tartja a szem\u00e9lyes adatok titkoss\u00e1g\u00e1t \u00e9s az online \u00e1ruh\u00e1z felhaszn\u00e1l\u00f3inak mag\u00e1n\u00e9let\u00e9t, \u00e9s megtesz minden sz\u00fcks\u00e9ges int\u00e9zked\u00e9st, hogy megv\u00e9dje azokat a jogs\u00e9rt\u00e9sekt\u0151l \u00e9s vissza\u00e9l\u00e9sekt\u0151l. A felhaszn\u00e1l\u00f3k szem\u00e9lyes adatai azok k\u00f6z\u00e9 a ter\u00fcletek k\u00f6z\u00e9 tartoznak, amelyekre a v\u00e1llalat a legnagyobb gondoss\u00e1ggal \u00e9s figyelemmel \u00fcgyel, mivel tiszt\u00e1ban van e ter\u00fclet \u00e9rz\u00e9keny jelleg\u00e9vel.<\/p>\n<p>A felhaszn\u00e1l\u00f3 szem\u00e9lyes adatainak tov\u00e1bb\u00edt\u00e1sa a v\u00e1llalatnak bizonyos esetekben sz\u00fcks\u00e9ges ahhoz, hogy az adatfeldolgoz\u00f3, mint szolg\u00e1ltat\u00f3, teljes\u00edteni tudja a felhaszn\u00e1l\u00f3val szembeni szerz\u0151d\u00e9ses k\u00f6telezetts\u00e9geit. A Szolg\u00e1ltat\u00f3 az \u00f6sszegy\u0171jt\u00f6tt szem\u00e9lyes adatokat a szem\u00e9lyes adatok v\u00e9delm\u00e9r\u0151l sz\u00f3l\u00f3 t\u00f6rv\u00e9ny (Szlov\u00e9n K\u00f6zt\u00e1rsas\u00e1g Hivatalos K\u00f6zl\u00f6nye, 94\/07. sz.) (ZVOP-1), az elektronikus h\u00edrk\u00f6zl\u00e9si t\u00f6rv\u00e9ny (Szlov\u00e9n K\u00f6zt\u00e1rsas\u00e1g Hivatalos K\u00f6zl\u00f6nye, 109\/12., 110\/13., 40\/14. sz. &#8211; ZIN-B, 54\/14. sz. &#8211; USA rendelet, 81\/15. \u00e9s 40\/17. sz.) \u00e9s az \u00e1ltal\u00e1nos adatv\u00e9delmi rendelet (GDPR) szerint v\u00e9di folyamatosan.<\/p>\n<h3>Szem\u00e9lyes adatok felhaszn\u00e1l\u00e1sa<\/h3>\n<p>A k\u00edn\u00e1lt szolg\u00e1ltat\u00e1sok ny\u00fajt\u00e1sa c\u00e9lj\u00e1b\u00f3l a v\u00e1llalat a k\u00f6vetkez\u0151 felhaszn\u00e1l\u00f3i adatokat gy\u0171jti, kezeli, feldolgozza \u00e9s t\u00e1rolja:<\/p>\n<p>&#8211; n\u00e9v \u00e9s vezet\u00e9kn\u00e9v<br \/>\n&#8211; sz\u00e1ll\u00edt\u00e1si c\u00edmek<br \/>\n&#8211; a v\u00e1llalat vagy. a jogi szem\u00e9ly neve (ha a felhaszn\u00e1l\u00f3 jogi szem\u00e9ly)<br \/>\n&#8211; jogi szem\u00e9ly ad\u00f3sz\u00e1ma (ha a felhaszn\u00e1l\u00f3 jogi szem\u00e9ly)<br \/>\n&#8211; e-mail c\u00edm (felhaszn\u00e1l\u00f3n\u00e9v)<br \/>\n&#8211; jelsz\u00f3 titkos\u00edtott form\u00e1ban<br \/>\n&#8211; egy kapcsolattart\u00f3 telefonsz\u00e1m<br \/>\n&#8211; lak\u00f3hely szerinti orsz\u00e1g<br \/>\n&#8211; a felhaszn\u00e1l\u00f3 \u00e1ltal az online \u00e1ruh\u00e1zban tal\u00e1lhat\u00f3 \u0171rlapokon \u00f6nk\u00e9ntesen megadott egy\u00e9b inform\u00e1ci\u00f3k<br \/>\n&#8211; egy\u00e9b olyan inform\u00e1ci\u00f3k, amelyeket a felhaszn\u00e1l\u00f3 \u00f6nk\u00e9ntesen ad hozz\u00e1 ut\u00f3lag a profilj\u00e1hoz<\/p>\n<p>A v\u00e1llalat nem felel a felhaszn\u00e1l\u00f3k \u00e1ltal megadott adatok helyess\u00e9g\u00e9\u00e9rt, teljess\u00e9g\u00e9\u00e9rt \u00e9s id\u0151szer\u0171s\u00e9g\u00e9\u00e9rt.<br \/>\nA Szolg\u00e1ltat\u00f3 nem adhatja \u00e1t az adatokat harmadik f\u00e9lnek, kiv\u00e9ve azon v\u00e1llalkoz\u00f3knak, akikkel a Szolg\u00e1ltat\u00f3 a szem\u00e9lyes adatok v\u00e9delm\u00e9re vonatkoz\u00f3 szerz\u0151d\u00e9st k\u00f6t\u00f6tt, \u00e9s akik szerz\u0151d\u00e9ses k\u00f6telezetts\u00e9gei a szem\u00e9lyes adatok v\u00e9delm\u00e9re vonatkoz\u00f3an megegyeznek a Szolg\u00e1ltat\u00f3\u00e9val.<br \/>\nA Szolg\u00e1ltat\u00f3 a szem\u00e9lyes adatokat kifejezett hozz\u00e1j\u00e1rul\u00e1s alapj\u00e1n gy\u0171jti, vagy. az egy\u00e9nek beleegyez\u00e9se. Meg\u0151rzi a hozz\u00e1j\u00e1rul\u00e1sokat, azok tartalm\u00e1val \u00e9s a megszerz\u00e9s\u00fckh\u00f6z haszn\u00e1lt formanyomtatv\u00e1ny tartalm\u00e1val egy\u00fctt.<br \/>\nA Szolg\u00e1ltat\u00f3 a gy\u0171jt\u00f6tt szem\u00e9lyes adatokat a Szlov\u00e9n K\u00f6zt\u00e1rsas\u00e1g ter\u00fclet\u00e9n t\u00e1rolja, \u00e9s nem export\u00e1lja azokat m\u00e1s orsz\u00e1gokba.<\/p>\n<h3>Az adatv\u00e9delmi politika v\u00e9grehajt\u00e1sa<\/h3>\n<p>A v\u00e1llalatn\u00e1l teljes vagy r\u00e9szmunkaid\u0151ben foglalkoztatott minden olyan szem\u00e9ly, aki hozz\u00e1f\u00e9r\u00e9ssel rendelkezik a felhaszn\u00e1l\u00f3k szem\u00e9lyes \u00e9s egy\u00e9b adataihoz, ismeri a szem\u00e9lyes adatok v\u00e9delm\u00e9r\u0151l sz\u00f3l\u00f3 rendelet rendelkez\u00e9seit, valamint a szem\u00e9lyes \u00e9s egy\u00e9b adatok v\u00e9delm\u00e9re vonatkoz\u00f3 k\u00f6telezetts\u00e9get, \u00e9s k\u00f6teles betartani a szem\u00e9lyes adatok bizalmas kezel\u00e9s\u00e9nek \u00e9s a web\u00e1ruh\u00e1z felhaszn\u00e1l\u00f3inak mag\u00e1n\u00e9let\u00e9nek v\u00e9delm\u00e9re vonatkoz\u00f3 rendelkez\u00e9seket. A szem\u00e9lyes \u00e9s egy\u00e9b adatok v\u00e9delm\u00e9re vonatkoz\u00f3 k\u00f6telezetts\u00e9g hat\u00e1rozatlan ideig, a v\u00e1llalkoz\u00e1ssal val\u00f3 kapcsolat megsz\u0171n\u00e9se ut\u00e1n is fenn\u00e1ll.<\/p>\n<p>A regisztr\u00e1lt felhaszn\u00e1l\u00f3k b\u00e1rmikor abbahagyhatj\u00e1k az online \u00e1ruh\u00e1z haszn\u00e1lat\u00e1t, \u00e9s t\u00f6r\u00f6lhetik regisztr\u00e1ci\u00f3jukat. Ezt \u00fagy tehetik meg, hogy \u00edr\u00e1sbeli nyilatkozatban bejelentik a nyilv\u00e1ntart\u00e1suk t\u00f6rl\u00e9s\u00e9t. A regisztr\u00e1ci\u00f3 t\u00f6rl\u00e9s\u00e9re vonatkoz\u00f3 nyilatkozat megt\u00e9tele el\u0151tt a Felhaszn\u00e1l\u00f3nak ki kell fizetnie a T\u00e1rsas\u00e1gnak a Web\u00e1ruh\u00e1zban t\u00f6rt\u00e9nt v\u00e1s\u00e1rl\u00e1sokb\u00f3l ered\u0151 valamennyi fenn\u00e1ll\u00f3 k\u00f6telezetts\u00e9g\u00e9t. A v\u00e1llalat a regisztr\u00e1ci\u00f3 t\u00f6rl\u00e9se eset\u00e9n is v\u00e9di a szem\u00e9lyes adatok titkoss\u00e1g\u00e1t \u00e9s az online \u00e1ruh\u00e1z felhaszn\u00e1l\u00f3inak mag\u00e1n\u00e9let\u00e9t a jelen adatv\u00e9delmi szab\u00e1lyzat hat\u00e1lya alatt.<\/p>\n<p>Az inform\u00e1ci\u00f3hoz \u00e9s a t\u00f6rl\u00e9shez val\u00f3 jog<\/p>\n<p>\u00d6nnek joga van ahhoz, hogy t\u00e1j\u00e9koztat\u00e1st kapjon az \u00d6nr\u0151l t\u00e1rolt szem\u00e9lyes adatokr\u00f3l, valamint joga van ahhoz, hogy ezeket az adatokat t\u00f6r\u00f6ltesse. Ha b\u00e1rmilyen k\u00e9rd\u00e9se van az adatai t\u00f6rl\u00e9s\u00e9vel, feldolgoz\u00e1s\u00e1val vagy felhaszn\u00e1l\u00e1s\u00e1val kapcsolatban, k\u00e9rj\u00fck, forduljon a info@foto-simonka.si c\u00edmre, vagy k\u00fcldj\u00f6n nek\u00fcnk postai \u00faton k\u00e9relmet.<\/p>\n<p>\u00c9rtes\u00edt\u00e9sek a rendel\u00e9s \u00e1llapot\u00e1r\u00f3l: Fenntartjuk a jogot, hogy sms-ben \u00e9rtes\u00edts\u00fck \u00d6nt a rendel\u00e9si folyamat sor\u00e1n megadott telefonsz\u00e1mon, ha a rendel\u00e9s\u00e9t elk\u00fcldt\u00fck, vagy ha az k\u00e9szen \u00e1ll a szem\u00e9lyes \u00e1tv\u00e9telre. Ha a t\u00e9teleket t\u00f6bb mint 5 napig nem vett\u00e9k \u00e1t szem\u00e9lyesen, fenntartjuk a jogot, hogy a megadott telefonsz\u00e1mon felh\u00edvjuk a t\u00e9telek \u00e1tv\u00e9tel\u00e9re val\u00f3 felsz\u00f3l\u00edt\u00e1s c\u00e9lj\u00e1b\u00f3l.<\/p>\n<p>\u00c9rtes\u00edt\u00e9sek: Ha \u00d6n feliratkozott az \u00e9rtes\u00edt\u00e9sekre, az \u00d6n nev\u00e9t, telefonsz\u00e1m\u00e1t \u00e9s e-mail c\u00edm\u00e9t az \u00d6n enged\u00e9ly\u00e9vel rekl\u00e1mc\u00e9lokra haszn\u00e1ljuk, am\u00edg le nem iratkozik az \u00e9rtes\u00edt\u00e9sekr\u0151l. \u00d6n csak akkor van feliratkozva az \u00e9rtes\u00edt\u00e9sek fogad\u00e1s\u00e1ra, ha a rendel\u00e9s lead\u00e1sakor bejel\u00f6lte az \u00e9rtes\u00edt\u00e9sekre val\u00f3 feliratkoz\u00e1st lehet\u0151v\u00e9 tev\u0151 speci\u00e1lis n\u00e9gyzetet.<\/p>\n<p>B\u00e1rmikor leiratkozhat a info@foto-simonka.si e-mail c\u00edmre k\u00fcld\u00f6tt e-mailben, vagy a prom\u00f3ci\u00f3s e-mailek alj\u00e1n tal\u00e1lhat\u00f3 &#8222;Leiratkoz\u00e1s&#8221; linkre kattintva.<\/p>\n<p>Minden olyan szem\u00e9ly, akinek szem\u00e9lyes adatait a szolg\u00e1ltat\u00f3 gy\u0171jti, t\u00e1rolja \u00e9s feldolgozza, az adatokkal kapcsolatban a k\u00f6vetkez\u0151 jogokkal rendelkezik:<\/p>\n<p>&#8211; Az elfeledtet\u00e9shez val\u00f3 jog &#8211; ha az \u00e9rintett a tov\u00e1bbiakban nem k\u00edv\u00e1nja, hogy szem\u00e9lyes adatait az adatfeldolgoz\u00f3 t\u00e1rolja \u00e9s feldolgozza, \u00e9s felt\u00e9ve, hogy a tov\u00e1bbi t\u00e1rol\u00e1snak nincs jogos indoka, b\u00e1rmikor k\u00e9rheti az adatfeldolgoz\u00f3t\u00f3l adatai t\u00f6rl\u00e9s\u00e9t.<br \/>\n&#8211; A szem\u00e9lyes adatok meg\u0151rz\u00e9s\u00e9nek id\u0151tartam\u00e1hoz val\u00f3 jog.<br \/>\n&#8211; A helyesb\u00edt\u00e9s, t\u00f6rl\u00e9s vagy panasz beny\u00fajt\u00e1s\u00e1nak joga.<br \/>\n&#8211; Az adathordozhat\u00f3s\u00e1ghoz val\u00f3 jog &#8211; az \u00e9rintett k\u00e9rheti, hogy az adatfeldolgoz\u00f3 az \u00e1ltala az adatkezel\u0151 rendelkez\u00e9s\u00e9re bocs\u00e1tott, r\u00e1 vonatkoz\u00f3 szem\u00e9lyes adatokat tagolt, sz\u00e9les k\u00f6rben haszn\u00e1lt \u00e9s g\u00e9ppel olvashat\u00f3 form\u00e1tumban bocs\u00e1ssa rendelkez\u00e9s\u00e9re.<br \/>\n&#8211; Jogorvoslathoz \u00e9s szankci\u00f3khoz val\u00f3 jog &#8211; az egy\u00e9nnek joga van panaszt tenni a fel\u00fcgyeleti hat\u00f3s\u00e1gn\u00e1l, valamint joga van a fel\u00fcgyeleti hat\u00f3s\u00e1g d\u00f6nt\u00e9se elleni jogorvoslathoz, illetve a fel\u00fcgyeleti hat\u00f3s\u00e1g t\u00e9tlens\u00e9ge eset\u00e9n k\u00e1rt\u00e9r\u00edt\u00e9shez \u00e9s felel\u0151ss\u00e9gre von\u00e1shoz.<br \/>\n&#8211; Az ahhoz val\u00f3 jog, hogy ne legyenek kit\u00e9ve kiz\u00e1r\u00f3lag profilalkot\u00e1son, elemz\u00e9sen vagy el\u0151rejelz\u00e9seken alapul\u00f3, automatiz\u00e1lt feldolgoz\u00e1si eszk\u00f6z\u00f6kkel v\u00e9gzett int\u00e9zked\u00e9seknek.<br \/>\n&#8211; A hozz\u00e1j\u00e1rul\u00e1s visszavon\u00e1s\u00e1hoz val\u00f3 jog &#8211; az \u00e9rintettnek joga van ahhoz, hogy visszavonja a szem\u00e9lyes adatok tov\u00e1bbi feldolgoz\u00e1s\u00e1hoz adott hozz\u00e1j\u00e1rul\u00e1s\u00e1t, k\u00fcl\u00f6n\u00f6sen k\u00f6zvetlen \u00fczletszerz\u00e9s eset\u00e9n.<\/p>\n<h3>A jogok gyakorl\u00e1s\u00e1ra vonatkoz\u00f3 elj\u00e1r\u00e1s<\/h3>\n<p>Tudom\u00e1sul veszem, hogy a szem\u00e9lyes adatokkal kapcsolatos jogaim gyakorl\u00e1s\u00e1ra vonatkoz\u00f3 fenti k\u00e9r\u00e9seimet \u00edr\u00e1sban, az adatkezel\u0151h\u00f6z int\u00e9zhetem a info@foto-simonka.si e-mail c\u00edmen.<br \/>\nTudom\u00e1sul veszem, hogy az adatkezel\u0151 a szem\u00e9lyes adatokkal kapcsolatos jogaim gyakorl\u00e1sa \u00e9rdek\u00e9ben a megb\u00edzhat\u00f3 azonos\u00edt\u00e1s \u00e9rdek\u00e9ben tov\u00e1bbi adatokat k\u00e9rhet t\u0151lem, de az adatkezel\u0151 csak akkor tagadhatja meg az int\u00e9zked\u00e9st, ha bizony\u00edtja, hogy nem tud megb\u00edzhat\u00f3an azonos\u00edtani.<br \/>\nTudom\u00e1sul veszem, hogy az adatkezel\u0151nek indokolatlan k\u00e9sedelem n\u00e9lk\u00fcl, de legk\u00e9s\u0151bb a k\u00e9relem k\u00e9zhezv\u00e9tel\u00e9t\u0151l sz\u00e1m\u00edtott egy h\u00f3napon bel\u00fcl v\u00e1laszolnia kell a fent eml\u00edtett szem\u00e9lyes adatokkal kapcsolatos jogaim gyakorl\u00e1s\u00e1ra ir\u00e1nyul\u00f3 k\u00e9relmemre.<\/p>\n<p>A v\u00e1llalat az \u00e9rintett szem\u00e9lyes adatait mindaddig meg\u0151rzi, am\u00edg az \u00e9rintett adatainak t\u00e1rol\u00e1s\u00e1hoz \u00e9s feldolgoz\u00e1s\u00e1hoz adott hozz\u00e1j\u00e1rul\u00e1s\u00e1t vissza nem vonja. A Felhaszn\u00e1l\u00f3 visszavonhatja az elektronikus kommunik\u00e1ci\u00f3 fogad\u00e1s\u00e1ra vonatkoz\u00f3 hozz\u00e1j\u00e1rul\u00e1s\u00e1t (a Szolg\u00e1ltat\u00f3hoz a info@foto-simonka.si c\u00edmre k\u00fcld\u00f6tt \u00edr\u00e1sbeli k\u00e9relemmel), vagy k\u00e9rheti, hogy a T\u00e1rsas\u00e1g halad\u00e9ktalanul, t\u00e9nylegesen \u00e9s v\u00e9glegesen t\u00f6r\u00f6lje a Felhaszn\u00e1l\u00f3 szem\u00e9lyes adatait az\u00e1ltal, hogy a Felhaszn\u00e1l\u00f3nak a Szolg\u00e1ltat\u00f3n\u00e1l l\u00e9v\u0151 felhaszn\u00e1l\u00f3i profilj\u00e1t teljes eg\u00e9sz\u00e9ben t\u00f6rli.<\/p>\n<p>A v\u00e1llalat k\u00f6teles a szem\u00e9lyes adatok v\u00e9delm\u00e9re vonatkoz\u00f3 el\u0151\u00edr\u00e1soknak megfelel\u0151en v\u00e9deni az online \u00e1ruh\u00e1za felhaszn\u00e1l\u00f3inak szem\u00e9lyes adatait. A V\u00e1llalat semmilyen k\u00f6r\u00fclm\u00e9nyek k\u00f6z\u00f6tt nem adja ki a Felhaszn\u00e1l\u00f3 szem\u00e9lyes adatait vagy szem\u00e9lyes inform\u00e1ci\u00f3it a Felhaszn\u00e1l\u00f3 kifejezett enged\u00e9lye n\u00e9lk\u00fcl. a felhaszn\u00e1l\u00f3 egy\u00e9b adatait harmadik f\u00e9lnek, vagy. nem engedi, hogy harmadik f\u00e9l hozz\u00e1f\u00e9rjen az \u00d6n szem\u00e9lyes adataihoz vagy. a felhaszn\u00e1l\u00f3 egy\u00e9b adatai, kiv\u00e9ve, ha erre hat\u00f3s\u00e1gi k\u00f6telez\u00e9s, t\u00f6rv\u00e9ny \u00e1ltal el\u0151\u00edrt k\u00f6telezetts\u00e9g vagy j\u00f3hiszem\u0171 meggy\u0151z\u0151d\u00e9s alapj\u00e1n b\u00edr\u00f3s\u00e1gi vagy m\u00e1s hat\u00f3s\u00e1gi elj\u00e1r\u00e1shoz, illetve a v\u00e1llalat jogos \u00e9rdekeinek v\u00e9delme \u00e9s \u00e9rv\u00e9nyes\u00edt\u00e9se \u00e9rdek\u00e9ben van sz\u00fcks\u00e9g.<\/p>\n<p>A felhaszn\u00e1l\u00f3 \u00e1ltal az online \u00e1ruh\u00e1zba val\u00f3 bejelentkez\u00e9skor, valamint a term\u00e9kek megv\u00e1s\u00e1rl\u00e1s\u00e1nak megrendel\u00e9sekor megadott valamennyi szem\u00e9lyes \u00e9s egy\u00e9b adat, bele\u00e9rtve a megrendel\u00e9sek tartalm\u00e1t is, a szem\u00e9lyes adatok v\u00e9delm\u00e9re vonatkoz\u00f3 el\u0151\u00edr\u00e1soknak megfelel\u0151en ker\u00fcl v\u00e9delemre. A v\u00e1llalat nem haszn\u00e1lja fel ezeket az inform\u00e1ci\u00f3kat olyan c\u00e9lokra, amelyek b\u00e1rmilyen m\u00f3don k\u00e1ros\u00edtan\u00e1k a felhaszn\u00e1l\u00f3t vagy b\u00e1rmely m\u00e1s \u00e9rintett szem\u00e9lyt. A V\u00e1llalat nem haszn\u00e1lja fel a Felhaszn\u00e1l\u00f3 adatait prom\u00f3ci\u00f3s e-mailek vagy m\u00e1s k\u00e9retlen rekl\u00e1manyagok k\u00fcld\u00e9s\u00e9re, kiv\u00e9ve azon prom\u00f3ci\u00f3s \u00e9rtes\u00edt\u00e9sek k\u00fcld\u00e9s\u00e9t, amelyekre a Felhaszn\u00e1l\u00f3 feliratkozott, vagy amelyekre a Felhaszn\u00e1l\u00f3 nem iratkozott fel. amelyhez kifejezetten hozz\u00e1j\u00e1rul. A v\u00e1llalat az adatokat anonimiz\u00e1lt, \u00f6sszes\u00edtett form\u00e1ban statisztikai elemz\u00e9si c\u00e9lokra haszn\u00e1lhatja fel. A felhaszn\u00e1l\u00f3k szem\u00e9lyes \u00e9s egy\u00e9b adatainak bizalmas kezel\u00e9se semmilyen m\u00f3don nem s\u00e9r\u00fcl.<\/p>\n<p>A v\u00e1llalat a felhaszn\u00e1l\u00f3k szem\u00e9lyes adatait a szem\u00e9lyes adat\u00e1llom\u00e1nyban csak addig \u0151rzi meg, ameddig az felt\u00e9tlen\u00fcl sz\u00fcks\u00e9ges a szem\u00e9lyes adatok gy\u0171jt\u00e9s\u00e9nek \u00e9s t\u00e1rol\u00e1s\u00e1nak c\u00e9lj\u00e1hoz.<\/p>\n<p>A k\u00e9zbes\u00edt\u0151szolg\u00e1lat csak az online \u00e1ruh\u00e1zban v\u00e1s\u00e1rolt term\u00e9kek kisz\u00e1ll\u00edt\u00e1s\u00e1hoz sz\u00fcks\u00e9ges adatokat kapja meg (a c\u00edmzett adatai \u00e9s a sz\u00e1ll\u00edt\u00e1si c\u00edm). A v\u00e1llalat e-mailben veszi fel a kapcsolatot a felhaszn\u00e1l\u00f3val, ha az online \u00e1ruh\u00e1zban t\u00f6rt\u00e9n\u0151 v\u00e1s\u00e1rl\u00e1s befejez\u00e9s\u00e9hez sz\u00fcks\u00e9ges, \u00e9s csak akkor, ha a regisztr\u00e1ci\u00f3 vagy a v\u00e1s\u00e1rl\u00e1s folyamatban van. probl\u00e9m\u00e1i vannak az online \u00e1ruh\u00e1zban t\u00f6rt\u00e9n\u0151 v\u00e1s\u00e1rl\u00e1ssal kapcsolatban.<\/p>\n<\/div>\n<\/div>\n<\/div>\n<\/div>\n<\/div>\n<\/div>\n\t\t<\/div>\n\t\t[\/vc_column][\/vc_row]<\/p>\n<\/div>","protected":false},"excerpt":{"rendered":"<p>[vc_row][vc_column][vc_custom_heading text=&#8221;A SZEM\u00c9LYES ADATOK V\u00c9DELME&#8221; use_theme_fonts=&#8221;yes&#8221;][vc_separator wd_hide_on_desktop=&#8221;no&#8221; wd_hide_on_tablet=&#8221;no&#8221; wd_hide_on_mobile=&#8221;no&#8221;][\/vc_column][\/vc_row][vc_row][vc_column][\/vc_column][\/vc_row]<\/p>\n","protected":false},"author":1,"featured_media":0,"parent":0,"menu_order":0,"comment_status":"closed","ping_status":"closed","template":"","meta":{"footnotes":""},"yoast_head":"<!-- This site is optimized with the Yoast SEO Premium plugin v23.5 (Yoast SEO v24.5) - https:\/\/yoast.com\/wordpress\/plugins\/seo\/ -->\n<title>Szem\u00e9lyes adatok - in memoriam<\/title>\n<meta name=\"robots\" content=\"index, follow, max-snippet:-1, max-image-preview:large, max-video-preview:-1\" \/>\n<link rel=\"canonical\" href=\"https:\/\/in-memoriam.si\/hu\/szemelyes-adatok\/\" \/>\n<meta property=\"og:locale\" content=\"hu_HU\" \/>\n<meta property=\"og:type\" content=\"article\" \/>\n<meta property=\"og:title\" content=\"Szem\u00e9lyes adatok\" \/>\n<meta property=\"og:description\" content=\"[vc_row][vc_column][vc_custom_heading text=&#8221;A SZEM\u00c9LYES ADATOK V\u00c9DELME&#8221; use_theme_fonts=&#8221;yes&#8221;][vc_separator wd_hide_on_desktop=&#8221;no&#8221; wd_hide_on_tablet=&#8221;no&#8221; wd_hide_on_mobile=&#8221;no&#8221;][\/vc_column][\/vc_row][vc_row][vc_column][\/vc_column][\/vc_row]\" \/>\n<meta property=\"og:url\" content=\"https:\/\/in-memoriam.si\/hu\/szemelyes-adatok\/\" \/>\n<meta property=\"og:site_name\" content=\"in memoriam\" \/>\n<meta property=\"article:publisher\" content=\"https:\/\/www.facebook.com\/FotoSimonka\" \/>\n<meta property=\"article:modified_time\" content=\"2024-05-11T21:25:50+00:00\" \/>\n<meta property=\"og:image\" content=\"https:\/\/in-memoriam.si\/wp-content\/uploads\/2024\/05\/inmemoriam-014.webp\" \/>\n\t<meta property=\"og:image:width\" content=\"2200\" \/>\n\t<meta property=\"og:image:height\" content=\"1257\" \/>\n\t<meta property=\"og:image:type\" content=\"image\/webp\" \/>\n<meta name=\"twitter:card\" content=\"summary_large_image\" \/>\n<meta name=\"twitter:label1\" content=\"Becs\u00fclt olvas\u00e1si id\u0151\" \/>\n\t<meta name=\"twitter:data1\" content=\"11 perc\" \/>\n<script type=\"application\/ld+json\" class=\"yoast-schema-graph\">{\"@context\":\"https:\/\/schema.org\",\"@graph\":[{\"@type\":\"WebPage\",\"@id\":\"https:\/\/in-memoriam.si\/hu\/szemelyes-adatok\/\",\"url\":\"https:\/\/in-memoriam.si\/hu\/szemelyes-adatok\/\",\"name\":\"Szem\u00e9lyes adatok - in memoriam\",\"isPartOf\":{\"@id\":\"https:\/\/in-memoriam.si\/hu\/#website\"},\"datePublished\":\"2024-04-09T19:42:49+00:00\",\"dateModified\":\"2024-05-11T21:25:50+00:00\",\"breadcrumb\":{\"@id\":\"https:\/\/in-memoriam.si\/hu\/szemelyes-adatok\/#breadcrumb\"},\"inLanguage\":\"hu\",\"potentialAction\":[{\"@type\":\"ReadAction\",\"target\":[\"https:\/\/in-memoriam.si\/hu\/szemelyes-adatok\/\"]}]},{\"@type\":\"BreadcrumbList\",\"@id\":\"https:\/\/in-memoriam.si\/hu\/szemelyes-adatok\/#breadcrumb\",\"itemListElement\":[{\"@type\":\"ListItem\",\"position\":1,\"name\":\"Home\",\"item\":\"https:\/\/in-memoriam.si\/hu\/in-memoriam\/\"},{\"@type\":\"ListItem\",\"position\":2,\"name\":\"Szem\u00e9lyes adatok\"}]},{\"@type\":\"WebSite\",\"@id\":\"https:\/\/in-memoriam.si\/hu\/#website\",\"url\":\"https:\/\/in-memoriam.si\/hu\/\",\"name\":\"in memoriam - v spomin\",\"description\":\"spomini na na&scaron;e drage pokojne\",\"publisher\":{\"@id\":\"https:\/\/in-memoriam.si\/hu\/#organization\"},\"alternateName\":\"Plo\u0161\u010dice s QR kodo\",\"potentialAction\":[{\"@type\":\"SearchAction\",\"target\":{\"@type\":\"EntryPoint\",\"urlTemplate\":\"https:\/\/in-memoriam.si\/hu\/?s={search_term_string}\"},\"query-input\":{\"@type\":\"PropertyValueSpecification\",\"valueRequired\":true,\"valueName\":\"search_term_string\"}}],\"inLanguage\":\"hu\"},{\"@type\":\"Organization\",\"@id\":\"https:\/\/in-memoriam.si\/hu\/#organization\",\"name\":\"in memoriam\",\"url\":\"https:\/\/in-memoriam.si\/hu\/\",\"logo\":{\"@type\":\"ImageObject\",\"inLanguage\":\"hu\",\"@id\":\"https:\/\/in-memoriam.si\/hu\/#\/schema\/logo\/image\/\",\"url\":\"https:\/\/in-memoriam.si\/wp-content\/uploads\/2024\/04\/inmemoriam-web-logo.webp\",\"contentUrl\":\"https:\/\/in-memoriam.si\/wp-content\/uploads\/2024\/04\/inmemoriam-web-logo.webp\",\"width\":300,\"height\":50,\"caption\":\"in memoriam\"},\"image\":{\"@id\":\"https:\/\/in-memoriam.si\/hu\/#\/schema\/logo\/image\/\"},\"sameAs\":[\"https:\/\/www.facebook.com\/FotoSimonka\"]}]}<\/script>\n<!-- \/ Yoast SEO Premium plugin. -->","yoast_head_json":{"title":"Szem\u00e9lyes adatok - in memoriam","robots":{"index":"index","follow":"follow","max-snippet":"max-snippet:-1","max-image-preview":"max-image-preview:large","max-video-preview":"max-video-preview:-1"},"canonical":"https:\/\/in-memoriam.si\/hu\/szemelyes-adatok\/","og_locale":"hu_HU","og_type":"article","og_title":"Szem\u00e9lyes adatok","og_description":"[vc_row][vc_column][vc_custom_heading text=&#8221;A SZEM\u00c9LYES ADATOK V\u00c9DELME&#8221; use_theme_fonts=&#8221;yes&#8221;][vc_separator wd_hide_on_desktop=&#8221;no&#8221; wd_hide_on_tablet=&#8221;no&#8221; wd_hide_on_mobile=&#8221;no&#8221;][\/vc_column][\/vc_row][vc_row][vc_column][\/vc_column][\/vc_row]","og_url":"https:\/\/in-memoriam.si\/hu\/szemelyes-adatok\/","og_site_name":"in memoriam","article_publisher":"https:\/\/www.facebook.com\/FotoSimonka","article_modified_time":"2024-05-11T21:25:50+00:00","og_image":[{"width":2200,"height":1257,"url":"https:\/\/in-memoriam.si\/wp-content\/uploads\/2024\/05\/inmemoriam-014.webp","type":"image\/webp"}],"twitter_card":"summary_large_image","twitter_misc":{"Becs\u00fclt olvas\u00e1si id\u0151":"11 perc"},"schema":{"@context":"https:\/\/schema.org","@graph":[{"@type":"WebPage","@id":"https:\/\/in-memoriam.si\/hu\/szemelyes-adatok\/","url":"https:\/\/in-memoriam.si\/hu\/szemelyes-adatok\/","name":"Szem\u00e9lyes adatok - in memoriam","isPartOf":{"@id":"https:\/\/in-memoriam.si\/hu\/#website"},"datePublished":"2024-04-09T19:42:49+00:00","dateModified":"2024-05-11T21:25:50+00:00","breadcrumb":{"@id":"https:\/\/in-memoriam.si\/hu\/szemelyes-adatok\/#breadcrumb"},"inLanguage":"hu","potentialAction":[{"@type":"ReadAction","target":["https:\/\/in-memoriam.si\/hu\/szemelyes-adatok\/"]}]},{"@type":"BreadcrumbList","@id":"https:\/\/in-memoriam.si\/hu\/szemelyes-adatok\/#breadcrumb","itemListElement":[{"@type":"ListItem","position":1,"name":"Home","item":"https:\/\/in-memoriam.si\/hu\/in-memoriam\/"},{"@type":"ListItem","position":2,"name":"Szem\u00e9lyes adatok"}]},{"@type":"WebSite","@id":"https:\/\/in-memoriam.si\/hu\/#website","url":"https:\/\/in-memoriam.si\/hu\/","name":"in memoriam - v spomin","description":"spomini na na&scaron;e drage pokojne","publisher":{"@id":"https:\/\/in-memoriam.si\/hu\/#organization"},"alternateName":"Plo\u0161\u010dice s QR kodo","potentialAction":[{"@type":"SearchAction","target":{"@type":"EntryPoint","urlTemplate":"https:\/\/in-memoriam.si\/hu\/?s={search_term_string}"},"query-input":{"@type":"PropertyValueSpecification","valueRequired":true,"valueName":"search_term_string"}}],"inLanguage":"hu"},{"@type":"Organization","@id":"https:\/\/in-memoriam.si\/hu\/#organization","name":"in memoriam","url":"https:\/\/in-memoriam.si\/hu\/","logo":{"@type":"ImageObject","inLanguage":"hu","@id":"https:\/\/in-memoriam.si\/hu\/#\/schema\/logo\/image\/","url":"https:\/\/in-memoriam.si\/wp-content\/uploads\/2024\/04\/inmemoriam-web-logo.webp","contentUrl":"https:\/\/in-memoriam.si\/wp-content\/uploads\/2024\/04\/inmemoriam-web-logo.webp","width":300,"height":50,"caption":"in memoriam"},"image":{"@id":"https:\/\/in-memoriam.si\/hu\/#\/schema\/logo\/image\/"},"sameAs":["https:\/\/www.facebook.com\/FotoSimonka"]}]}},"_links":{"self":[{"href":"https:\/\/in-memoriam.si\/hu\/wp-json\/wp\/v2\/pages\/2254"}],"collection":[{"href":"https:\/\/in-memoriam.si\/hu\/wp-json\/wp\/v2\/pages"}],"about":[{"href":"https:\/\/in-memoriam.si\/hu\/wp-json\/wp\/v2\/types\/page"}],"author":[{"embeddable":true,"href":"https:\/\/in-memoriam.si\/hu\/wp-json\/wp\/v2\/users\/1"}],"replies":[{"embeddable":true,"href":"https:\/\/in-memoriam.si\/hu\/wp-json\/wp\/v2\/comments?post=2254"}],"version-history":[{"count":0,"href":"https:\/\/in-memoriam.si\/hu\/wp-json\/wp\/v2\/pages\/2254\/revisions"}],"wp:attachment":[{"href":"https:\/\/in-memoriam.si\/hu\/wp-json\/wp\/v2\/media?parent=2254"}],"curies":[{"name":"wp","href":"https:\/\/api.w.org\/{rel}","templated":true}]}}